{"id":32648,"date":"2025-01-08T14:43:21","date_gmt":"2025-01-08T12:43:21","guid":{"rendered":"https:\/\/origon-eu.com\/product\/vanjska-i-unutarnja-bezicna-kamera-digicam\/"},"modified":"2025-03-13T01:11:50","modified_gmt":"2025-03-12T23:11:50","slug":"vanjska-i-unutarnja-bezicna-kamera-digicam","status":"publish","type":"product","link":"https:\/\/origon-eu.com\/cz\/product\/vanjska-i-unutarnja-bezicna-kamera-digicam\/","title":{"rendered":"Venkovn\u00ed a vnit\u0159n\u00ed bezdr\u00e1tov\u00e1 kamera | DIGICAM"},"content":{"rendered":"<p style=\"text-align: center;\"><strong>V\u017edy m\u011bjte sv\u016fj telefon pod kontrolou<\/strong><\/p>\n<p style=\"text-align: center;\">Kamera ode\u0161le alarmovou zpr\u00e1vu do va\u0161eho smartphonu a ulo\u017e\u00ed aktivity n\u00e1v\u0161t\u011bvn\u00edk\u016f na pam\u011b\u0165ovou kartu, abyste je mohli pozd\u011bji zkontrolovat.<\/p>\n<p style=\"text-align: center;\"><strong><a href=\"https:\/\/origon-eu.com\/wp-content\/uploads\/2025\/01\/ezgif.com-video-to-gif -converter-3.gif\"><img decoding=\"async\" class=\"aligncenter wp-image-32317 size-full\" src=\"https:\/\/origon-eu.com\/wp-content\/uploads\/2025\/01\/ezgif.com-video-to-gif-converter-3.gif\" alt=\"\" width=\"400\" height= \"270\" \/><\/a>M\u011bjte o\u010di v ka\u017ed\u00e9m rohu va\u0161eho domova nebo kancel\u00e1\u0159e<\/strong><\/p>\n<p style=\"text-align: center;\">Panoramatick\u00e9 zobrazen\u00ed v\u00e1m umo\u017en\u00ed vid\u011bt v\u0161e, co se d\u011bje uvnit\u0159 nebo vn\u011b va\u0161eho domova. M\u016f\u017ee b\u00fdt tak\u00e9 pou\u017eit jako d\u011btsk\u00e1 kamera.<\/p>\n<p style=\"text-align: center;\"><strong><a href=\"https:\/\/origon-eu.com\/wp-content\/uploads\/2025\/01\/ezgif.com-video-to-gif -converter-4.gif\"><img decoding=\"async\" class=\"size-full wp-image-32337 aligncenter\" src=\"https:\/\/origon-eu.com\/wp-content\/uploads\/2025\/01\/ezgif.com-video-to-gif-converter-4.gif\" alt=\"\" width=\"680\" height= \"382\" \/><\/a>Chytr\u00e9 p\u0159ipojen\u00ed Wi-Fi<\/strong><\/p>\n<p style=\"text-align: center;\">Snadno se p\u0159ipoj\u00ed k va\u0161\u00ed dom\u00e1c\u00ed nebo kancel\u00e1\u0159sk\u00e9 WiFi s\u00edti, co\u017e v\u00e1m umo\u017en\u00ed p\u0159istupovat k videu odkudkoli s p\u0159ipojen\u00edm k internetu. D\u00edky intuitivn\u00ed aplikaci dostupn\u00e9 pro iOS i Android m\u016f\u017eete sledovat video v re\u00e1ln\u00e9m \u010dase.<\/p>\n<p style=\"text-align: center;\"><a href=\"https:\/\/origon-eu.com\/wp-content\/uploads\/2025\/01\/DIGICAM23859-HR__8f95f165.webp\"><img fetchpriority=\"high\" decoding=\"async\" class=\" alignnone wp-image-32152 size-full\" src=\"https:\/\/origon-eu.com\/wp-content\/uploads\/2025\/01\/DIGICAM23859-HR__8f95f165.webp\" alt=\"\" width=\"600\" height=\"600\" srcset=\"https:\/\/origon-eu.com\/wp-content\/uploads\/2025\/01\/DIGICAM23859-HR__8f95f165.webp 600w, https:\/\/origon-eu.com\/wp-content\/uploads\/2025\/01\/DIGICAM23859-HR__8f95f165-300x300.webp 300w, https:\/\/origon-eu.com\/wp-content\/uploads\/2025\/01\/DIGICAM23859-HR__8f95f165-150x150.webp 150w\" sizes=\"(max-width: 600px) 100vw, 600px\" \/><\/a>< \/p><\/p>\n<p style=\"text-align: center;\"><strong>Poslouchejte a chatujte prost\u0159ednictv\u00edm kamery<\/strong><\/p>\n<p style=\"text-align: center;\">Vestav\u011bn\u00fd responzivn\u00ed mikrofon na venkovn\u00ed bezpe\u010dnostn\u00ed kame\u0159e, d\u00edky kter\u00e9mu m\u016f\u017eete poslouchat a mluvit prost\u0159ednictv\u00edm na\u0161\u00ed aplikace. Obousm\u011brn\u00fd zvuk v\u00e1m umo\u017en\u00ed komunikovat s p\u0159\u00e1teli a alarm detekce pohybu v\u00e1m umo\u017en\u00ed zbavit se necht\u011bn\u00fdch host\u016f nebo zv\u00ed\u0159at.<\/p>\n<p style=\"text-align: center;\"><a href=\"https:\/\/origon-eu.com\/wp-content\/uploads\/2025\/01\/DIGICAM24618-HR__97ff47bf.webp\"><img decoding=\"async\" class=\" alignnone wp-image-32162 size-full\" src=\"https:\/\/origon-eu.com\/wp-content\/uploads\/2025\/01\/DIGICAM24618-HR__97ff47bf.webp\" alt=\"\" width=\"600\" height=\"600\" srcset=\"https:\/\/origon-eu.com\/wp-content\/uploads\/2025\/01\/DIGICAM24618-HR__97ff47bf.webp 600w, https:\/\/origon-eu.com\/wp-content\/uploads\/2025\/01\/DIGICAM24618-HR__97ff47bf-300x300.webp 300w, https:\/\/origon-eu.com\/wp-content\/uploads\/2025\/01\/DIGICAM24618-HR__97ff47bf-150x150.webp 150w\" sizes=\"(max-width: 600px) 100vw, 600px\" \/><\/a>< \/p><\/p>\n<p style=\"text-align: center;\"><strong>Ovl\u00e1dejte sm\u011br pomoc\u00ed mobiln\u00edho telefonu<\/strong><\/p>\n<p style=\"text-align: center;\">Poskytuje 320\u00b0 horizont\u00e1ln\u00ed a 110\u00b0 vertik\u00e1ln\u00ed rotaci, kter\u00e1 m\u016f\u017ee pokr\u00fdt v\u0161echny oblasti. 4x digit\u00e1ln\u00ed zoom v\u00e1m umo\u017e\u0148uje p\u0159ibl\u00ed\u017eit, abyste vid\u011bli vzd\u00e1len\u00e9 objekty podrobn\u011bji, nebo odd\u00e1lit, abyste z\u00edskali \u0161ir\u0161\u00ed a v\u011bt\u0161\u00ed pohled.<\/p>\n<p style=\"text-align: center;\"><a href=\"https:\/\/origon-eu.com\/wp-content\/uploads\/2025\/01\/DIGICAM28157-HR__931cbf63.webp\"><img decoding=\"async\" class=\" alignnone wp-image-32182 size-full\" src=\"https:\/\/origon-eu.com\/wp-content\/uploads\/2025\/01\/DIGICAM28157-HR__931cbf63.webp\" alt=\"\" width=\"600\" height=\"600\" srcset=\"https:\/\/origon-eu.com\/wp-content\/uploads\/2025\/01\/DIGICAM28157-HR__931cbf63.webp 600w, https:\/\/origon-eu.com\/wp-content\/uploads\/2025\/01\/DIGICAM28157-HR__931cbf63-300x300.webp 300w, https:\/\/origon-eu.com\/wp-content\/uploads\/2025\/01\/DIGICAM28157-HR__931cbf63-150x150.webp 150w\" sizes=\"(max-width: 600px) 100vw, 600px\" \/><\/a>< \/p><\/p>\n<p style=\"text-align: center;\"><strong>V\u00fdstraha detekce pohybu<\/strong><\/p>\n<p style=\"text-align: center;\">P\u0159i ka\u017ed\u00e9m zji\u0161t\u011bn\u00ed pohybu budete dost\u00e1vat upozorn\u011bn\u00ed p\u0159\u00edmo z aplikace na v\u00e1\u0161 smartphone. \u017d\u00e1dn\u00fd lidsk\u00fd pohyb nem\u016f\u017ee z\u016fstat bez hl\u00e1\u0161en\u00ed. Nemus\u00edte se st\u00e1le d\u00edvat na videa!<\/p>\n<p style=\"text-align: center;\"><picture class=\"aligncenter size-full wp-image-633402\"><source srcset=\"https:\/\/vigoshop.hr\/app\/uploads\/2019\/11\/ digicam-14.webp\" type=\"image\/webp\" data-srcset=\"https:\/\/vigoshop.hr\/app\/uploads\/2019\/11\/digicam-14.webp\" \/><\/picture><a href=\"https:\/\/origon-eu.com\/wp- content\/uploads\/2025\/01\/digicam-14.webp\"><img loading=\"lazy\" decoding=\"async\" class=\"alignnone size-full wp-image-32172\" src=\"https:\/\/origon-eu.com\/wp-content\/uploads\/2025\/01\/digicam-14.webp\" alt=\"\" width=\"600\" height=\"600\" srcset=\"https:\/\/origon-eu.com\/wp-content\/uploads\/2025\/01\/digicam-14.webp 600w, https:\/\/origon-eu.com\/wp-content\/uploads\/2025\/01\/digicam-14-300x300.webp 300w, https:\/\/origon-eu.com\/wp-content\/uploads\/2025\/01\/digicam-14-150x150.webp 150w\" sizes=\"(max-width: 600px) 100vw, 600px\" \/><\/a>< \/p><\/p>\n<p style=\"text-align: center;\"><strong>Odoln\u00fd v\u016f\u010di vod\u011b a prachu<\/strong><\/p>\n<p style=\"text-align: center;\">Kamera je vodot\u011bsn\u00e1, tak\u017ee ji lze um\u00edstit do jak\u00e9hokoli venkovn\u00edho rohu a funguje perfektn\u011b za ka\u017ed\u00e9ho po\u010das\u00ed.<\/p>\n<p style=\"text-align: center;\"><picture class=\"aligncenter size-full wp-image-633403\"><source srcset=\"https:\/\/vigoshop.hr\/app\/uploads\/2019\/11\/ digicam-3.webp\" type=\"image\/webp\" data-srcset=\"https:\/\/vigoshop.hr\/app\/uploads\/2019\/11\/digicam-3.webp\" \/><\/picture><a href=\"https:\/\/origon-eu.com\/wp- content\/uploads\/2025\/01\/digicam-3.webp\"><img loading=\"lazy\" decoding=\"async\" class=\"alignnone size-full wp-image-32192\" src=\"https:\/\/origon-eu.com\/wp-content\/uploads\/2025\/01\/digicam-3.webp\" alt=\"\" width=\"600\" height=\"600\" srcset=\"https:\/\/origon-eu.com\/wp-content\/uploads\/2025\/01\/digicam-3.webp 600w, https:\/\/origon-eu.com\/wp-content\/uploads\/2025\/01\/digicam-3-300x300.webp 300w, https:\/\/origon-eu.com\/wp-content\/uploads\/2025\/01\/digicam-3-150x150.webp 150w\" sizes=\"(max-width: 600px) 100vw, 600px\" \/><\/a>< \/p><\/p>\n<p style=\"text-align: center;\"><strong>Denn\u00ed a no\u010dn\u00ed barva<\/strong><\/p>\n<p style=\"text-align: center;\">Konfiguruje 3 \u0161iroko\u00fahl\u00e1 infra\u010derven\u00e1 sv\u011btla a 4 jasn\u00e1 LED sv\u011btla, tak\u017ee m\u016f\u017eete z\u00edskat barevn\u00e9 video pro no\u010dn\u00ed vid\u011bn\u00ed i ve tm\u011b.<\/p>\n","protected":false},"excerpt":{"rendered":"<ul>\n<li>Materi\u00e1l: ABS<\/li>\n<li>Dvosn\u00fd zvuk<\/li>\n<li>24\/7 kontinuirano snimanje<\/li>\n<li>Podr\u017euje a\u017e 128 GB mikro SD karty (nen\u00ed ukl\u00e1dan\u00e1)<\/li>\n<li>Visoka definice: 1080P (Full-HD)<\/li>\n<li>Boja: bijela<\/li>\n<\/ul>\n","protected":false},"featured_media":32214,"template":"","meta":[],"product_cat":[],"product_tag":[],"class_list":{"0":"post-32648","1":"product","2":"type-product","3":"status-publish","4":"has-post-thumbnail","7":"first","8":"instock","9":"sale","10":"shipping-taxable","11":"purchasable","12":"product-type-simple"},"yoast_head":"<!-- This site is optimized with the Yoast SEO plugin v24.2 - https:\/\/yoast.com\/wordpress\/plugins\/seo\/ -->\n<title>Venkovn\u00ed a vnit\u0159n\u00ed bezdr\u00e1tov\u00e1 kamera | DIGICAM - Origon EU<\/title>\n<meta name=\"robots\" content=\"index, follow, max-snippet:-1, max-image-preview:large, max-video-preview:-1\" \/>\n<link rel=\"canonical\" href=\"https:\/\/origon-eu.com\/cz\/product\/vanjska-i-unutarnja-bezicna-kamera-digicam\/\" \/>\n<meta property=\"og:locale\" content=\"en_US\" \/>\n<meta property=\"og:type\" content=\"article\" \/>\n<meta property=\"og:title\" content=\"Venkovn\u00ed a vnit\u0159n\u00ed bezdr\u00e1tov\u00e1 kamera | DIGICAM - Origon EU\" \/>\n<meta property=\"og:description\" content=\"Materi\u00e1l: ABS  Dvosn\u00fd zvuk  24\/7 kontinuirano snimanje  Podr\u017euje a\u017e 128 GB mikro SD karty (nen\u00ed ukl\u00e1dan\u00e1)  Visoka definice: 1080P (Full-HD)  Boja: bijela\" \/>\n<meta property=\"og:url\" content=\"https:\/\/origon-eu.com\/cz\/product\/vanjska-i-unutarnja-bezicna-kamera-digicam\/\" \/>\n<meta property=\"og:site_name\" content=\"Origon EU\" \/>\n<meta property=\"article:modified_time\" content=\"2025-03-12T23:11:50+00:00\" \/>\n<meta property=\"og:image\" content=\"https:\/\/origon-eu.com\/wp-content\/uploads\/2025\/01\/digicam-87939-1__d2765c98.jpg\" \/>\n\t<meta property=\"og:image:width\" content=\"600\" \/>\n\t<meta property=\"og:image:height\" content=\"600\" \/>\n\t<meta property=\"og:image:type\" content=\"image\/jpeg\" \/>\n<meta name=\"twitter:card\" content=\"summary_large_image\" \/>\n<meta name=\"twitter:label1\" content=\"Est. reading time\" \/>\n\t<meta name=\"twitter:data1\" content=\"3 minutes\" \/>\n<script type=\"application\/ld+json\" class=\"yoast-schema-graph\">{\"@context\":\"https:\/\/schema.org\",\"@graph\":[{\"@type\":\"WebPage\",\"@id\":\"https:\/\/origon-eu.com\/cz\/product\/vanjska-i-unutarnja-bezicna-kamera-digicam\/\",\"url\":\"https:\/\/origon-eu.com\/cz\/product\/vanjska-i-unutarnja-bezicna-kamera-digicam\/\",\"name\":\"Venkovn\u00ed a vnit\u0159n\u00ed bezdr\u00e1tov\u00e1 kamera | DIGICAM - Origon EU\",\"isPartOf\":{\"@id\":\"https:\/\/origon-eu.com\/#website\"},\"primaryImageOfPage\":{\"@id\":\"https:\/\/origon-eu.com\/cz\/product\/vanjska-i-unutarnja-bezicna-kamera-digicam\/#primaryimage\"},\"image\":{\"@id\":\"https:\/\/origon-eu.com\/cz\/product\/vanjska-i-unutarnja-bezicna-kamera-digicam\/#primaryimage\"},\"thumbnailUrl\":\"https:\/\/origon-eu.com\/wp-content\/uploads\/2025\/01\/digicam-87939-1__d2765c98.jpg\",\"datePublished\":\"2025-01-08T12:43:21+00:00\",\"dateModified\":\"2025-03-12T23:11:50+00:00\",\"breadcrumb\":{\"@id\":\"https:\/\/origon-eu.com\/cz\/product\/vanjska-i-unutarnja-bezicna-kamera-digicam\/#breadcrumb\"},\"inLanguage\":\"cz-CZ\",\"potentialAction\":[{\"@type\":\"ReadAction\",\"target\":[\"https:\/\/origon-eu.com\/cz\/product\/vanjska-i-unutarnja-bezicna-kamera-digicam\/\"]}]},{\"@type\":\"ImageObject\",\"inLanguage\":\"cz-CZ\",\"@id\":\"https:\/\/origon-eu.com\/cz\/product\/vanjska-i-unutarnja-bezicna-kamera-digicam\/#primaryimage\",\"url\":\"https:\/\/origon-eu.com\/wp-content\/uploads\/2025\/01\/digicam-87939-1__d2765c98.jpg\",\"contentUrl\":\"https:\/\/origon-eu.com\/wp-content\/uploads\/2025\/01\/digicam-87939-1__d2765c98.jpg\",\"width\":600,\"height\":600},{\"@type\":\"BreadcrumbList\",\"@id\":\"https:\/\/origon-eu.com\/cz\/product\/vanjska-i-unutarnja-bezicna-kamera-digicam\/#breadcrumb\",\"itemListElement\":[{\"@type\":\"ListItem\",\"position\":1,\"name\":\"Home\",\"item\":\"https:\/\/origon-eu.com\/\"},{\"@type\":\"ListItem\",\"position\":2,\"name\":\"Shop\",\"item\":\"https:\/\/origon-eu.com\/cz\/shop-2\/\"},{\"@type\":\"ListItem\",\"position\":3,\"name\":\"Venkovn\u00ed a vnit\u0159n\u00ed bezdr\u00e1tov\u00e1 kamera | DIGICAM\"}]},{\"@type\":\"WebSite\",\"@id\":\"https:\/\/origon-eu.com\/#website\",\"url\":\"https:\/\/origon-eu.com\/\",\"name\":\"Origon EU\",\"description\":\"Online Store\",\"publisher\":{\"@id\":\"https:\/\/origon-eu.com\/#organization\"},\"potentialAction\":[{\"@type\":\"SearchAction\",\"target\":{\"@type\":\"EntryPoint\",\"urlTemplate\":\"https:\/\/origon-eu.com\/?s={search_term_string}\"},\"query-input\":{\"@type\":\"PropertyValueSpecification\",\"valueRequired\":true,\"valueName\":\"search_term_string\"}}],\"inLanguage\":\"cz-CZ\"},{\"@type\":\"Organization\",\"@id\":\"https:\/\/origon-eu.com\/#organization\",\"name\":\"Origon EU\",\"url\":\"https:\/\/origon-eu.com\/\",\"logo\":{\"@type\":\"ImageObject\",\"inLanguage\":\"cz-CZ\",\"@id\":\"https:\/\/origon-eu.com\/#\/schema\/logo\/image\/\",\"url\":\"https:\/\/origon-eu.com\/wp-content\/uploads\/2024\/04\/Screenshot-2024-04-09-101814.png\",\"contentUrl\":\"https:\/\/origon-eu.com\/wp-content\/uploads\/2024\/04\/Screenshot-2024-04-09-101814.png\",\"width\":171,\"height\":59,\"caption\":\"Origon EU\"},\"image\":{\"@id\":\"https:\/\/origon-eu.com\/#\/schema\/logo\/image\/\"}}]}<\/script>\n<!-- \/ Yoast SEO plugin. -->","yoast_head_json":{"title":"Venkovn\u00ed a vnit\u0159n\u00ed bezdr\u00e1tov\u00e1 kamera | DIGICAM - Origon EU","robots":{"index":"index","follow":"follow","max-snippet":"max-snippet:-1","max-image-preview":"max-image-preview:large","max-video-preview":"max-video-preview:-1"},"canonical":"https:\/\/origon-eu.com\/cz\/product\/vanjska-i-unutarnja-bezicna-kamera-digicam\/","og_locale":"en_US","og_type":"article","og_title":"Venkovn\u00ed a vnit\u0159n\u00ed bezdr\u00e1tov\u00e1 kamera | DIGICAM - Origon EU","og_description":"Materi\u00e1l: ABS  Dvosn\u00fd zvuk  24\/7 kontinuirano snimanje  Podr\u017euje a\u017e 128 GB mikro SD karty (nen\u00ed ukl\u00e1dan\u00e1)  Visoka definice: 1080P (Full-HD)  Boja: bijela","og_url":"https:\/\/origon-eu.com\/cz\/product\/vanjska-i-unutarnja-bezicna-kamera-digicam\/","og_site_name":"Origon EU","article_modified_time":"2025-03-12T23:11:50+00:00","og_image":[{"width":600,"height":600,"url":"https:\/\/origon-eu.com\/wp-content\/uploads\/2025\/01\/digicam-87939-1__d2765c98.jpg","type":"image\/jpeg"}],"twitter_card":"summary_large_image","twitter_misc":{"Est. reading time":"3 minutes"},"schema":{"@context":"https:\/\/schema.org","@graph":[{"@type":"WebPage","@id":"https:\/\/origon-eu.com\/cz\/product\/vanjska-i-unutarnja-bezicna-kamera-digicam\/","url":"https:\/\/origon-eu.com\/cz\/product\/vanjska-i-unutarnja-bezicna-kamera-digicam\/","name":"Venkovn\u00ed a vnit\u0159n\u00ed bezdr\u00e1tov\u00e1 kamera | DIGICAM - Origon EU","isPartOf":{"@id":"https:\/\/origon-eu.com\/#website"},"primaryImageOfPage":{"@id":"https:\/\/origon-eu.com\/cz\/product\/vanjska-i-unutarnja-bezicna-kamera-digicam\/#primaryimage"},"image":{"@id":"https:\/\/origon-eu.com\/cz\/product\/vanjska-i-unutarnja-bezicna-kamera-digicam\/#primaryimage"},"thumbnailUrl":"https:\/\/origon-eu.com\/wp-content\/uploads\/2025\/01\/digicam-87939-1__d2765c98.jpg","datePublished":"2025-01-08T12:43:21+00:00","dateModified":"2025-03-12T23:11:50+00:00","breadcrumb":{"@id":"https:\/\/origon-eu.com\/cz\/product\/vanjska-i-unutarnja-bezicna-kamera-digicam\/#breadcrumb"},"inLanguage":"cz-CZ","potentialAction":[{"@type":"ReadAction","target":["https:\/\/origon-eu.com\/cz\/product\/vanjska-i-unutarnja-bezicna-kamera-digicam\/"]}]},{"@type":"ImageObject","inLanguage":"cz-CZ","@id":"https:\/\/origon-eu.com\/cz\/product\/vanjska-i-unutarnja-bezicna-kamera-digicam\/#primaryimage","url":"https:\/\/origon-eu.com\/wp-content\/uploads\/2025\/01\/digicam-87939-1__d2765c98.jpg","contentUrl":"https:\/\/origon-eu.com\/wp-content\/uploads\/2025\/01\/digicam-87939-1__d2765c98.jpg","width":600,"height":600},{"@type":"BreadcrumbList","@id":"https:\/\/origon-eu.com\/cz\/product\/vanjska-i-unutarnja-bezicna-kamera-digicam\/#breadcrumb","itemListElement":[{"@type":"ListItem","position":1,"name":"Home","item":"https:\/\/origon-eu.com\/"},{"@type":"ListItem","position":2,"name":"Shop","item":"https:\/\/origon-eu.com\/cz\/shop-2\/"},{"@type":"ListItem","position":3,"name":"Venkovn\u00ed a vnit\u0159n\u00ed bezdr\u00e1tov\u00e1 kamera | DIGICAM"}]},{"@type":"WebSite","@id":"https:\/\/origon-eu.com\/#website","url":"https:\/\/origon-eu.com\/","name":"Origon EU","description":"Online Store","publisher":{"@id":"https:\/\/origon-eu.com\/#organization"},"potentialAction":[{"@type":"SearchAction","target":{"@type":"EntryPoint","urlTemplate":"https:\/\/origon-eu.com\/?s={search_term_string}"},"query-input":{"@type":"PropertyValueSpecification","valueRequired":true,"valueName":"search_term_string"}}],"inLanguage":"cz-CZ"},{"@type":"Organization","@id":"https:\/\/origon-eu.com\/#organization","name":"Origon EU","url":"https:\/\/origon-eu.com\/","logo":{"@type":"ImageObject","inLanguage":"cz-CZ","@id":"https:\/\/origon-eu.com\/#\/schema\/logo\/image\/","url":"https:\/\/origon-eu.com\/wp-content\/uploads\/2024\/04\/Screenshot-2024-04-09-101814.png","contentUrl":"https:\/\/origon-eu.com\/wp-content\/uploads\/2024\/04\/Screenshot-2024-04-09-101814.png","width":171,"height":59,"caption":"Origon EU"},"image":{"@id":"https:\/\/origon-eu.com\/#\/schema\/logo\/image\/"}}]}},"tiered_pricing_type":"fixed","tiered_pricing_fixed_rules":{"2":"36.99","3":"34.99","4":"32.99"},"tiered_pricing_percentage_rules":[],"tiered_pricing_minimum":1,"tiered_pricing_roles_data":[],"_links":{"self":[{"href":"https:\/\/origon-eu.com\/cz\/wp-json\/wp\/v2\/product\/32648","targetHints":{"allow":["GET"]}}],"collection":[{"href":"https:\/\/origon-eu.com\/cz\/wp-json\/wp\/v2\/product"}],"about":[{"href":"https:\/\/origon-eu.com\/cz\/wp-json\/wp\/v2\/types\/product"}],"version-history":[{"count":2,"href":"https:\/\/origon-eu.com\/cz\/wp-json\/wp\/v2\/product\/32648\/revisions"}],"predecessor-version":[{"id":32650,"href":"https:\/\/origon-eu.com\/cz\/wp-json\/wp\/v2\/product\/32648\/revisions\/32650"}],"wp:featuredmedia":[{"embeddable":true,"href":"https:\/\/origon-eu.com\/cz\/wp-json\/wp\/v2\/media\/32214"}],"wp:attachment":[{"href":"https:\/\/origon-eu.com\/cz\/wp-json\/wp\/v2\/media?parent=32648"}],"wp:term":[{"taxonomy":"product_cat","embeddable":true,"href":"https:\/\/origon-eu.com\/cz\/wp-json\/wp\/v2\/product_cat?post=32648"},{"taxonomy":"product_tag","embeddable":true,"href":"https:\/\/origon-eu.com\/cz\/wp-json\/wp\/v2\/product_tag?post=32648"}],"curies":[{"name":"wp","href":"https:\/\/api.w.org\/{rel}","templated":true}]}}