{"id":32544,"date":"2025-01-08T16:41:50","date_gmt":"2025-01-08T14:41:50","guid":{"rendered":"https:\/\/origon-eu.com\/product\/lever-espresso-coffee-machine\/"},"modified":"2025-01-09T11:18:03","modified_gmt":"2025-01-09T09:18:03","slug":"lever-espresso-coffee-machine","status":"publish","type":"product","link":"https:\/\/origon-eu.com\/cz\/product\/lever-espresso-coffee-machine\/","title":{"rendered":"Lever espresso coffee machine"},"content":{"rendered":"<p><strong>Kav\u00e1rna u v\u00e1s doma<\/strong><br \/>\nS k\u00e1vovarem <strong>Llever<\/strong> si m\u016f\u017eete p\u0159ipravit cokoli. D\u00edky termoblokov\u00e9mu syst\u00e9mu oh\u0159evu nebudete muset \u010dekat. Espresso bude m\u00edt bohatou p\u011bnu a v\u00fdrazn\u00e9 aroma d\u00edky vysoce kvalitn\u00ed italsk\u00e9 pump\u011b s tlakem 20 bar\u016f. Pomoc\u00ed parn\u00ed trysky snadno vytvo\u0159\u00edte nad\u00fdchanou mikro-p\u011bnu z ml\u00e9ka.<\/p>\n<p><a href=\"https:\/\/origon-eu.com\/wp-content\/uploads\/2025\/01\/kavovar1.webp\"><br \/>\n<img fetchpriority=\"high\" decoding=\"async\" class=\"size-full wp-image-32427 aligncenter\" src=\"https:\/\/origon-eu.com\/wp-content\/uploads\/2025\/01\/kavovar1.webp\" alt=\"\" width=\"790\" height=\"530\" srcset=\"https:\/\/origon-eu.com\/wp-content\/uploads\/2025\/01\/kavovar1.webp 790w, https:\/\/origon-eu.com\/wp-content\/uploads\/2025\/01\/kavovar1-300x201.webp 300w, https:\/\/origon-eu.com\/wp-content\/uploads\/2025\/01\/kavovar1-768x515.webp 768w, https:\/\/origon-eu.com\/wp-content\/uploads\/2025\/01\/kavovar1-600x403.webp 600w, https:\/\/origon-eu.com\/wp-content\/uploads\/2025\/01\/kavovar1-150x101.webp 150w\" sizes=\"(max-width: 790px) 100vw, 790px\" \/><\/a><\/p>\n<p><strong>Oh\u0159\u00edva\u010d \u0161\u00e1lk\u016f nen\u00ed jen rozmar, ale absolutn\u00ed nutnost.<\/strong><br \/>\nK\u00e1va pot\u0159ebuje nejen st\u00e1l\u00fd tlak, ale tak\u00e9 spr\u00e1vnou teplotu. Studen\u00fd \u0161\u00e1lek m\u016f\u017ee v\u00fdrazn\u011b ovlivnit v\u00fdslednou chu\u0165.<\/p>\n<p><strong>Vejde se i do nejmen\u0161\u00ed kuchyn\u011b<\/strong><br \/>\nD\u00edky sv\u00e9mu <strong>celokovov\u00e9mu designu<\/strong> bude skv\u011ble vypadat v ka\u017ed\u00e9 kuchyni. N\u00e1dr\u017e na vodu m\u00e1 dostate\u010dnou kapacitu <strong>1,4 litru<\/strong>, tak\u017ee ji nebudete muset neust\u00e1le dopl\u0148ovat.<\/p>\n<p><a href=\"https:\/\/origon-eu.com\/wp-content\/uploads\/2025\/01\/kavovar.webp\"><img decoding=\"async\" class=\"size-full wp-image-32437 aligncenter\" src=\"https:\/\/origon-eu.com\/wp-content\/uploads\/2025\/01\/kavovar.webp\" alt=\"\" width=\"790\" height=\"530\" srcset=\"https:\/\/origon-eu.com\/wp-content\/uploads\/2025\/01\/kavovar.webp 790w, https:\/\/origon-eu.com\/wp-content\/uploads\/2025\/01\/kavovar-300x201.webp 300w, https:\/\/origon-eu.com\/wp-content\/uploads\/2025\/01\/kavovar-768x515.webp 768w, https:\/\/origon-eu.com\/wp-content\/uploads\/2025\/01\/kavovar-600x403.webp 600w, https:\/\/origon-eu.com\/wp-content\/uploads\/2025\/01\/kavovar-150x101.webp 150w\" sizes=\"(max-width: 790px) 100vw, 790px\" \/><\/a><\/p>\n<p><strong>A s \u00faklidem si hlavu l\u00e1mat nemus\u00edte.<\/strong><br \/>\nP\u00e1ku, filtr i odkap\u00e1vac\u00ed misku lze snadno opl\u00e1chnout. Vn\u011bj\u0161\u00ed parn\u00ed tryska zaji\u0161\u0165uje, \u017ee se <strong>ml\u00e9ko neusazuje uvnit\u0159 k\u00e1vovaru<\/strong> \u2013 co\u017e je \u010dast\u00fd probl\u00e9m u vestav\u011bn\u00fdch p\u011bni\u010d\u016f ml\u00e9ka. Sta\u010d\u00ed ji propl\u00e1chnout pr\u00e1zdn\u00fdm prostorem a ot\u0159\u00edt.<\/p>\n<p><strong>Nemus\u00edte na nic myslet.<\/strong><br \/>\nK\u00e1vovar <strong>Patricca Lacrema<\/strong> ud\u011bl\u00e1 v\u0161e za v\u00e1s. Ovl\u00e1d\u00e1 se snadno pomoc\u00ed <strong>4 tla\u010d\u00edtek<\/strong>. Nav\u00edc si m\u016f\u017eete <strong>ulo\u017eit nastaven\u00ed k\u00e1vy<\/strong> p\u0159esn\u011b podle sv\u00e9 chuti \u2013 zvl\u00e1\u0161\u0165 pro jeden nebo dva \u0161\u00e1lky.<\/p>\n<p><strong>A co kdy\u017e zapomenete k\u00e1vovar vypnout?<\/strong><br \/>\n<strong>Nic se nestane. Vypne se s\u00e1m.<\/strong><\/p>\n<p><a href=\"https:\/\/origon-eu.com\/wp-content\/uploads\/2025\/01\/Kavovar-Patricca-Lacrema.webp\"><img decoding=\"async\" class=\"size-full wp-image-32449 aligncenter\" src=\"https:\/\/origon-eu.com\/wp-content\/uploads\/2025\/01\/Kavovar-Patricca-Lacrema.webp\" alt=\"\" width=\"790\" height=\"600\" \/><\/a><\/p>\n<div class=\"flex max-w-full flex-col flex-grow\">\n<div class=\"min-h-8 text-message flex w-full flex-col items-end gap-2 whitespace-normal break-words text-start [.text-message+&amp;]:mt-5\" dir=\"auto\" data-message-author-role=\"assistant\" data-message-id=\"04167466-4f6d-4fef-b045-3fdd86ff6646\" data-message-model-slug=\"gpt-4o\">\n<div class=\"flex w-full flex-col gap-1 empty:hidden first:pt-[3px]\">\n<div class=\"markdown prose w-full break-words dark:prose-invert light\">\n<p><strong>Jak vypad\u00e1 k\u00e1vovar\u00a0 Lacrema v akci?<\/strong><\/p>\n<\/div>\n<\/div>\n<\/div>\n<\/div>\n<div style=\"width: 1280px;\" class=\"wp-video\"><video class=\"wp-video-shortcode\" id=\"video-32544-1\" width=\"1280\" height=\"720\" preload=\"metadata\" controls=\"controls\"><source type=\"video\/mp4\" src=\"https:\/\/origon-eu.com\/wp-content\/uploads\/2025\/01\/coffee.mp4?_=1\" \/><a href=\"https:\/\/origon-eu.com\/wp-content\/uploads\/2025\/01\/coffee.mp4\">https:\/\/origon-eu.com\/wp-content\/uploads\/2025\/01\/coffee.mp4<\/a><\/video><\/div>\n","protected":false},"excerpt":{"rendered":"<p><strong>Vytvo\u0159te nejlep\u0161\u00ed kav\u00e1rnu na sv\u011bt\u011b u sebe doma<\/strong><br \/>\nV\u017edy budete m\u00edt m\u00edsto k sezen\u00ed a nikdy nebudete muset \u010dekat na svou k\u00e1vu. A\u0165 u\u017e m\u00e1te chu\u0165 na <strong>dobr\u00e9 espresso<\/strong> nebo <strong>na\u0161lehan\u00e9 latte macchiato<\/strong>.<\/p>\n<ul>\n<li><strong>Vysoce kvalitn\u00ed italsk\u00e9 \u010derpadlo:<\/strong> tlak 20 bar\u016f<\/li>\n<li><strong>Snadn\u00e9 ovl\u00e1d\u00e1n\u00ed:<\/strong> pomoc\u00ed 4 tla\u010d\u00edtek<\/li>\n<li><strong>Rychl\u00e9 oh\u0159\u00edv\u00e1n\u00ed vody:<\/strong> termoblokov\u00fd syst\u00e9m<\/li>\n<li><strong>Po\u010det k\u00e1v:<\/strong> a\u017e 2 \u0161\u00e1lky najednou<\/li>\n<li><strong>Parn\u00ed tryska:<\/strong> rychl\u00e9 nap\u011bn\u011bn\u00ed ml\u00e9ka<\/li>\n<li><strong>Kapacita:<\/strong> 1,4 l<\/li>\n<li><strong>Automatick\u00e9 vypnut\u00ed<\/strong><\/li>\n<li><strong>Celokovov\u00fd design<\/strong><\/li>\n<\/ul>\n<p>P\u0159ipravte si dokonal\u00fd \u0161\u00e1lek k\u00e1vy kdykoliv a u\u017eijte si z\u00e1\u017eitek jako v kav\u00e1rn\u011b \u2013 v pohodl\u00ed sv\u00e9ho domova!<\/p>\n","protected":false},"featured_media":32440,"template":"","meta":[],"product_cat":[414,415],"product_tag":[],"class_list":{"0":"post-32544","1":"product","2":"type-product","3":"status-publish","4":"has-post-thumbnail","6":"product_cat-dom-i-kuhinja-cz","7":"product_cat-elektornika-cz","9":"first","10":"outofstock","11":"sale","12":"shipping-taxable","13":"purchasable","14":"product-type-simple"},"yoast_head":"<!-- This site is optimized with the Yoast SEO plugin v24.2 - https:\/\/yoast.com\/wordpress\/plugins\/seo\/ -->\n<title>Lever espresso coffee machine - Origon EU<\/title>\n<meta name=\"robots\" content=\"index, follow, max-snippet:-1, max-image-preview:large, max-video-preview:-1\" \/>\n<link rel=\"canonical\" href=\"https:\/\/origon-eu.com\/cz\/product\/lever-espresso-coffee-machine\/\" \/>\n<meta property=\"og:locale\" content=\"en_US\" \/>\n<meta property=\"og:type\" content=\"article\" \/>\n<meta property=\"og:title\" content=\"Lever espresso coffee machine - Origon EU\" \/>\n<meta property=\"og:description\" content=\"Vytvo\u0159te nejlep\u0161\u00ed kav\u00e1rnu na sv\u011bt\u011b u sebe doma V\u017edy budete m\u00edt m\u00edsto k sezen\u00ed a nikdy nebudete muset \u010dekat na svou k\u00e1vu. A\u0165 u\u017e m\u00e1te chu\u0165 na dobr\u00e9 espresso nebo na\u0161lehan\u00e9 latte macchiato.   Vysoce kvalitn\u00ed italsk\u00e9 \u010derpadlo: tlak 20 bar\u016f  Snadn\u00e9 ovl\u00e1d\u00e1n\u00ed: pomoc\u00ed 4 tla\u010d\u00edtek  Rychl\u00e9 oh\u0159\u00edv\u00e1n\u00ed vody: termoblokov\u00fd syst\u00e9m  Po\u010det k\u00e1v: a\u017e 2 \u0161\u00e1lky najednou  Parn\u00ed tryska: rychl\u00e9 nap\u011bn\u011bn\u00ed ml\u00e9ka  Kapacita: 1,4 l  Automatick\u00e9 vypnut\u00ed  Celokovov\u00fd design  P\u0159ipravte si dokonal\u00fd \u0161\u00e1lek k\u00e1vy kdykoliv a u\u017eijte si z\u00e1\u017eitek jako v kav\u00e1rn\u011b \u2013 v pohodl\u00ed sv\u00e9ho domova!\" \/>\n<meta property=\"og:url\" content=\"https:\/\/origon-eu.com\/cz\/product\/lever-espresso-coffee-machine\/\" \/>\n<meta property=\"og:site_name\" content=\"Origon EU\" \/>\n<meta property=\"article:modified_time\" content=\"2025-01-09T09:18:03+00:00\" \/>\n<meta property=\"og:image\" content=\"https:\/\/origon-eu.com\/wp-content\/uploads\/2025\/01\/kavovar.webp\" \/>\n\t<meta property=\"og:image:width\" content=\"790\" \/>\n\t<meta property=\"og:image:height\" content=\"530\" \/>\n\t<meta property=\"og:image:type\" content=\"image\/webp\" \/>\n<meta name=\"twitter:card\" content=\"summary_large_image\" \/>\n<meta name=\"twitter:label1\" content=\"Est. reading time\" \/>\n\t<meta name=\"twitter:data1\" content=\"2 minutes\" \/>\n<script type=\"application\/ld+json\" class=\"yoast-schema-graph\">{\"@context\":\"https:\/\/schema.org\",\"@graph\":[{\"@type\":\"WebPage\",\"@id\":\"https:\/\/origon-eu.com\/cz\/product\/lever-espresso-coffee-machine\/\",\"url\":\"https:\/\/origon-eu.com\/cz\/product\/lever-espresso-coffee-machine\/\",\"name\":\"Lever espresso coffee machine - Origon EU\",\"isPartOf\":{\"@id\":\"https:\/\/origon-eu.com\/#website\"},\"primaryImageOfPage\":{\"@id\":\"https:\/\/origon-eu.com\/cz\/product\/lever-espresso-coffee-machine\/#primaryimage\"},\"image\":{\"@id\":\"https:\/\/origon-eu.com\/cz\/product\/lever-espresso-coffee-machine\/#primaryimage\"},\"thumbnailUrl\":\"https:\/\/origon-eu.com\/wp-content\/uploads\/2025\/01\/kavovar.webp\",\"datePublished\":\"2025-01-08T14:41:50+00:00\",\"dateModified\":\"2025-01-09T09:18:03+00:00\",\"breadcrumb\":{\"@id\":\"https:\/\/origon-eu.com\/cz\/product\/lever-espresso-coffee-machine\/#breadcrumb\"},\"inLanguage\":\"cz-CZ\",\"potentialAction\":[{\"@type\":\"ReadAction\",\"target\":[\"https:\/\/origon-eu.com\/cz\/product\/lever-espresso-coffee-machine\/\"]}]},{\"@type\":\"ImageObject\",\"inLanguage\":\"cz-CZ\",\"@id\":\"https:\/\/origon-eu.com\/cz\/product\/lever-espresso-coffee-machine\/#primaryimage\",\"url\":\"https:\/\/origon-eu.com\/wp-content\/uploads\/2025\/01\/kavovar.webp\",\"contentUrl\":\"https:\/\/origon-eu.com\/wp-content\/uploads\/2025\/01\/kavovar.webp\",\"width\":790,\"height\":530},{\"@type\":\"BreadcrumbList\",\"@id\":\"https:\/\/origon-eu.com\/cz\/product\/lever-espresso-coffee-machine\/#breadcrumb\",\"itemListElement\":[{\"@type\":\"ListItem\",\"position\":1,\"name\":\"Home\",\"item\":\"https:\/\/origon-eu.com\/\"},{\"@type\":\"ListItem\",\"position\":2,\"name\":\"Shop\",\"item\":\"https:\/\/origon-eu.com\/cz\/shop-2\/\"},{\"@type\":\"ListItem\",\"position\":3,\"name\":\"Lever espresso coffee machine\"}]},{\"@type\":\"WebSite\",\"@id\":\"https:\/\/origon-eu.com\/#website\",\"url\":\"https:\/\/origon-eu.com\/\",\"name\":\"Origon EU\",\"description\":\"Online Store\",\"publisher\":{\"@id\":\"https:\/\/origon-eu.com\/#organization\"},\"potentialAction\":[{\"@type\":\"SearchAction\",\"target\":{\"@type\":\"EntryPoint\",\"urlTemplate\":\"https:\/\/origon-eu.com\/?s={search_term_string}\"},\"query-input\":{\"@type\":\"PropertyValueSpecification\",\"valueRequired\":true,\"valueName\":\"search_term_string\"}}],\"inLanguage\":\"cz-CZ\"},{\"@type\":\"Organization\",\"@id\":\"https:\/\/origon-eu.com\/#organization\",\"name\":\"Origon EU\",\"url\":\"https:\/\/origon-eu.com\/\",\"logo\":{\"@type\":\"ImageObject\",\"inLanguage\":\"cz-CZ\",\"@id\":\"https:\/\/origon-eu.com\/#\/schema\/logo\/image\/\",\"url\":\"https:\/\/origon-eu.com\/wp-content\/uploads\/2024\/04\/Screenshot-2024-04-09-101814.png\",\"contentUrl\":\"https:\/\/origon-eu.com\/wp-content\/uploads\/2024\/04\/Screenshot-2024-04-09-101814.png\",\"width\":171,\"height\":59,\"caption\":\"Origon EU\"},\"image\":{\"@id\":\"https:\/\/origon-eu.com\/#\/schema\/logo\/image\/\"}}]}<\/script>\n<!-- \/ Yoast SEO plugin. -->","yoast_head_json":{"title":"Lever espresso coffee machine - Origon EU","robots":{"index":"index","follow":"follow","max-snippet":"max-snippet:-1","max-image-preview":"max-image-preview:large","max-video-preview":"max-video-preview:-1"},"canonical":"https:\/\/origon-eu.com\/cz\/product\/lever-espresso-coffee-machine\/","og_locale":"en_US","og_type":"article","og_title":"Lever espresso coffee machine - Origon EU","og_description":"Vytvo\u0159te nejlep\u0161\u00ed kav\u00e1rnu na sv\u011bt\u011b u sebe doma V\u017edy budete m\u00edt m\u00edsto k sezen\u00ed a nikdy nebudete muset \u010dekat na svou k\u00e1vu. A\u0165 u\u017e m\u00e1te chu\u0165 na dobr\u00e9 espresso nebo na\u0161lehan\u00e9 latte macchiato.   Vysoce kvalitn\u00ed italsk\u00e9 \u010derpadlo: tlak 20 bar\u016f  Snadn\u00e9 ovl\u00e1d\u00e1n\u00ed: pomoc\u00ed 4 tla\u010d\u00edtek  Rychl\u00e9 oh\u0159\u00edv\u00e1n\u00ed vody: termoblokov\u00fd syst\u00e9m  Po\u010det k\u00e1v: a\u017e 2 \u0161\u00e1lky najednou  Parn\u00ed tryska: rychl\u00e9 nap\u011bn\u011bn\u00ed ml\u00e9ka  Kapacita: 1,4 l  Automatick\u00e9 vypnut\u00ed  Celokovov\u00fd design  P\u0159ipravte si dokonal\u00fd \u0161\u00e1lek k\u00e1vy kdykoliv a u\u017eijte si z\u00e1\u017eitek jako v kav\u00e1rn\u011b \u2013 v pohodl\u00ed sv\u00e9ho domova!","og_url":"https:\/\/origon-eu.com\/cz\/product\/lever-espresso-coffee-machine\/","og_site_name":"Origon EU","article_modified_time":"2025-01-09T09:18:03+00:00","og_image":[{"width":790,"height":530,"url":"https:\/\/origon-eu.com\/wp-content\/uploads\/2025\/01\/kavovar.webp","type":"image\/webp"}],"twitter_card":"summary_large_image","twitter_misc":{"Est. reading time":"2 minutes"},"schema":{"@context":"https:\/\/schema.org","@graph":[{"@type":"WebPage","@id":"https:\/\/origon-eu.com\/cz\/product\/lever-espresso-coffee-machine\/","url":"https:\/\/origon-eu.com\/cz\/product\/lever-espresso-coffee-machine\/","name":"Lever espresso coffee machine - Origon EU","isPartOf":{"@id":"https:\/\/origon-eu.com\/#website"},"primaryImageOfPage":{"@id":"https:\/\/origon-eu.com\/cz\/product\/lever-espresso-coffee-machine\/#primaryimage"},"image":{"@id":"https:\/\/origon-eu.com\/cz\/product\/lever-espresso-coffee-machine\/#primaryimage"},"thumbnailUrl":"https:\/\/origon-eu.com\/wp-content\/uploads\/2025\/01\/kavovar.webp","datePublished":"2025-01-08T14:41:50+00:00","dateModified":"2025-01-09T09:18:03+00:00","breadcrumb":{"@id":"https:\/\/origon-eu.com\/cz\/product\/lever-espresso-coffee-machine\/#breadcrumb"},"inLanguage":"cz-CZ","potentialAction":[{"@type":"ReadAction","target":["https:\/\/origon-eu.com\/cz\/product\/lever-espresso-coffee-machine\/"]}]},{"@type":"ImageObject","inLanguage":"cz-CZ","@id":"https:\/\/origon-eu.com\/cz\/product\/lever-espresso-coffee-machine\/#primaryimage","url":"https:\/\/origon-eu.com\/wp-content\/uploads\/2025\/01\/kavovar.webp","contentUrl":"https:\/\/origon-eu.com\/wp-content\/uploads\/2025\/01\/kavovar.webp","width":790,"height":530},{"@type":"BreadcrumbList","@id":"https:\/\/origon-eu.com\/cz\/product\/lever-espresso-coffee-machine\/#breadcrumb","itemListElement":[{"@type":"ListItem","position":1,"name":"Home","item":"https:\/\/origon-eu.com\/"},{"@type":"ListItem","position":2,"name":"Shop","item":"https:\/\/origon-eu.com\/cz\/shop-2\/"},{"@type":"ListItem","position":3,"name":"Lever espresso coffee machine"}]},{"@type":"WebSite","@id":"https:\/\/origon-eu.com\/#website","url":"https:\/\/origon-eu.com\/","name":"Origon EU","description":"Online Store","publisher":{"@id":"https:\/\/origon-eu.com\/#organization"},"potentialAction":[{"@type":"SearchAction","target":{"@type":"EntryPoint","urlTemplate":"https:\/\/origon-eu.com\/?s={search_term_string}"},"query-input":{"@type":"PropertyValueSpecification","valueRequired":true,"valueName":"search_term_string"}}],"inLanguage":"cz-CZ"},{"@type":"Organization","@id":"https:\/\/origon-eu.com\/#organization","name":"Origon EU","url":"https:\/\/origon-eu.com\/","logo":{"@type":"ImageObject","inLanguage":"cz-CZ","@id":"https:\/\/origon-eu.com\/#\/schema\/logo\/image\/","url":"https:\/\/origon-eu.com\/wp-content\/uploads\/2024\/04\/Screenshot-2024-04-09-101814.png","contentUrl":"https:\/\/origon-eu.com\/wp-content\/uploads\/2024\/04\/Screenshot-2024-04-09-101814.png","width":171,"height":59,"caption":"Origon EU"},"image":{"@id":"https:\/\/origon-eu.com\/#\/schema\/logo\/image\/"}}]}},"tiered_pricing_type":"fixed","tiered_pricing_fixed_rules":[],"tiered_pricing_percentage_rules":[],"tiered_pricing_minimum":1,"tiered_pricing_roles_data":[],"_links":{"self":[{"href":"https:\/\/origon-eu.com\/cz\/wp-json\/wp\/v2\/product\/32544","targetHints":{"allow":["GET"]}}],"collection":[{"href":"https:\/\/origon-eu.com\/cz\/wp-json\/wp\/v2\/product"}],"about":[{"href":"https:\/\/origon-eu.com\/cz\/wp-json\/wp\/v2\/types\/product"}],"version-history":[{"count":4,"href":"https:\/\/origon-eu.com\/cz\/wp-json\/wp\/v2\/product\/32544\/revisions"}],"predecessor-version":[{"id":32558,"href":"https:\/\/origon-eu.com\/cz\/wp-json\/wp\/v2\/product\/32544\/revisions\/32558"}],"wp:featuredmedia":[{"embeddable":true,"href":"https:\/\/origon-eu.com\/cz\/wp-json\/wp\/v2\/media\/32440"}],"wp:attachment":[{"href":"https:\/\/origon-eu.com\/cz\/wp-json\/wp\/v2\/media?parent=32544"}],"wp:term":[{"taxonomy":"product_cat","embeddable":true,"href":"https:\/\/origon-eu.com\/cz\/wp-json\/wp\/v2\/product_cat?post=32544"},{"taxonomy":"product_tag","embeddable":true,"href":"https:\/\/origon-eu.com\/cz\/wp-json\/wp\/v2\/product_tag?post=32544"}],"curies":[{"name":"wp","href":"https:\/\/api.w.org\/{rel}","templated":true}]}}