{"id":28846,"date":"2024-10-29T12:02:06","date_gmt":"2024-10-29T10:02:06","guid":{"rendered":"https:\/\/origon-eu.com\/?post_type=product&#038;p=28846"},"modified":"2025-01-09T14:40:11","modified_gmt":"2025-01-09T12:40:11","slug":"magic-nail-fungus-removal-spray","status":"publish","type":"product","link":"https:\/\/origon-eu.com\/cz\/product\/magic-nail-fungus-removal-spray\/","title":{"rendered":"Kouzeln\u00fd sprej na odstran\u011bn\u00ed pl\u00edsn\u011b neht\u016f"},"content":{"rendered":"<p>1\u3001\u3010Bezpe\u010dnost p\u0159\u00edsad\u3011 P\u0159\u00edrodn\u00ed ingredience posiluj\u00ed l\u00e1mav\u00e9 nehty, opravuj\u00ed odbarven\u00e9 a po\u0161kozen\u00e9 nehty a urychluj\u00ed zdrav\u00fd r\u016fst neht\u016f. Nail Repair Essence je bezpe\u010dn\u00e1 a jemn\u00e1.<br \/>\n2\u3001\u3010Snadn\u00e1 oprava\u3011 Dod\u00e1v\u00e1 neht\u016fm p\u0159irozen\u00fd lesk a pom\u00e1h\u00e1 je vyhlazovat. Doba zotaven\u00ed z\u00e1vis\u00ed na r\u016fstu a po\u0161kozen\u00ed nehtu, tak\u017ee m\u016f\u017ee trvat r\u016fzn\u011b dlouhou dobu.<br \/>\n3\u3001\u3010Siln\u00e9 nehty\u3011 Zlep\u0161uje tk\u00e1\u0148 neht\u016f, zdrav\u00e1 tk\u00e1\u0148 d\u011bl\u00e1 nehty siln\u011bj\u0161\u00ed a m\u00e9n\u011b n\u00e1chyln\u00e9 k l\u00e1m\u00e1n\u00ed. P\u0159\u00edrodn\u00ed esence na opravu neht\u016f pom\u00e1h\u00e1 redukovat zabarven\u00ed, koriguje deformovan\u00e9 tvary a normalizuje tlou\u0161\u0165ku.<br \/>\n4\u3001\u3010V\u00edce\u00fa\u010delov\u00fd\u3011 Extra siln\u00e1 oprava neht\u016f pro nehty na nohou je vhodn\u00e1 pro smr\u0161\u0165ov\u00e1n\u00ed, nerovn\u00e9 povrchy, delaminaci, ztlu\u0161t\u011bn\u00ed a \u017eloutnut\u00ed, odlupov\u00e1n\u00ed neht\u016f, zakalen\u00e9 zbarven\u00ed, probl\u00e9my s nehty atd.<br \/>\n5\u3001\u3010Jak pou\u017e\u00edvat\u3011 Dvakr\u00e1t denn\u011b ve dne a v noci. Po ka\u017ed\u00fdch 2-3 dnech pou\u017e\u00edv\u00e1n\u00ed vyle\u0161t\u011bte povrch neht\u016f a pokra\u010dujte v pou\u017e\u00edv\u00e1n\u00ed. Esence na nehty na nohou a prstech se snadno pou\u017e\u00edv\u00e1.<br \/>\nPopis:<br \/>\nP\u0159\u00edrodn\u00ed slo\u017eky posiluj\u00ed l\u00e1mav\u00e9 nehty, opravuj\u00ed odbarven\u00e9 a po\u0161kozen\u00e9 nehty a urychluj\u00ed zdrav\u00fd r\u016fst neht\u016f. Nail Repair Essence je bezpe\u010dn\u00e1 a jemn\u00e1. Zdrav\u00e1 tk\u00e1\u0148 d\u011bl\u00e1 va\u0161e nehty siln\u011bj\u0161\u00edmi a m\u00e9n\u011b n\u00e1chyln\u00fdmi k l\u00e1m\u00e1n\u00ed. P\u0159\u00edrodn\u00ed esence na opravu neht\u016f pom\u00e1h\u00e1 k r\u016fstu siln\u00fdch neht\u016f, sn\u00ed\u017een\u00ed zabarven\u00ed, korekci deformovan\u00e9ho tvaru atd.<br \/>\nDvakr\u00e1t denn\u011b, jednou r\u00e1no, jednou ve\u010der. Po ka\u017ed\u00fdch 2-3 dnech pou\u017e\u00edv\u00e1n\u00ed vyle\u0161t\u011bte povrch neht\u016f a pokra\u010dujte v pou\u017e\u00edv\u00e1n\u00ed.<\/p>\n<p><a href=\"https:\/\/origon-eu.com\/wp-content\/uploads\/2024\/10\/S98765ea6afd04e73a31089d99c3756e7H.avif\"><img fetchpriority=\"high\" decoding=\"async\" class=\"alignnone size-full wp-image-32710\" src=\"https:\/\/origon-eu.com\/wp-content\/uploads\/2024\/10\/S98765ea6afd04e73a31089d99c3756e7H.avif\" alt=\"\" width=\"1000\" height=\"1000\" \/><\/a> <a href=\"https:\/\/origon-eu.com\/wp-content\/uploads\/2024\/10\/Sa8a2b52d780b49959a440f8fa6d491c2W.avif\"><img decoding=\"async\" class=\"alignnone size-full wp-image-32721\" src=\"https:\/\/origon-eu.com\/wp-content\/uploads\/2024\/10\/Sa8a2b52d780b49959a440f8fa6d491c2W.avif\" alt=\"\" width=\"1000\" height=\"1000\" \/><\/a> <a href=\"https:\/\/origon-eu.com\/wp-content\/uploads\/2024\/10\/Sf265ad80b692425a8ad98922eac3107co.avif\"><img decoding=\"async\" class=\"alignnone size-full wp-image-32731\" src=\"https:\/\/origon-eu.com\/wp-content\/uploads\/2024\/10\/Sf265ad80b692425a8ad98922eac3107co.avif\" alt=\"\" width=\"1000\" height=\"1000\" \/><\/a> <a href=\"https:\/\/origon-eu.com\/wp-content\/uploads\/2024\/10\/S9ae0e23410d54186aa72dbcc067830faD.avif\"><img loading=\"lazy\" decoding=\"async\" class=\"alignnone size-full wp-image-32741\" src=\"https:\/\/origon-eu.com\/wp-content\/uploads\/2024\/10\/S9ae0e23410d54186aa72dbcc067830faD.avif\" alt=\"\" width=\"1000\" height=\"1000\" \/><\/a> <a href=\"https:\/\/origon-eu.com\/wp-content\/uploads\/2024\/10\/S83cd5546cc4c4eb8a3900ecd72b5f99c4.avif\"><img loading=\"lazy\" decoding=\"async\" class=\"alignnone size-full wp-image-32751\" src=\"https:\/\/origon-eu.com\/wp-content\/uploads\/2024\/10\/S83cd5546cc4c4eb8a3900ecd72b5f99c4.avif\" alt=\"\" width=\"1000\" height=\"1000\" \/><\/a> <a href=\"https:\/\/origon-eu.com\/wp-content\/uploads\/2024\/10\/S42d34c19bc544f568bbe2a0ab7b9f85b0.avif\"><img loading=\"lazy\" decoding=\"async\" class=\"alignnone size-full wp-image-32761\" src=\"https:\/\/origon-eu.com\/wp-content\/uploads\/2024\/10\/S42d34c19bc544f568bbe2a0ab7b9f85b0.avif\" alt=\"\" width=\"1000\" height=\"1000\" \/><\/a> <a href=\"https:\/\/origon-eu.com\/wp-content\/uploads\/2024\/10\/Sa602da4a567b480e891d9a10004e8e5ew.avif\"><img loading=\"lazy\" decoding=\"async\" class=\"alignnone size-full wp-image-32771\" src=\"https:\/\/origon-eu.com\/wp-content\/uploads\/2024\/10\/Sa602da4a567b480e891d9a10004e8e5ew.avif\" alt=\"\" width=\"1000\" height=\"1000\" \/><\/a> <a href=\"https:\/\/origon-eu.com\/wp-content\/uploads\/2024\/10\/S9cede87958e245b7ba420c8969e77493u.avif\"><img loading=\"lazy\" decoding=\"async\" class=\"alignnone size-full wp-image-32781\" src=\"https:\/\/origon-eu.com\/wp-content\/uploads\/2024\/10\/S9cede87958e245b7ba420c8969e77493u.avif\" alt=\"\" width=\"1000\" height=\"1000\" \/><\/a> <a href=\"https:\/\/origon-eu.com\/wp-content\/uploads\/2024\/10\/S7ec07d42016c45928dc27f9673a65fa0O.avif\"><img loading=\"lazy\" decoding=\"async\" class=\"alignnone size-full wp-image-32791\" src=\"https:\/\/origon-eu.com\/wp-content\/uploads\/2024\/10\/S7ec07d42016c45928dc27f9673a65fa0O.avif\" alt=\"\" width=\"1000\" height=\"1000\" \/><\/a><\/p>\n","protected":false},"excerpt":{"rendered":"<ul>\n<li>Viditeln\u00e9 v\u00fdsledky po 7 dnech aplikace<\/li>\n<li>Sni\u017euje a zpomaluje vypad\u00e1v\u00e1n\u00ed vlas\u016f<\/li>\n<li>Zvy\u0161uje hustotu vlas\u016f<\/li>\n<li>Podporuje r\u016fst nov\u00fdch vlas\u016f<\/li>\n<li>Stimuluje regeneraci ko\u0159\u00ednk\u016f a hustotu vlas\u016f<\/li>\n<li>Pro mu\u017ee i \u017eeny<\/li>\n<\/ul>\n","protected":false},"featured_media":28867,"template":"","meta":[],"product_cat":[416],"product_tag":[],"class_list":{"0":"post-28846","1":"product","2":"type-product","3":"status-publish","4":"has-post-thumbnail","6":"product_cat-ljepota-i-osobna-njega-cz","8":"first","9":"instock","10":"sale","11":"shipping-taxable","12":"purchasable","13":"product-type-simple"},"yoast_head":"<!-- This site is optimized with the Yoast SEO plugin v24.2 - https:\/\/yoast.com\/wordpress\/plugins\/seo\/ -->\n<title>Kouzeln\u00fd sprej na odstran\u011bn\u00ed pl\u00edsn\u011b neht\u016f - Origon EU<\/title>\n<meta name=\"robots\" content=\"index, follow, max-snippet:-1, max-image-preview:large, max-video-preview:-1\" \/>\n<link rel=\"canonical\" href=\"https:\/\/origon-eu.com\/cz\/product\/magic-nail-fungus-removal-spray\/\" \/>\n<meta property=\"og:locale\" content=\"en_US\" \/>\n<meta property=\"og:type\" content=\"article\" \/>\n<meta property=\"og:title\" content=\"Kouzeln\u00fd sprej na odstran\u011bn\u00ed pl\u00edsn\u011b neht\u016f - Origon EU\" \/>\n<meta property=\"og:description\" content=\"Viditeln\u00e9 v\u00fdsledky po 7 dnech aplikace  Sni\u017euje a zpomaluje vypad\u00e1v\u00e1n\u00ed vlas\u016f  Zvy\u0161uje hustotu vlas\u016f  Podporuje r\u016fst nov\u00fdch vlas\u016f  Stimuluje regeneraci ko\u0159\u00ednk\u016f a hustotu vlas\u016f  Pro mu\u017ee i \u017eeny\" \/>\n<meta property=\"og:url\" content=\"https:\/\/origon-eu.com\/cz\/product\/magic-nail-fungus-removal-spray\/\" \/>\n<meta property=\"og:site_name\" content=\"Origon EU\" \/>\n<meta property=\"article:modified_time\" content=\"2025-01-09T12:40:11+00:00\" \/>\n<meta property=\"og:image\" content=\"https:\/\/origon-eu.com\/wp-content\/uploads\/2024\/10\/posledna.webp\" \/>\n\t<meta property=\"og:image:width\" content=\"1000\" \/>\n\t<meta property=\"og:image:height\" content=\"1000\" \/>\n\t<meta property=\"og:image:type\" content=\"image\/webp\" \/>\n<meta name=\"twitter:card\" content=\"summary_large_image\" \/>\n<meta name=\"twitter:label1\" content=\"Est. reading time\" \/>\n\t<meta name=\"twitter:data1\" content=\"3 minutes\" \/>\n<script type=\"application\/ld+json\" class=\"yoast-schema-graph\">{\"@context\":\"https:\/\/schema.org\",\"@graph\":[{\"@type\":\"WebPage\",\"@id\":\"https:\/\/origon-eu.com\/cz\/product\/magic-nail-fungus-removal-spray\/\",\"url\":\"https:\/\/origon-eu.com\/cz\/product\/magic-nail-fungus-removal-spray\/\",\"name\":\"Kouzeln\u00fd sprej na odstran\u011bn\u00ed pl\u00edsn\u011b neht\u016f - Origon EU\",\"isPartOf\":{\"@id\":\"https:\/\/origon-eu.com\/#website\"},\"primaryImageOfPage\":{\"@id\":\"https:\/\/origon-eu.com\/cz\/product\/magic-nail-fungus-removal-spray\/#primaryimage\"},\"image\":{\"@id\":\"https:\/\/origon-eu.com\/cz\/product\/magic-nail-fungus-removal-spray\/#primaryimage\"},\"thumbnailUrl\":\"https:\/\/origon-eu.com\/wp-content\/uploads\/2024\/10\/posledna.webp\",\"datePublished\":\"2024-10-29T10:02:06+00:00\",\"dateModified\":\"2025-01-09T12:40:11+00:00\",\"breadcrumb\":{\"@id\":\"https:\/\/origon-eu.com\/cz\/product\/magic-nail-fungus-removal-spray\/#breadcrumb\"},\"inLanguage\":\"cz-CZ\",\"potentialAction\":[{\"@type\":\"ReadAction\",\"target\":[\"https:\/\/origon-eu.com\/cz\/product\/magic-nail-fungus-removal-spray\/\"]}]},{\"@type\":\"ImageObject\",\"inLanguage\":\"cz-CZ\",\"@id\":\"https:\/\/origon-eu.com\/cz\/product\/magic-nail-fungus-removal-spray\/#primaryimage\",\"url\":\"https:\/\/origon-eu.com\/wp-content\/uploads\/2024\/10\/posledna.webp\",\"contentUrl\":\"https:\/\/origon-eu.com\/wp-content\/uploads\/2024\/10\/posledna.webp\",\"width\":1000,\"height\":1000},{\"@type\":\"BreadcrumbList\",\"@id\":\"https:\/\/origon-eu.com\/cz\/product\/magic-nail-fungus-removal-spray\/#breadcrumb\",\"itemListElement\":[{\"@type\":\"ListItem\",\"position\":1,\"name\":\"Home\",\"item\":\"https:\/\/origon-eu.com\/\"},{\"@type\":\"ListItem\",\"position\":2,\"name\":\"Shop\",\"item\":\"https:\/\/origon-eu.com\/cz\/shop-2\/\"},{\"@type\":\"ListItem\",\"position\":3,\"name\":\"Kouzeln\u00fd sprej na odstran\u011bn\u00ed pl\u00edsn\u011b neht\u016f\"}]},{\"@type\":\"WebSite\",\"@id\":\"https:\/\/origon-eu.com\/#website\",\"url\":\"https:\/\/origon-eu.com\/\",\"name\":\"Origon EU\",\"description\":\"Online Store\",\"publisher\":{\"@id\":\"https:\/\/origon-eu.com\/#organization\"},\"potentialAction\":[{\"@type\":\"SearchAction\",\"target\":{\"@type\":\"EntryPoint\",\"urlTemplate\":\"https:\/\/origon-eu.com\/?s={search_term_string}\"},\"query-input\":{\"@type\":\"PropertyValueSpecification\",\"valueRequired\":true,\"valueName\":\"search_term_string\"}}],\"inLanguage\":\"cz-CZ\"},{\"@type\":\"Organization\",\"@id\":\"https:\/\/origon-eu.com\/#organization\",\"name\":\"Origon EU\",\"url\":\"https:\/\/origon-eu.com\/\",\"logo\":{\"@type\":\"ImageObject\",\"inLanguage\":\"cz-CZ\",\"@id\":\"https:\/\/origon-eu.com\/#\/schema\/logo\/image\/\",\"url\":\"https:\/\/origon-eu.com\/wp-content\/uploads\/2024\/04\/Screenshot-2024-04-09-101814.png\",\"contentUrl\":\"https:\/\/origon-eu.com\/wp-content\/uploads\/2024\/04\/Screenshot-2024-04-09-101814.png\",\"width\":171,\"height\":59,\"caption\":\"Origon EU\"},\"image\":{\"@id\":\"https:\/\/origon-eu.com\/#\/schema\/logo\/image\/\"}}]}<\/script>\n<!-- \/ Yoast SEO plugin. -->","yoast_head_json":{"title":"Kouzeln\u00fd sprej na odstran\u011bn\u00ed pl\u00edsn\u011b neht\u016f - Origon EU","robots":{"index":"index","follow":"follow","max-snippet":"max-snippet:-1","max-image-preview":"max-image-preview:large","max-video-preview":"max-video-preview:-1"},"canonical":"https:\/\/origon-eu.com\/cz\/product\/magic-nail-fungus-removal-spray\/","og_locale":"en_US","og_type":"article","og_title":"Kouzeln\u00fd sprej na odstran\u011bn\u00ed pl\u00edsn\u011b neht\u016f - Origon EU","og_description":"Viditeln\u00e9 v\u00fdsledky po 7 dnech aplikace  Sni\u017euje a zpomaluje vypad\u00e1v\u00e1n\u00ed vlas\u016f  Zvy\u0161uje hustotu vlas\u016f  Podporuje r\u016fst nov\u00fdch vlas\u016f  Stimuluje regeneraci ko\u0159\u00ednk\u016f a hustotu vlas\u016f  Pro mu\u017ee i \u017eeny","og_url":"https:\/\/origon-eu.com\/cz\/product\/magic-nail-fungus-removal-spray\/","og_site_name":"Origon EU","article_modified_time":"2025-01-09T12:40:11+00:00","og_image":[{"width":1000,"height":1000,"url":"https:\/\/origon-eu.com\/wp-content\/uploads\/2024\/10\/posledna.webp","type":"image\/webp"}],"twitter_card":"summary_large_image","twitter_misc":{"Est. reading time":"3 minutes"},"schema":{"@context":"https:\/\/schema.org","@graph":[{"@type":"WebPage","@id":"https:\/\/origon-eu.com\/cz\/product\/magic-nail-fungus-removal-spray\/","url":"https:\/\/origon-eu.com\/cz\/product\/magic-nail-fungus-removal-spray\/","name":"Kouzeln\u00fd sprej na odstran\u011bn\u00ed pl\u00edsn\u011b neht\u016f - Origon EU","isPartOf":{"@id":"https:\/\/origon-eu.com\/#website"},"primaryImageOfPage":{"@id":"https:\/\/origon-eu.com\/cz\/product\/magic-nail-fungus-removal-spray\/#primaryimage"},"image":{"@id":"https:\/\/origon-eu.com\/cz\/product\/magic-nail-fungus-removal-spray\/#primaryimage"},"thumbnailUrl":"https:\/\/origon-eu.com\/wp-content\/uploads\/2024\/10\/posledna.webp","datePublished":"2024-10-29T10:02:06+00:00","dateModified":"2025-01-09T12:40:11+00:00","breadcrumb":{"@id":"https:\/\/origon-eu.com\/cz\/product\/magic-nail-fungus-removal-spray\/#breadcrumb"},"inLanguage":"cz-CZ","potentialAction":[{"@type":"ReadAction","target":["https:\/\/origon-eu.com\/cz\/product\/magic-nail-fungus-removal-spray\/"]}]},{"@type":"ImageObject","inLanguage":"cz-CZ","@id":"https:\/\/origon-eu.com\/cz\/product\/magic-nail-fungus-removal-spray\/#primaryimage","url":"https:\/\/origon-eu.com\/wp-content\/uploads\/2024\/10\/posledna.webp","contentUrl":"https:\/\/origon-eu.com\/wp-content\/uploads\/2024\/10\/posledna.webp","width":1000,"height":1000},{"@type":"BreadcrumbList","@id":"https:\/\/origon-eu.com\/cz\/product\/magic-nail-fungus-removal-spray\/#breadcrumb","itemListElement":[{"@type":"ListItem","position":1,"name":"Home","item":"https:\/\/origon-eu.com\/"},{"@type":"ListItem","position":2,"name":"Shop","item":"https:\/\/origon-eu.com\/cz\/shop-2\/"},{"@type":"ListItem","position":3,"name":"Kouzeln\u00fd sprej na odstran\u011bn\u00ed pl\u00edsn\u011b neht\u016f"}]},{"@type":"WebSite","@id":"https:\/\/origon-eu.com\/#website","url":"https:\/\/origon-eu.com\/","name":"Origon EU","description":"Online Store","publisher":{"@id":"https:\/\/origon-eu.com\/#organization"},"potentialAction":[{"@type":"SearchAction","target":{"@type":"EntryPoint","urlTemplate":"https:\/\/origon-eu.com\/?s={search_term_string}"},"query-input":{"@type":"PropertyValueSpecification","valueRequired":true,"valueName":"search_term_string"}}],"inLanguage":"cz-CZ"},{"@type":"Organization","@id":"https:\/\/origon-eu.com\/#organization","name":"Origon EU","url":"https:\/\/origon-eu.com\/","logo":{"@type":"ImageObject","inLanguage":"cz-CZ","@id":"https:\/\/origon-eu.com\/#\/schema\/logo\/image\/","url":"https:\/\/origon-eu.com\/wp-content\/uploads\/2024\/04\/Screenshot-2024-04-09-101814.png","contentUrl":"https:\/\/origon-eu.com\/wp-content\/uploads\/2024\/04\/Screenshot-2024-04-09-101814.png","width":171,"height":59,"caption":"Origon EU"},"image":{"@id":"https:\/\/origon-eu.com\/#\/schema\/logo\/image\/"}}]}},"tiered_pricing_type":"fixed","tiered_pricing_fixed_rules":{"2":"17.99","3":"16.99","4":"15.99"},"tiered_pricing_percentage_rules":[],"tiered_pricing_minimum":1,"tiered_pricing_roles_data":[],"_links":{"self":[{"href":"https:\/\/origon-eu.com\/cz\/wp-json\/wp\/v2\/product\/28846","targetHints":{"allow":["GET"]}}],"collection":[{"href":"https:\/\/origon-eu.com\/cz\/wp-json\/wp\/v2\/product"}],"about":[{"href":"https:\/\/origon-eu.com\/cz\/wp-json\/wp\/v2\/types\/product"}],"version-history":[{"count":1,"href":"https:\/\/origon-eu.com\/cz\/wp-json\/wp\/v2\/product\/28846\/revisions"}],"predecessor-version":[{"id":32806,"href":"https:\/\/origon-eu.com\/cz\/wp-json\/wp\/v2\/product\/28846\/revisions\/32806"}],"wp:featuredmedia":[{"embeddable":true,"href":"https:\/\/origon-eu.com\/cz\/wp-json\/wp\/v2\/media\/28867"}],"wp:attachment":[{"href":"https:\/\/origon-eu.com\/cz\/wp-json\/wp\/v2\/media?parent=28846"}],"wp:term":[{"taxonomy":"product_cat","embeddable":true,"href":"https:\/\/origon-eu.com\/cz\/wp-json\/wp\/v2\/product_cat?post=28846"},{"taxonomy":"product_tag","embeddable":true,"href":"https:\/\/origon-eu.com\/cz\/wp-json\/wp\/v2\/product_tag?post=28846"}],"curies":[{"name":"wp","href":"https:\/\/api.w.org\/{rel}","templated":true}]}}