{"id":26330,"date":"2024-03-15T09:26:43","date_gmt":"2024-03-15T09:26:43","guid":{"rendered":"https:\/\/origon-eu.com\/privacy-policy\/"},"modified":"2024-05-23T17:09:14","modified_gmt":"2024-05-23T15:09:14","slug":"privacy-policy","status":"publish","type":"page","link":"https:\/\/origon-eu.com\/cz\/privacy-policy\/","title":{"rendered":"Podm\u00ednky poskytov\u00e1n\u00ed slu\u017eeb"},"content":{"rendered":"\t\t<div data-elementor-type=\"wp-page\" data-elementor-id=\"26330\" class=\"elementor elementor-26330\" data-elementor-post-type=\"page\">\n\t\t\t\t<div class=\"elementor-element elementor-element-7e921295 e-flex e-con-boxed e-con e-parent\" data-id=\"7e921295\" data-element_type=\"container\">\n\t\t\t\t\t<div class=\"e-con-inner\">\n\t\t\t\t<div class=\"elementor-element elementor-element-1d404fe2 color-scheme-inherit text-left elementor-widget elementor-widget-text-editor\" data-id=\"1d404fe2\" data-element_type=\"widget\" data-widget_type=\"text-editor.default\">\n\t\t\t\t<div class=\"elementor-widget-container\">\n\t\t\t\t\t\t\t\t\t<p>Podm\u00ednky poskytov\u00e1n\u00ed slu\u017eeb<\/p><p>Tyto podm\u00ednky plat\u00ed pro n\u00e1kupy proveden\u00e9 v internetov\u00e9m obchod\u011b origon-eu.com.Podm\u00ednky a ustanoven\u00ed d\u00e1le up\u0159es\u0148uj\u00ed a definuj\u00ed pr\u00e1va a povinnosti prod\u00e1vaj\u00edc\u00edho (d\u00e1le jen oper\u00e1tor) a kupuj\u00edc\u00edho.<\/p><p>Objedn\u00e1n\u00ed a uzav\u0159en\u00ed kupn\u00ed smlouvy V\u0161echny objedn\u00e1vky zaslan\u00e9 prost\u0159ednictv\u00edm internetov\u00e9ho obchodu origon-eu.com jsou z\u00e1vazn\u00e9. Kupuj\u00edc\u00ed potvrzuje objedn\u00e1n\u00edm, \u017ee si p\u0159e\u010detl a souhlas\u00ed s t\u011bmito podm\u00ednkami a ustanoven\u00edmi a postupem pro zru\u0161en\u00ed. Objedn\u00e1vka je n\u00e1vrhem kupn\u00ed smlouvy. Kupn\u00ed smlouva na n\u00e1kup v elektronick\u00e9m obchod\u011b se uzav\u00edr\u00e1 odesl\u00e1n\u00edm objedn\u00e1vky. Oper\u00e1tor mus\u00ed dodat produkt, kter\u00fd si kupuj\u00edc\u00ed objednal. Jednou v\u00fdjimkou je prodej zbo\u017e\u00ed. Podm\u00ednkou platnosti elektronick\u00e9 objedn\u00e1vky je vypln\u011bn\u00ed v\u0161ech informac\u00ed a po\u017eadavk\u016f uveden\u00fdch ve formul\u00e1\u0159i.<\/p><p>M\u00e1me 14denn\u00ed politiku vr\u00e1cen\u00ed pen\u011bz, co\u017e znamen\u00e1, \u017ee si m\u016f\u017eete za\u017e\u00e1dat o vr\u00e1cen\u00ed pen\u011bz do 14 dn\u016f od objedn\u00e1n\u00ed.<\/p><p>M\u00edsto dod\u00e1n\u00ed zbo\u017e\u00ed je adresa pro dod\u00e1n\u00ed, kterou kupuj\u00edc\u00ed uvedl ve formul\u00e1\u0159i objedn\u00e1vky.<\/p><p>Vlastnictv\u00ed zbo\u017e\u00ed p\u0159ech\u00e1z\u00ed na kupuj\u00edc\u00edho jako podm\u00ednka pro zaplacen\u00ed kupn\u00ed ceny a n\u00e1sledn\u00e9ho vykoupen\u00ed.<\/p><p>\u00a0<\/p><p>Reklamace a V\u00fdm\u011bna<\/p><p>V\u0161echny reklamace budou \u0159e\u0161eny v souladu s postupem \u0159e\u0161en\u00ed st\u00ed\u017enost\u00ed internetov\u00e9ho obchodu origon-eu.com<\/p><p>Postup pod\u00e1n\u00ed st\u00ed\u017enosti na zbo\u017e\u00ed je podrobn\u011b pops\u00e1n v postupu pod\u00e1n\u00ed st\u00ed\u017enosti, ale lze ho shrnout n\u00e1sledovn\u011b:<\/p><p>Okam\u017eit\u011b n\u00e1s informujte o sv\u00e9 st\u00ed\u017enosti e-mailem nebo p\u00edsemn\u011b a informujte n\u00e1s o sv\u00e9m navr\u017een\u00e9m \u0159e\u0161en\u00ed. (v\u00fdm\u011bna, oprava, sleva, vr\u00e1cen\u00ed pen\u011bz &#8211; odstoupen\u00ed od smlouvy) Vra\u0165te zbo\u017e\u00ed spolu s dokladem o n\u00e1kupu jako registrovan\u00fd bal\u00ed\u010dek (bez vr\u00e1cen\u00ed pen\u011bz) na na\u0161i adresu. V bal\u00ed\u010dku nebo e-mailem uve\u010fte d\u016fvod st\u00ed\u017enosti a sv\u016fj n\u00e1vrh. na opravu zbo\u017e\u00ed (v\u00fdm\u011bna, oprava, sleva, vr\u00e1cen\u00ed pen\u011bz &#8211; zru\u0161en\u00ed smlouvy) Lh\u016fta pro vy\u0159\u00edzen\u00ed va\u0161\u00ed st\u00ed\u017enosti je 14 dn\u016f. Po\u0161tovn\u00e9 hrad\u00ed kupuj\u00edc\u00ed, pokud dojde k legitimn\u00edmu odstoupen\u00ed nebo odstoupen\u00ed od smlouvy v z\u00e1konn\u00e9 lh\u016ft\u011b a podle podm\u00ednek stanoven\u00fdch z\u00e1konem.<\/p>\t\t\t\t\t\t\t\t<\/div>\n\t\t\t\t<\/div>\n\t\t\t\t\t<\/div>\n\t\t\t\t<\/div>\n\t\t\t\t<\/div>\n\t\t","protected":false},"excerpt":{"rendered":"<p>Podm\u00ednky poskytov\u00e1n\u00ed slu\u017eeb Tyto podm\u00ednky plat\u00ed pro n\u00e1kupy proveden\u00e9 v internetov\u00e9m obchod\u011b origon-eu.com.Podm\u00ednky a ustanoven\u00ed d\u00e1le up\u0159es\u0148uj\u00ed a definuj\u00ed pr\u00e1va<\/p>\n","protected":false},"author":1,"featured_media":0,"parent":0,"menu_order":0,"comment_status":"closed","ping_status":"open","template":"","meta":{"footnotes":""},"class_list":["post-26330","page","type-page","status-publish","hentry"],"yoast_head":"<!-- This site is optimized with the Yoast SEO plugin v24.2 - https:\/\/yoast.com\/wordpress\/plugins\/seo\/ -->\n<title>Podm\u00ednky poskytov\u00e1n\u00ed slu\u017eeb - Origon EU<\/title>\n<meta name=\"robots\" content=\"index, follow, max-snippet:-1, max-image-preview:large, max-video-preview:-1\" \/>\n<link rel=\"canonical\" href=\"https:\/\/origon-eu.com\/cz\/privacy-policy\/\" \/>\n<meta property=\"og:locale\" content=\"en_US\" \/>\n<meta property=\"og:type\" content=\"article\" \/>\n<meta property=\"og:title\" content=\"Podm\u00ednky poskytov\u00e1n\u00ed slu\u017eeb - Origon EU\" \/>\n<meta property=\"og:description\" content=\"Podm\u00ednky poskytov\u00e1n\u00ed slu\u017eeb Tyto podm\u00ednky plat\u00ed pro n\u00e1kupy proveden\u00e9 v internetov\u00e9m obchod\u011b origon-eu.com.Podm\u00ednky a ustanoven\u00ed d\u00e1le up\u0159es\u0148uj\u00ed a definuj\u00ed pr\u00e1va\" \/>\n<meta property=\"og:url\" content=\"https:\/\/origon-eu.com\/cz\/privacy-policy\/\" \/>\n<meta property=\"og:site_name\" content=\"Origon EU\" \/>\n<meta property=\"article:modified_time\" content=\"2024-05-23T15:09:14+00:00\" \/>\n<meta name=\"twitter:card\" content=\"summary_large_image\" \/>\n<meta name=\"twitter:label1\" content=\"Est. reading time\" \/>\n\t<meta name=\"twitter:data1\" content=\"2 minutes\" \/>\n<script type=\"application\/ld+json\" class=\"yoast-schema-graph\">{\"@context\":\"https:\/\/schema.org\",\"@graph\":[{\"@type\":\"WebPage\",\"@id\":\"https:\/\/origon-eu.com\/cz\/privacy-policy\/\",\"url\":\"https:\/\/origon-eu.com\/cz\/privacy-policy\/\",\"name\":\"Podm\u00ednky poskytov\u00e1n\u00ed slu\u017eeb - Origon EU\",\"isPartOf\":{\"@id\":\"https:\/\/origon-eu.com\/#website\"},\"datePublished\":\"2024-03-15T09:26:43+00:00\",\"dateModified\":\"2024-05-23T15:09:14+00:00\",\"breadcrumb\":{\"@id\":\"https:\/\/origon-eu.com\/cz\/privacy-policy\/#breadcrumb\"},\"inLanguage\":\"cz-CZ\",\"potentialAction\":[{\"@type\":\"ReadAction\",\"target\":[\"https:\/\/origon-eu.com\/cz\/privacy-policy\/\"]}]},{\"@type\":\"BreadcrumbList\",\"@id\":\"https:\/\/origon-eu.com\/cz\/privacy-policy\/#breadcrumb\",\"itemListElement\":[{\"@type\":\"ListItem\",\"position\":1,\"name\":\"Home\",\"item\":\"https:\/\/origon-eu.com\/\"},{\"@type\":\"ListItem\",\"position\":2,\"name\":\"Podm\u00ednky poskytov\u00e1n\u00ed slu\u017eeb\"}]},{\"@type\":\"WebSite\",\"@id\":\"https:\/\/origon-eu.com\/#website\",\"url\":\"https:\/\/origon-eu.com\/\",\"name\":\"Origon EU\",\"description\":\"Online Store\",\"publisher\":{\"@id\":\"https:\/\/origon-eu.com\/#organization\"},\"potentialAction\":[{\"@type\":\"SearchAction\",\"target\":{\"@type\":\"EntryPoint\",\"urlTemplate\":\"https:\/\/origon-eu.com\/?s={search_term_string}\"},\"query-input\":{\"@type\":\"PropertyValueSpecification\",\"valueRequired\":true,\"valueName\":\"search_term_string\"}}],\"inLanguage\":\"cz-CZ\"},{\"@type\":\"Organization\",\"@id\":\"https:\/\/origon-eu.com\/#organization\",\"name\":\"Origon EU\",\"url\":\"https:\/\/origon-eu.com\/\",\"logo\":{\"@type\":\"ImageObject\",\"inLanguage\":\"cz-CZ\",\"@id\":\"https:\/\/origon-eu.com\/#\/schema\/logo\/image\/\",\"url\":\"https:\/\/origon-eu.com\/wp-content\/uploads\/2024\/04\/Screenshot-2024-04-09-101814.png\",\"contentUrl\":\"https:\/\/origon-eu.com\/wp-content\/uploads\/2024\/04\/Screenshot-2024-04-09-101814.png\",\"width\":171,\"height\":59,\"caption\":\"Origon EU\"},\"image\":{\"@id\":\"https:\/\/origon-eu.com\/#\/schema\/logo\/image\/\"}}]}<\/script>\n<!-- \/ Yoast SEO plugin. -->","yoast_head_json":{"title":"Podm\u00ednky poskytov\u00e1n\u00ed slu\u017eeb - Origon EU","robots":{"index":"index","follow":"follow","max-snippet":"max-snippet:-1","max-image-preview":"max-image-preview:large","max-video-preview":"max-video-preview:-1"},"canonical":"https:\/\/origon-eu.com\/cz\/privacy-policy\/","og_locale":"en_US","og_type":"article","og_title":"Podm\u00ednky poskytov\u00e1n\u00ed slu\u017eeb - Origon EU","og_description":"Podm\u00ednky poskytov\u00e1n\u00ed slu\u017eeb Tyto podm\u00ednky plat\u00ed pro n\u00e1kupy proveden\u00e9 v internetov\u00e9m obchod\u011b origon-eu.com.Podm\u00ednky a ustanoven\u00ed d\u00e1le up\u0159es\u0148uj\u00ed a definuj\u00ed pr\u00e1va","og_url":"https:\/\/origon-eu.com\/cz\/privacy-policy\/","og_site_name":"Origon EU","article_modified_time":"2024-05-23T15:09:14+00:00","twitter_card":"summary_large_image","twitter_misc":{"Est. reading time":"2 minutes"},"schema":{"@context":"https:\/\/schema.org","@graph":[{"@type":"WebPage","@id":"https:\/\/origon-eu.com\/cz\/privacy-policy\/","url":"https:\/\/origon-eu.com\/cz\/privacy-policy\/","name":"Podm\u00ednky poskytov\u00e1n\u00ed slu\u017eeb - Origon EU","isPartOf":{"@id":"https:\/\/origon-eu.com\/#website"},"datePublished":"2024-03-15T09:26:43+00:00","dateModified":"2024-05-23T15:09:14+00:00","breadcrumb":{"@id":"https:\/\/origon-eu.com\/cz\/privacy-policy\/#breadcrumb"},"inLanguage":"cz-CZ","potentialAction":[{"@type":"ReadAction","target":["https:\/\/origon-eu.com\/cz\/privacy-policy\/"]}]},{"@type":"BreadcrumbList","@id":"https:\/\/origon-eu.com\/cz\/privacy-policy\/#breadcrumb","itemListElement":[{"@type":"ListItem","position":1,"name":"Home","item":"https:\/\/origon-eu.com\/"},{"@type":"ListItem","position":2,"name":"Podm\u00ednky poskytov\u00e1n\u00ed slu\u017eeb"}]},{"@type":"WebSite","@id":"https:\/\/origon-eu.com\/#website","url":"https:\/\/origon-eu.com\/","name":"Origon EU","description":"Online Store","publisher":{"@id":"https:\/\/origon-eu.com\/#organization"},"potentialAction":[{"@type":"SearchAction","target":{"@type":"EntryPoint","urlTemplate":"https:\/\/origon-eu.com\/?s={search_term_string}"},"query-input":{"@type":"PropertyValueSpecification","valueRequired":true,"valueName":"search_term_string"}}],"inLanguage":"cz-CZ"},{"@type":"Organization","@id":"https:\/\/origon-eu.com\/#organization","name":"Origon EU","url":"https:\/\/origon-eu.com\/","logo":{"@type":"ImageObject","inLanguage":"cz-CZ","@id":"https:\/\/origon-eu.com\/#\/schema\/logo\/image\/","url":"https:\/\/origon-eu.com\/wp-content\/uploads\/2024\/04\/Screenshot-2024-04-09-101814.png","contentUrl":"https:\/\/origon-eu.com\/wp-content\/uploads\/2024\/04\/Screenshot-2024-04-09-101814.png","width":171,"height":59,"caption":"Origon EU"},"image":{"@id":"https:\/\/origon-eu.com\/#\/schema\/logo\/image\/"}}]}},"_links":{"self":[{"href":"https:\/\/origon-eu.com\/cz\/wp-json\/wp\/v2\/pages\/26330","targetHints":{"allow":["GET"]}}],"collection":[{"href":"https:\/\/origon-eu.com\/cz\/wp-json\/wp\/v2\/pages"}],"about":[{"href":"https:\/\/origon-eu.com\/cz\/wp-json\/wp\/v2\/types\/page"}],"author":[{"embeddable":true,"href":"https:\/\/origon-eu.com\/cz\/wp-json\/wp\/v2\/users\/1"}],"replies":[{"embeddable":true,"href":"https:\/\/origon-eu.com\/cz\/wp-json\/wp\/v2\/comments?post=26330"}],"version-history":[{"count":0,"href":"https:\/\/origon-eu.com\/cz\/wp-json\/wp\/v2\/pages\/26330\/revisions"}],"wp:attachment":[{"href":"https:\/\/origon-eu.com\/cz\/wp-json\/wp\/v2\/media?parent=26330"}],"curies":[{"name":"wp","href":"https:\/\/api.w.org\/{rel}","templated":true}]}}