{"id":26321,"date":"2024-04-05T07:46:50","date_gmt":"2024-04-05T07:46:50","guid":{"rendered":"https:\/\/origon-eu.com\/pravila-o-zastiti-privatnosti\/"},"modified":"2024-05-23T17:08:31","modified_gmt":"2024-05-23T15:08:31","slug":"pravila-o-zastiti-privatnosti","status":"publish","type":"page","link":"https:\/\/origon-eu.com\/cz\/pravila-o-zastiti-privatnosti\/","title":{"rendered":"Z\u00e1sady ochrany osobn\u00edch \u00fadaj\u016f"},"content":{"rendered":"\t\t<div data-elementor-type=\"wp-page\" data-elementor-id=\"26321\" class=\"elementor elementor-26321 elementor-14393\" data-elementor-post-type=\"page\">\n\t\t\t\t<div class=\"elementor-element elementor-element-694b288 e-flex e-con-boxed e-con e-parent\" data-id=\"694b288\" data-element_type=\"container\">\n\t\t\t\t\t<div class=\"e-con-inner\">\n\t\t\t\t<div class=\"elementor-element elementor-element-6d02187 color-scheme-inherit text-left elementor-widget elementor-widget-text-editor\" data-id=\"6d02187\" data-element_type=\"widget\" data-widget_type=\"text-editor.default\">\n\t\t\t\t<div class=\"elementor-widget-container\">\n\t\t\t\t\t\t\t\t\t<p>Z\u00e1sady ochrany osobn\u00edch \u00fadaj\u016f<\/p><p>Spr\u00e1vce internetov\u00e9ho obchodu jako provozovatel osobn\u00edch \u00fadaj\u016f zpracov\u00e1v\u00e1 osobn\u00ed \u00fadaje, kter\u00e9 u\u017eivatel poskytne provozovateli v souladu se platn\u00fdm pr\u00e1vn\u00edm p\u0159edpisem. V\u0161echny \u00fadaje p\u0159ijat\u00e9 od n\u00e1v\u0161t\u011bvn\u00edk\u016f webov\u00fdch str\u00e1nek (d\u00e1le jen osobn\u00ed \u00fadaje) jsou pova\u017eov\u00e1ny za osobn\u00ed \u00fadaje a chr\u00e1n\u00ed se v souladu se z\u00e1konem \u010d. 101\/2000 Sb. (z\u00e1kon o ochran\u011b osobn\u00edch \u00fadaj\u016f) a na\u0159\u00edzen\u00edm GDPR.<\/p><p>\u00a0<\/p><p>U\u017eivatel t\u00e9to webov\u00e9 str\u00e1nky souhlas\u00ed se zpracov\u00e1n\u00edm osobn\u00edch \u00fadaj\u016f v souladu s v\u00fd\u0161e uveden\u00fdmi z\u00e1kony a p\u0159\u00edslu\u0161n\u00fdmi p\u0159edpisy. Spr\u00e1vce zpracov\u00e1n\u00ed se zavazuje, \u017ee nebude p\u0159ed\u00e1vat osobn\u00ed \u00fadaje t\u0159et\u00edm stran\u00e1m, s v\u00fdjimkou subjekt\u016f, kter\u00e9 byly provozovatelem pov\u011b\u0159eny na z\u00e1klad\u011b smlouvy o zpracov\u00e1n\u00ed. U\u017eivatel v\u00fdslovn\u011b souhlas\u00ed a informuje provozovatele o zpracov\u00e1n\u00ed sv\u00fdch osobn\u00edch \u00fadaj\u016f pro statistick\u00e9, analytick\u00e9 a reklamn\u00ed \u00fa\u010dely (viz pou\u017eit\u00ed cookies). Spr\u00e1vce zpracov\u00e1n\u00ed sb\u00edr\u00e1 ur\u010dit\u00e9 \u00fadaje o u\u017eivatel\u00edch b\u011bhem jejich n\u00e1v\u0161t\u011bv. Tyto \u00fadaje jsou zcela anonymn\u00ed a provozovatel je sb\u00edr\u00e1 a zpracov\u00e1v\u00e1 v\u00fdhradn\u011b za \u00fa\u010delem rozvoje a zlep\u0161ov\u00e1n\u00ed webov\u00fdch str\u00e1nek.<\/p><p>\u00a0<\/p><p>Z\u00e1sady pou\u017e\u00edv\u00e1n\u00ed soubor\u016f cookie<\/p><p>\u00a0<\/p><p>Tato webov\u00e1 str\u00e1nka pou\u017e\u00edv\u00e1 cookies pro [WEB STR\u00c1NKA], Google Adwords, Google Analytics, Facebook, Sklik, Heureka Zbozi.cz za \u00fa\u010delem poskytov\u00e1n\u00ed slu\u017eeb, tvorby personalizovan\u00fdch reklam a anal\u00fdzy provozu.<\/p><p>\u00a0<\/p><p>OBECN\u00c9 PODM\u00cdNKY OCHRANY OSOBN\u00cdCH \u00daDAJ\u016e V SOULADU S OBECNOU NA\u0158\u00cdZEN\u00cdM O OCHRAN\u011a \u00daDAJ\u016e obsa\u017een\u00e9 v podm\u00ednk\u00e1ch pou\u017eit\u00ed.<\/p><p>\u00a0<\/p><p>Ochrana osobn\u00edch \u00fadaj\u016f kupuj\u00edc\u00edho, kter\u00fd je fyzickou osobou, je upravena ustanoven\u00edm z\u00e1kona \u010d. 101\/2000 Sb. a na\u0159\u00edzen\u00edm GDPR (\u010dl. 4(11) GDPR a \u010dl\u00e1nek 7 GDPR) na ochranu osobn\u00edch \u00fadaj\u016f.<\/p><p>\u00a0<\/p><p>Pro vykon\u00e1n\u00ed smlouvy bude dodavatel zpracov\u00e1vat osobn\u00ed \u00fadaje kupuj\u00edc\u00edho, a to: jm\u00e9no, p\u0159\u00edjmen\u00ed, n\u00e1zev spole\u010dnosti, adresa, \u010d\u00edslo soci\u00e1ln\u00edho poji\u0161t\u011bn\u00ed, da\u0148ov\u00e9 identifika\u010dn\u00ed \u010d\u00edslo, e-mailov\u00e1 adresa, telefonn\u00ed \u010d\u00edslo (d\u00e1le spole\u010dn\u011b ozna\u010dov\u00e1ny jako &#8220;osobn\u00ed \u00fadaje&#8221;).<\/p><p>\u00a0<\/p><p>Dodavatel bude zpracov\u00e1vat osobn\u00ed \u00fadaje kupuj\u00edc\u00edho za \u00fa\u010delem uplatn\u011bn\u00ed a dodr\u017eov\u00e1n\u00ed pr\u00e1v a povinnost\u00ed stanoven\u00fdch kupn\u00ed smlouvou.<\/p><p>\u00a0<\/p><p>Kupuj\u00edc\u00ed potvrzuje, \u017ee je povinen poskytnout p\u0159esn\u00e9 a pravdiv\u00e9 osobn\u00ed \u00fadaje (p\u0159i registraci, na sv\u00e9m u\u017eivatelsk\u00e9m \u00fa\u010dtu, p\u0159i objedn\u00e1v\u00e1n\u00ed na webov\u00e9m rozhran\u00ed obchodu) a je povinen okam\u017eit\u011b informovat prod\u00e1vaj\u00edc\u00edho o v\u0161ech zm\u011bn\u00e1ch sv\u00fdch \u00fadaj\u016f.<\/p><p>\u00a0<\/p><p>B\u011bhem zpracov\u00e1n\u00ed osobn\u00edch \u00fadaj\u016f u\u017eivatel\u016f m\u016f\u017ee poskytovatel tak\u00e9 sv\u011b\u0159it roli zpracovatele t\u0159et\u00edm stran\u00e1m. Osobn\u00ed \u00fadaje nebudou p\u0159ed\u00e1ny t\u0159et\u00edm stran\u00e1m bez p\u0159edchoz\u00edho souhlasu poskytovatele t\u0159et\u00edm osob\u00e1m, kter\u00e9 nemaj\u00ed pr\u00e1vo jednat jako zpracovatel\u00e9, s v\u00fdjimkou slu\u017eeb Heureka.sk, Zbozi.cz, partnersk\u00fdch subjekt\u016f a osob zapojen\u00fdch do p\u0159epravy zbo\u017e\u00ed.<\/p><p>\u00a0<\/p><p>Kupuj\u00edc\u00ed potvrzuje, \u017ee poskytnut\u00e9 osobn\u00ed \u00fadaje jsou p\u0159esn\u00e9, a potvrzuje, \u017ee je nutn\u00e9 dobrovoln\u00e9 sd\u011blen\u00ed takov\u00fdch osobn\u00edch \u00fadaj\u016f.<\/p><p>\u00a0<\/p><p>Pokud kupuj\u00edc\u00ed pova\u017euje, \u017ee prod\u00e1vaj\u00edc\u00ed nebo opr\u00e1vn\u011bn\u00fd zpracovatel (\u010dl\u00e1nek 1.60.) zpracov\u00e1v\u00e1 jeho osobn\u00ed \u00fadaje navzdory ochran\u011b soukrom\u00ed a ochran\u011b soukrom\u00ed kupuj\u00edc\u00edho nebo navzdory poru\u0161en\u00ed z\u00e1kona, zejm\u00e9na pokud jsou osobn\u00ed \u00fadaje nespr\u00e1vn\u00e9 vzhledem k jejich zpracov\u00e1n\u00ed vzhledem k jejich \u00fa\u010delu, m\u00e1 pr\u00e1vo:<\/p><p>\u00a0<\/p><p>Podat \u017e\u00e1dost o opravu osobn\u00edch \u00fadaj\u016f Podat \u017e\u00e1dost prod\u00e1vaj\u00edc\u00edmu nebo zpracovateli o opravu situace Podat \u017e\u00e1dost prod\u00e1vaj\u00edc\u00edmu nebo zpracovateli o n\u00e1mitku proti zpracov\u00e1n\u00ed \u00fadaj\u016f Pokud kupuj\u00edc\u00ed po\u017eaduje informace o zpracov\u00e1n\u00ed sv\u00fdch \u00fadaj\u016f, prod\u00e1vaj\u00edc\u00ed je povinen poskytnout. Prod\u00e1vaj\u00edc\u00ed m\u00e1 pr\u00e1vo po\u017eadovat zvl\u00e1\u0161tn\u00ed poplatek za poskytnut\u00ed informac\u00ed, kter\u00e9 p\u0159ekra\u010duj\u00ed v\u00fd\u0161e uveden\u00e9 n\u00e1klady, ani\u017e by p\u0159ekro\u010dil n\u00e1klady nutn\u00e9 k poskytnut\u00ed informac\u00ed.<\/p><p>\u00a0<\/p><p>Podm\u00ednky ochrany osobn\u00edch \u00fadaj\u016f t\u00e9to verze nab\u00fdvaj\u00ed \u00fa\u010dinnosti dne 24. kv\u011btna 2018. ZPRACOV\u00c1N\u00cd OSOBN\u00cdCH \u00daDAJ\u016e ZA MARKETINGOV\u00ddMI \u00da\u010cELY V SOULADU S P\u0158EDPISY GDPR.<\/p><p>\u00a0<\/p><p>AGRAM GROUP LTD 71-75, Shelton Street, Covent Garden, Lond\u00fdn, WC2H 9JQ, SPOJEN\u00c9 KR\u00c1LOVSTV\u00cd \/ info@origon-eu.com<\/p><p>\u00a0<\/p><p>Opr\u00e1vn\u011bn\u00ed k registraci: Okresn\u00ed soud v Lond\u00fdn\u011b IBAN BE73 9673 2562 8760 \/\/ I\u010cO: 14181933<\/p>\t\t\t\t\t\t\t\t<\/div>\n\t\t\t\t<\/div>\n\t\t\t\t\t<\/div>\n\t\t\t\t<\/div>\n\t\t\t\t<\/div>\n\t\t","protected":false},"excerpt":{"rendered":"<p>Z\u00e1sady ochrany osobn\u00edch \u00fadaj\u016f Spr\u00e1vce internetov\u00e9ho obchodu jako provozovatel osobn\u00edch \u00fadaj\u016f zpracov\u00e1v\u00e1 osobn\u00ed \u00fadaje, kter\u00e9 u\u017eivatel poskytne provozovateli v souladu<\/p>\n","protected":false},"author":1,"featured_media":0,"parent":0,"menu_order":0,"comment_status":"closed","ping_status":"closed","template":"","meta":{"footnotes":""},"class_list":["post-26321","page","type-page","status-publish","hentry"],"yoast_head":"<!-- This site is optimized with the Yoast SEO plugin v24.2 - https:\/\/yoast.com\/wordpress\/plugins\/seo\/ -->\n<title>Z\u00e1sady ochrany osobn\u00edch \u00fadaj\u016f - Origon EU<\/title>\n<meta name=\"robots\" content=\"index, follow, max-snippet:-1, max-image-preview:large, max-video-preview:-1\" \/>\n<link rel=\"canonical\" href=\"https:\/\/origon-eu.com\/cz\/pravila-o-zastiti-privatnosti\/\" \/>\n<meta property=\"og:locale\" content=\"en_US\" \/>\n<meta property=\"og:type\" content=\"article\" \/>\n<meta property=\"og:title\" content=\"Z\u00e1sady ochrany osobn\u00edch \u00fadaj\u016f - Origon EU\" \/>\n<meta property=\"og:description\" content=\"Z\u00e1sady ochrany osobn\u00edch \u00fadaj\u016f Spr\u00e1vce internetov\u00e9ho obchodu jako provozovatel osobn\u00edch \u00fadaj\u016f zpracov\u00e1v\u00e1 osobn\u00ed \u00fadaje, kter\u00e9 u\u017eivatel poskytne provozovateli v souladu\" \/>\n<meta property=\"og:url\" content=\"https:\/\/origon-eu.com\/cz\/pravila-o-zastiti-privatnosti\/\" \/>\n<meta property=\"og:site_name\" content=\"Origon EU\" \/>\n<meta property=\"article:modified_time\" content=\"2024-05-23T15:08:31+00:00\" \/>\n<meta name=\"twitter:card\" content=\"summary_large_image\" \/>\n<meta name=\"twitter:label1\" content=\"Est. reading time\" \/>\n\t<meta name=\"twitter:data1\" content=\"3 minutes\" \/>\n<script type=\"application\/ld+json\" class=\"yoast-schema-graph\">{\"@context\":\"https:\/\/schema.org\",\"@graph\":[{\"@type\":\"WebPage\",\"@id\":\"https:\/\/origon-eu.com\/cz\/pravila-o-zastiti-privatnosti\/\",\"url\":\"https:\/\/origon-eu.com\/cz\/pravila-o-zastiti-privatnosti\/\",\"name\":\"Z\u00e1sady ochrany osobn\u00edch \u00fadaj\u016f - Origon EU\",\"isPartOf\":{\"@id\":\"https:\/\/origon-eu.com\/#website\"},\"datePublished\":\"2024-04-05T07:46:50+00:00\",\"dateModified\":\"2024-05-23T15:08:31+00:00\",\"breadcrumb\":{\"@id\":\"https:\/\/origon-eu.com\/cz\/pravila-o-zastiti-privatnosti\/#breadcrumb\"},\"inLanguage\":\"cz-CZ\",\"potentialAction\":[{\"@type\":\"ReadAction\",\"target\":[\"https:\/\/origon-eu.com\/cz\/pravila-o-zastiti-privatnosti\/\"]}]},{\"@type\":\"BreadcrumbList\",\"@id\":\"https:\/\/origon-eu.com\/cz\/pravila-o-zastiti-privatnosti\/#breadcrumb\",\"itemListElement\":[{\"@type\":\"ListItem\",\"position\":1,\"name\":\"Home\",\"item\":\"https:\/\/origon-eu.com\/\"},{\"@type\":\"ListItem\",\"position\":2,\"name\":\"Z\u00e1sady ochrany osobn\u00edch \u00fadaj\u016f\"}]},{\"@type\":\"WebSite\",\"@id\":\"https:\/\/origon-eu.com\/#website\",\"url\":\"https:\/\/origon-eu.com\/\",\"name\":\"Origon EU\",\"description\":\"Online Store\",\"publisher\":{\"@id\":\"https:\/\/origon-eu.com\/#organization\"},\"potentialAction\":[{\"@type\":\"SearchAction\",\"target\":{\"@type\":\"EntryPoint\",\"urlTemplate\":\"https:\/\/origon-eu.com\/?s={search_term_string}\"},\"query-input\":{\"@type\":\"PropertyValueSpecification\",\"valueRequired\":true,\"valueName\":\"search_term_string\"}}],\"inLanguage\":\"cz-CZ\"},{\"@type\":\"Organization\",\"@id\":\"https:\/\/origon-eu.com\/#organization\",\"name\":\"Origon EU\",\"url\":\"https:\/\/origon-eu.com\/\",\"logo\":{\"@type\":\"ImageObject\",\"inLanguage\":\"cz-CZ\",\"@id\":\"https:\/\/origon-eu.com\/#\/schema\/logo\/image\/\",\"url\":\"https:\/\/origon-eu.com\/wp-content\/uploads\/2024\/04\/Screenshot-2024-04-09-101814.png\",\"contentUrl\":\"https:\/\/origon-eu.com\/wp-content\/uploads\/2024\/04\/Screenshot-2024-04-09-101814.png\",\"width\":171,\"height\":59,\"caption\":\"Origon EU\"},\"image\":{\"@id\":\"https:\/\/origon-eu.com\/#\/schema\/logo\/image\/\"}}]}<\/script>\n<!-- \/ Yoast SEO plugin. -->","yoast_head_json":{"title":"Z\u00e1sady ochrany osobn\u00edch \u00fadaj\u016f - Origon EU","robots":{"index":"index","follow":"follow","max-snippet":"max-snippet:-1","max-image-preview":"max-image-preview:large","max-video-preview":"max-video-preview:-1"},"canonical":"https:\/\/origon-eu.com\/cz\/pravila-o-zastiti-privatnosti\/","og_locale":"en_US","og_type":"article","og_title":"Z\u00e1sady ochrany osobn\u00edch \u00fadaj\u016f - Origon EU","og_description":"Z\u00e1sady ochrany osobn\u00edch \u00fadaj\u016f Spr\u00e1vce internetov\u00e9ho obchodu jako provozovatel osobn\u00edch \u00fadaj\u016f zpracov\u00e1v\u00e1 osobn\u00ed \u00fadaje, kter\u00e9 u\u017eivatel poskytne provozovateli v souladu","og_url":"https:\/\/origon-eu.com\/cz\/pravila-o-zastiti-privatnosti\/","og_site_name":"Origon EU","article_modified_time":"2024-05-23T15:08:31+00:00","twitter_card":"summary_large_image","twitter_misc":{"Est. reading time":"3 minutes"},"schema":{"@context":"https:\/\/schema.org","@graph":[{"@type":"WebPage","@id":"https:\/\/origon-eu.com\/cz\/pravila-o-zastiti-privatnosti\/","url":"https:\/\/origon-eu.com\/cz\/pravila-o-zastiti-privatnosti\/","name":"Z\u00e1sady ochrany osobn\u00edch \u00fadaj\u016f - Origon EU","isPartOf":{"@id":"https:\/\/origon-eu.com\/#website"},"datePublished":"2024-04-05T07:46:50+00:00","dateModified":"2024-05-23T15:08:31+00:00","breadcrumb":{"@id":"https:\/\/origon-eu.com\/cz\/pravila-o-zastiti-privatnosti\/#breadcrumb"},"inLanguage":"cz-CZ","potentialAction":[{"@type":"ReadAction","target":["https:\/\/origon-eu.com\/cz\/pravila-o-zastiti-privatnosti\/"]}]},{"@type":"BreadcrumbList","@id":"https:\/\/origon-eu.com\/cz\/pravila-o-zastiti-privatnosti\/#breadcrumb","itemListElement":[{"@type":"ListItem","position":1,"name":"Home","item":"https:\/\/origon-eu.com\/"},{"@type":"ListItem","position":2,"name":"Z\u00e1sady ochrany osobn\u00edch \u00fadaj\u016f"}]},{"@type":"WebSite","@id":"https:\/\/origon-eu.com\/#website","url":"https:\/\/origon-eu.com\/","name":"Origon EU","description":"Online Store","publisher":{"@id":"https:\/\/origon-eu.com\/#organization"},"potentialAction":[{"@type":"SearchAction","target":{"@type":"EntryPoint","urlTemplate":"https:\/\/origon-eu.com\/?s={search_term_string}"},"query-input":{"@type":"PropertyValueSpecification","valueRequired":true,"valueName":"search_term_string"}}],"inLanguage":"cz-CZ"},{"@type":"Organization","@id":"https:\/\/origon-eu.com\/#organization","name":"Origon EU","url":"https:\/\/origon-eu.com\/","logo":{"@type":"ImageObject","inLanguage":"cz-CZ","@id":"https:\/\/origon-eu.com\/#\/schema\/logo\/image\/","url":"https:\/\/origon-eu.com\/wp-content\/uploads\/2024\/04\/Screenshot-2024-04-09-101814.png","contentUrl":"https:\/\/origon-eu.com\/wp-content\/uploads\/2024\/04\/Screenshot-2024-04-09-101814.png","width":171,"height":59,"caption":"Origon EU"},"image":{"@id":"https:\/\/origon-eu.com\/#\/schema\/logo\/image\/"}}]}},"_links":{"self":[{"href":"https:\/\/origon-eu.com\/cz\/wp-json\/wp\/v2\/pages\/26321","targetHints":{"allow":["GET"]}}],"collection":[{"href":"https:\/\/origon-eu.com\/cz\/wp-json\/wp\/v2\/pages"}],"about":[{"href":"https:\/\/origon-eu.com\/cz\/wp-json\/wp\/v2\/types\/page"}],"author":[{"embeddable":true,"href":"https:\/\/origon-eu.com\/cz\/wp-json\/wp\/v2\/users\/1"}],"replies":[{"embeddable":true,"href":"https:\/\/origon-eu.com\/cz\/wp-json\/wp\/v2\/comments?post=26321"}],"version-history":[{"count":0,"href":"https:\/\/origon-eu.com\/cz\/wp-json\/wp\/v2\/pages\/26321\/revisions"}],"wp:attachment":[{"href":"https:\/\/origon-eu.com\/cz\/wp-json\/wp\/v2\/media?parent=26321"}],"curies":[{"name":"wp","href":"https:\/\/api.w.org\/{rel}","templated":true}]}}