{"id":69956,"date":"2026-03-29T12:42:09","date_gmt":"2026-03-29T10:42:09","guid":{"rendered":"https:\/\/origon-eu.com\/cro\/?post_type=product&#038;p=69956"},"modified":"2026-04-01T08:25:54","modified_gmt":"2026-04-01T06:25:54","slug":"teleskopske-skare-i-motorna-pila-3-u-1-za-rezidbu-stabala","status":"publish","type":"product","link":"https:\/\/origon-eu.com\/cro\/product\/teleskopske-skare-i-motorna-pila-3-u-1-za-rezidbu-stabala\/","title":{"rendered":"Teleskopske \u0161kare i motorna pila 3-u-1 za rezidbu stabala"},"content":{"rendered":"<p>Teleskopska motka do 4,6 m \u2013 re\u017eite visoke grane bez ljestvi<br \/>\nElektri\u010dne \u0161kare 30 mm \u2013 re\u017ee bez napora u sekundama<br \/>\nSustav 3-u-1 \u2013 jedan alat za cijeli vrt<br \/>\nSna\u017ean elektromotor \u2013 brzo i u\u010dinkovito rezanje<br \/>\nBe\u017ei\u010dni dizajn \u2013 sloboda kretanja bez kabela<\/p>\n","protected":false},"excerpt":{"rendered":"<p>Teleskopska motka do 4,6 m \u2013 re\u017eite visoke grane bez ljestvi Elektri\u010dne \u0161kare 30 mm \u2013 re\u017ee bez napora u<\/p>\n","protected":false},"featured_media":69958,"template":"","meta":{"_acf_changed":false},"product_brand":[],"product_cat":[165],"product_tag":[],"class_list":{"0":"post-69956","1":"product","2":"type-product","3":"status-publish","4":"has-post-thumbnail","6":"product_cat-uncategorized","8":"first","9":"instock","10":"sale","11":"shipping-taxable","12":"purchasable","13":"product-type-simple"},"acf":[],"yoast_head":"<!-- This site is optimized with the Yoast SEO plugin v24.2 - https:\/\/yoast.com\/wordpress\/plugins\/seo\/ -->\n<title>Teleskopske \u0161kare i motorna pila 3-u-1 za rezidbu stabala - Origon EU<\/title>\n<meta name=\"robots\" content=\"index, follow, max-snippet:-1, max-image-preview:large, max-video-preview:-1\" \/>\n<link rel=\"canonical\" href=\"https:\/\/origon-eu.com\/cro\/product\/teleskopske-skare-i-motorna-pila-3-u-1-za-rezidbu-stabala\/\" \/>\n<meta property=\"og:locale\" content=\"hr_HR\" \/>\n<meta property=\"og:type\" content=\"article\" \/>\n<meta property=\"og:title\" content=\"Teleskopske \u0161kare i motorna pila 3-u-1 za rezidbu stabala - Origon EU\" \/>\n<meta property=\"og:description\" content=\"Teleskopska motka do 4,6 m \u2013 re\u017eite visoke grane bez ljestvi Elektri\u010dne \u0161kare 30 mm \u2013 re\u017ee bez napora u\" \/>\n<meta property=\"og:url\" content=\"https:\/\/origon-eu.com\/cro\/product\/teleskopske-skare-i-motorna-pila-3-u-1-za-rezidbu-stabala\/\" \/>\n<meta property=\"og:site_name\" content=\"Origon EU\" \/>\n<meta property=\"article:modified_time\" content=\"2026-04-01T06:25:54+00:00\" \/>\n<meta property=\"og:image\" content=\"https:\/\/origon-eu.com\/cro\/wp-content\/uploads\/2026\/03\/b6x9vejdvoywgl4pvdt2.webp\" \/>\n\t<meta property=\"og:image:width\" content=\"1080\" \/>\n\t<meta property=\"og:image:height\" content=\"1080\" \/>\n\t<meta property=\"og:image:type\" content=\"image\/webp\" \/>\n<meta name=\"twitter:card\" content=\"summary_large_image\" \/>\n<meta name=\"twitter:label1\" content=\"Procijenjeno vrijeme \u010ditanja\" \/>\n\t<meta name=\"twitter:data1\" content=\"1 minuta\" \/>\n<script type=\"application\/ld+json\" class=\"yoast-schema-graph\">{\"@context\":\"https:\/\/schema.org\",\"@graph\":[{\"@type\":\"WebPage\",\"@id\":\"https:\/\/origon-eu.com\/cro\/product\/teleskopske-skare-i-motorna-pila-3-u-1-za-rezidbu-stabala\/\",\"url\":\"https:\/\/origon-eu.com\/cro\/product\/teleskopske-skare-i-motorna-pila-3-u-1-za-rezidbu-stabala\/\",\"name\":\"Teleskopske \u0161kare i motorna pila 3-u-1 za rezidbu stabala - Origon EU\",\"isPartOf\":{\"@id\":\"https:\/\/origon-eu.com\/cro\/#website\"},\"primaryImageOfPage\":{\"@id\":\"https:\/\/origon-eu.com\/cro\/product\/teleskopske-skare-i-motorna-pila-3-u-1-za-rezidbu-stabala\/#primaryimage\"},\"image\":{\"@id\":\"https:\/\/origon-eu.com\/cro\/product\/teleskopske-skare-i-motorna-pila-3-u-1-za-rezidbu-stabala\/#primaryimage\"},\"thumbnailUrl\":\"https:\/\/origon-eu.com\/cro\/wp-content\/uploads\/2026\/03\/b6x9vejdvoywgl4pvdt2.webp\",\"datePublished\":\"2026-03-29T10:42:09+00:00\",\"dateModified\":\"2026-04-01T06:25:54+00:00\",\"breadcrumb\":{\"@id\":\"https:\/\/origon-eu.com\/cro\/product\/teleskopske-skare-i-motorna-pila-3-u-1-za-rezidbu-stabala\/#breadcrumb\"},\"inLanguage\":\"hr\",\"potentialAction\":[{\"@type\":\"ReadAction\",\"target\":[\"https:\/\/origon-eu.com\/cro\/product\/teleskopske-skare-i-motorna-pila-3-u-1-za-rezidbu-stabala\/\"]}]},{\"@type\":\"ImageObject\",\"inLanguage\":\"hr\",\"@id\":\"https:\/\/origon-eu.com\/cro\/product\/teleskopske-skare-i-motorna-pila-3-u-1-za-rezidbu-stabala\/#primaryimage\",\"url\":\"https:\/\/origon-eu.com\/cro\/wp-content\/uploads\/2026\/03\/b6x9vejdvoywgl4pvdt2.webp\",\"contentUrl\":\"https:\/\/origon-eu.com\/cro\/wp-content\/uploads\/2026\/03\/b6x9vejdvoywgl4pvdt2.webp\",\"width\":1080,\"height\":1080},{\"@type\":\"BreadcrumbList\",\"@id\":\"https:\/\/origon-eu.com\/cro\/product\/teleskopske-skare-i-motorna-pila-3-u-1-za-rezidbu-stabala\/#breadcrumb\",\"itemListElement\":[{\"@type\":\"ListItem\",\"position\":1,\"name\":\"Home\",\"item\":\"https:\/\/origon-eu.com\/cro\/\"},{\"@type\":\"ListItem\",\"position\":2,\"name\":\"Katalog\",\"item\":\"https:\/\/origon-eu.com\/cro\/hr\/shop-2\/\"},{\"@type\":\"ListItem\",\"position\":3,\"name\":\"Teleskopske \u0161kare i motorna pila 3-u-1 za rezidbu stabala\"}]},{\"@type\":\"WebSite\",\"@id\":\"https:\/\/origon-eu.com\/cro\/#website\",\"url\":\"https:\/\/origon-eu.com\/cro\/\",\"name\":\"Origon EU\",\"description\":\"Online Store\",\"publisher\":{\"@id\":\"https:\/\/origon-eu.com\/cro\/#organization\"},\"potentialAction\":[{\"@type\":\"SearchAction\",\"target\":{\"@type\":\"EntryPoint\",\"urlTemplate\":\"https:\/\/origon-eu.com\/cro\/?s={search_term_string}\"},\"query-input\":{\"@type\":\"PropertyValueSpecification\",\"valueRequired\":true,\"valueName\":\"search_term_string\"}}],\"inLanguage\":\"hr\"},{\"@type\":\"Organization\",\"@id\":\"https:\/\/origon-eu.com\/cro\/#organization\",\"name\":\"Origon EU\",\"url\":\"https:\/\/origon-eu.com\/cro\/\",\"logo\":{\"@type\":\"ImageObject\",\"inLanguage\":\"hr\",\"@id\":\"https:\/\/origon-eu.com\/cro\/#\/schema\/logo\/image\/\",\"url\":\"https:\/\/origon-eu.com\/cro\/wp-content\/uploads\/2024\/04\/Screenshot-2024-04-09-101814.png\",\"contentUrl\":\"https:\/\/origon-eu.com\/cro\/wp-content\/uploads\/2024\/04\/Screenshot-2024-04-09-101814.png\",\"width\":171,\"height\":59,\"caption\":\"Origon EU\"},\"image\":{\"@id\":\"https:\/\/origon-eu.com\/cro\/#\/schema\/logo\/image\/\"}}]}<\/script>\n<!-- \/ Yoast SEO plugin. -->","yoast_head_json":{"title":"Teleskopske \u0161kare i motorna pila 3-u-1 za rezidbu stabala - Origon EU","robots":{"index":"index","follow":"follow","max-snippet":"max-snippet:-1","max-image-preview":"max-image-preview:large","max-video-preview":"max-video-preview:-1"},"canonical":"https:\/\/origon-eu.com\/cro\/product\/teleskopske-skare-i-motorna-pila-3-u-1-za-rezidbu-stabala\/","og_locale":"hr_HR","og_type":"article","og_title":"Teleskopske \u0161kare i motorna pila 3-u-1 za rezidbu stabala - Origon EU","og_description":"Teleskopska motka do 4,6 m \u2013 re\u017eite visoke grane bez ljestvi Elektri\u010dne \u0161kare 30 mm \u2013 re\u017ee bez napora u","og_url":"https:\/\/origon-eu.com\/cro\/product\/teleskopske-skare-i-motorna-pila-3-u-1-za-rezidbu-stabala\/","og_site_name":"Origon EU","article_modified_time":"2026-04-01T06:25:54+00:00","og_image":[{"width":1080,"height":1080,"url":"https:\/\/origon-eu.com\/cro\/wp-content\/uploads\/2026\/03\/b6x9vejdvoywgl4pvdt2.webp","type":"image\/webp"}],"twitter_card":"summary_large_image","twitter_misc":{"Procijenjeno vrijeme \u010ditanja":"1 minuta"},"schema":{"@context":"https:\/\/schema.org","@graph":[{"@type":"WebPage","@id":"https:\/\/origon-eu.com\/cro\/product\/teleskopske-skare-i-motorna-pila-3-u-1-za-rezidbu-stabala\/","url":"https:\/\/origon-eu.com\/cro\/product\/teleskopske-skare-i-motorna-pila-3-u-1-za-rezidbu-stabala\/","name":"Teleskopske \u0161kare i motorna pila 3-u-1 za rezidbu stabala - Origon EU","isPartOf":{"@id":"https:\/\/origon-eu.com\/cro\/#website"},"primaryImageOfPage":{"@id":"https:\/\/origon-eu.com\/cro\/product\/teleskopske-skare-i-motorna-pila-3-u-1-za-rezidbu-stabala\/#primaryimage"},"image":{"@id":"https:\/\/origon-eu.com\/cro\/product\/teleskopske-skare-i-motorna-pila-3-u-1-za-rezidbu-stabala\/#primaryimage"},"thumbnailUrl":"https:\/\/origon-eu.com\/cro\/wp-content\/uploads\/2026\/03\/b6x9vejdvoywgl4pvdt2.webp","datePublished":"2026-03-29T10:42:09+00:00","dateModified":"2026-04-01T06:25:54+00:00","breadcrumb":{"@id":"https:\/\/origon-eu.com\/cro\/product\/teleskopske-skare-i-motorna-pila-3-u-1-za-rezidbu-stabala\/#breadcrumb"},"inLanguage":"hr","potentialAction":[{"@type":"ReadAction","target":["https:\/\/origon-eu.com\/cro\/product\/teleskopske-skare-i-motorna-pila-3-u-1-za-rezidbu-stabala\/"]}]},{"@type":"ImageObject","inLanguage":"hr","@id":"https:\/\/origon-eu.com\/cro\/product\/teleskopske-skare-i-motorna-pila-3-u-1-za-rezidbu-stabala\/#primaryimage","url":"https:\/\/origon-eu.com\/cro\/wp-content\/uploads\/2026\/03\/b6x9vejdvoywgl4pvdt2.webp","contentUrl":"https:\/\/origon-eu.com\/cro\/wp-content\/uploads\/2026\/03\/b6x9vejdvoywgl4pvdt2.webp","width":1080,"height":1080},{"@type":"BreadcrumbList","@id":"https:\/\/origon-eu.com\/cro\/product\/teleskopske-skare-i-motorna-pila-3-u-1-za-rezidbu-stabala\/#breadcrumb","itemListElement":[{"@type":"ListItem","position":1,"name":"Home","item":"https:\/\/origon-eu.com\/cro\/"},{"@type":"ListItem","position":2,"name":"Katalog","item":"https:\/\/origon-eu.com\/cro\/hr\/shop-2\/"},{"@type":"ListItem","position":3,"name":"Teleskopske \u0161kare i motorna pila 3-u-1 za rezidbu stabala"}]},{"@type":"WebSite","@id":"https:\/\/origon-eu.com\/cro\/#website","url":"https:\/\/origon-eu.com\/cro\/","name":"Origon EU","description":"Online Store","publisher":{"@id":"https:\/\/origon-eu.com\/cro\/#organization"},"potentialAction":[{"@type":"SearchAction","target":{"@type":"EntryPoint","urlTemplate":"https:\/\/origon-eu.com\/cro\/?s={search_term_string}"},"query-input":{"@type":"PropertyValueSpecification","valueRequired":true,"valueName":"search_term_string"}}],"inLanguage":"hr"},{"@type":"Organization","@id":"https:\/\/origon-eu.com\/cro\/#organization","name":"Origon EU","url":"https:\/\/origon-eu.com\/cro\/","logo":{"@type":"ImageObject","inLanguage":"hr","@id":"https:\/\/origon-eu.com\/cro\/#\/schema\/logo\/image\/","url":"https:\/\/origon-eu.com\/cro\/wp-content\/uploads\/2024\/04\/Screenshot-2024-04-09-101814.png","contentUrl":"https:\/\/origon-eu.com\/cro\/wp-content\/uploads\/2024\/04\/Screenshot-2024-04-09-101814.png","width":171,"height":59,"caption":"Origon EU"},"image":{"@id":"https:\/\/origon-eu.com\/cro\/#\/schema\/logo\/image\/"}}]}},"tiered_pricing_type":"fixed","tiered_pricing_fixed_rules":[],"tiered_pricing_percentage_rules":[],"tiered_pricing_minimum":1,"tiered_pricing_roles_data":[],"_links":{"self":[{"href":"https:\/\/origon-eu.com\/cro\/wp-json\/wp\/v2\/product\/69956","targetHints":{"allow":["GET"]}}],"collection":[{"href":"https:\/\/origon-eu.com\/cro\/wp-json\/wp\/v2\/product"}],"about":[{"href":"https:\/\/origon-eu.com\/cro\/wp-json\/wp\/v2\/types\/product"}],"version-history":[{"count":1,"href":"https:\/\/origon-eu.com\/cro\/wp-json\/wp\/v2\/product\/69956\/revisions"}],"predecessor-version":[{"id":69959,"href":"https:\/\/origon-eu.com\/cro\/wp-json\/wp\/v2\/product\/69956\/revisions\/69959"}],"wp:featuredmedia":[{"embeddable":true,"href":"https:\/\/origon-eu.com\/cro\/wp-json\/wp\/v2\/media\/69958"}],"wp:attachment":[{"href":"https:\/\/origon-eu.com\/cro\/wp-json\/wp\/v2\/media?parent=69956"}],"wp:term":[{"taxonomy":"product_brand","embeddable":true,"href":"https:\/\/origon-eu.com\/cro\/wp-json\/wp\/v2\/product_brand?post=69956"},{"taxonomy":"product_cat","embeddable":true,"href":"https:\/\/origon-eu.com\/cro\/wp-json\/wp\/v2\/product_cat?post=69956"},{"taxonomy":"product_tag","embeddable":true,"href":"https:\/\/origon-eu.com\/cro\/wp-json\/wp\/v2\/product_tag?post=69956"}],"curies":[{"name":"wp","href":"https:\/\/api.w.org\/{rel}","templated":true}]}}