{"id":69235,"date":"2025-12-18T22:21:36","date_gmt":"2025-12-18T20:21:36","guid":{"rendered":"https:\/\/origon-eu.com\/cro\/?post_type=product&#038;p=69235"},"modified":"2025-12-18T22:30:00","modified_gmt":"2025-12-18T20:30:00","slug":"4-slojni-pokretni-kolica-s-ruckom","status":"publish","type":"product","link":"https:\/\/origon-eu.com\/cro\/product\/4-slojni-pokretni-kolica-s-ruckom\/","title":{"rendered":"4-slojni pokretni kolica s ru\u010dkom"},"content":{"rendered":"\t\t<div data-elementor-type=\"product-post\" data-elementor-id=\"69235\" class=\"elementor elementor-69235\" data-elementor-post-type=\"product\">\n\t\t\t\t<div class=\"wd-negative-gap elementor-element elementor-element-6dec376 e-flex e-con-boxed e-con e-parent\" data-id=\"6dec376\" data-element_type=\"container\">\n\t\t\t\t\t<div class=\"e-con-inner\">\n\t\t<div class=\"elementor-element elementor-element-3554e3b e-con-full e-flex e-con e-child\" data-id=\"3554e3b\" data-element_type=\"container\">\n\t\t\t\t<div class=\"elementor-element elementor-element-0a83fb8 elementor-widget elementor-widget-image\" data-id=\"0a83fb8\" data-element_type=\"widget\" data-widget_type=\"image.default\">\n\t\t\t\t<div class=\"elementor-widget-container\">\n\t\t\t\t\t\t\t\t\t\t\t\t\t\t\t<img fetchpriority=\"high\" decoding=\"async\" width=\"500\" height=\"1024\" src=\"https:\/\/origon-eu.com\/cro\/wp-content\/uploads\/2025\/12\/fe5e3e14ca97446b45307cd6760ccbc1.jpg_2200x2200q80.jpg_.webp\" class=\"attachment-large size-large wp-image-69248\" alt=\"\" \/>\t\t\t\t\t\t\t\t\t\t\t\t\t\t\t<\/div>\n\t\t\t\t<\/div>\n\t\t\t\t<\/div>\n\t\t<div class=\"elementor-element elementor-element-3fafaac e-con-full e-flex e-con e-child\" data-id=\"3fafaac\" data-element_type=\"container\">\n\t\t\t\t<div class=\"elementor-element elementor-element-5bb0d76 elementor-widget elementor-widget-image\" data-id=\"5bb0d76\" data-element_type=\"widget\" data-widget_type=\"image.default\">\n\t\t\t\t<div class=\"elementor-widget-container\">\n\t\t\t\t\t\t\t\t\t\t\t\t\t\t\t<img decoding=\"async\" width=\"501\" height=\"1024\" src=\"https:\/\/origon-eu.com\/cro\/wp-content\/uploads\/2025\/12\/faf49f0c8b74bfa596bc083e9782456f.jpg_2200x2200q80.jpg_.webp\" class=\"attachment-large size-large wp-image-69246\" alt=\"\" \/>\t\t\t\t\t\t\t\t\t\t\t\t\t\t\t<\/div>\n\t\t\t\t<\/div>\n\t\t\t\t<\/div>\n\t\t\t\t\t<\/div>\n\t\t\t\t<\/div>\n\t\t<div class=\"wd-negative-gap elementor-element elementor-element-c3c3054 e-flex e-con-boxed e-con e-parent\" data-id=\"c3c3054\" data-element_type=\"container\">\n\t\t\t\t\t<div class=\"e-con-inner\">\n\t\t<div class=\"elementor-element elementor-element-8e56b37 e-con-full e-flex e-con e-child\" data-id=\"8e56b37\" data-element_type=\"container\">\n\t\t\t\t<div class=\"elementor-element elementor-element-7b71b2e elementor-widget elementor-widget-image\" data-id=\"7b71b2e\" data-element_type=\"widget\" data-widget_type=\"image.default\">\n\t\t\t\t<div class=\"elementor-widget-container\">\n\t\t\t\t\t\t\t\t\t\t\t\t\t\t\t<img decoding=\"async\" width=\"503\" height=\"1024\" src=\"https:\/\/origon-eu.com\/cro\/wp-content\/uploads\/2025\/12\/3a108af8960908e92816355fb7b5f666.jpg_2200x2200q80.jpg_.webp\" class=\"attachment-large size-large wp-image-69247\" alt=\"\" \/>\t\t\t\t\t\t\t\t\t\t\t\t\t\t\t<\/div>\n\t\t\t\t<\/div>\n\t\t\t\t<\/div>\n\t\t<div class=\"elementor-element elementor-element-7b35446 e-con-full e-flex e-con e-child\" data-id=\"7b35446\" data-element_type=\"container\">\n\t\t\t\t<div class=\"elementor-element elementor-element-72d975b elementor-widget elementor-widget-image\" data-id=\"72d975b\" data-element_type=\"widget\" data-widget_type=\"image.default\">\n\t\t\t\t<div class=\"elementor-widget-container\">\n\t\t\t\t\t\t\t\t\t\t\t\t\t\t\t<img loading=\"lazy\" decoding=\"async\" width=\"611\" height=\"1024\" src=\"https:\/\/origon-eu.com\/cro\/wp-content\/uploads\/2025\/12\/0e2e46b36058d20ac35b65b95bffdc6a.jpg_2200x2200q80.jpg_.webp\" class=\"attachment-large size-large wp-image-69244\" alt=\"\" \/>\t\t\t\t\t\t\t\t\t\t\t\t\t\t\t<\/div>\n\t\t\t\t<\/div>\n\t\t\t\t<\/div>\n\t\t\t\t\t<\/div>\n\t\t\t\t<\/div>\n\t\t\t\t<\/div>\n\t\t","protected":false},"excerpt":{"rendered":"<ul>\n<li data-start=\"66\" data-end=\"125\">\n<p data-start=\"68\" data-end=\"125\">4 kota\u010da za jednostavno kretanje bez ogrebotina po podu<\/p>\n<\/li>\n<li data-start=\"126\" data-end=\"177\">\n<p data-start=\"128\" data-end=\"177\">Rotiraju\u0107i kota\u010di 360\u00b0 za fleksibilno pomicanje<\/p>\n<\/li>\n<li data-start=\"178\" data-end=\"231\">\n<p data-start=\"180\" data-end=\"231\">2 kota\u010da s mogu\u0107no\u0161\u0107u zaklju\u010davanja za stabilnost<\/p>\n<\/li>\n<li data-start=\"232\" data-end=\"275\">\n<p data-start=\"234\" data-end=\"275\">Ugra\u0111ena ru\u010dka za jednostavno pomicanje<\/p>\n<\/li>\n<li data-start=\"276\" data-end=\"324\">\n<p data-start=\"278\" data-end=\"324\">Veliki kapacitet, prikladno za razne namjene<\/p>\n<\/li>\n<li data-start=\"325\" data-end=\"377\">\n<p data-start=\"327\" data-end=\"377\">Sredi\u0161nja polica s mogu\u0107no\u0161\u0107u pode\u0161avanja visine<\/p>\n<\/li>\n<li data-start=\"378\" data-end=\"446\">\n<p data-start=\"380\" data-end=\"446\">Prikladno za kupaonicu, kuhinju, dnevni boravak ili spava\u0107u sobu<\/p>\n<\/li>\n<li data-start=\"447\" data-end=\"536\">\n<p data-start=\"449\" data-end=\"536\">Dolazi s uputama za monta\u017eu, jednostavno za sastavljanje i jedna osoba mo\u017ee sastaviti<\/p>\n<\/li>\n<\/ul>\n","protected":false},"featured_media":69252,"template":"","meta":{"_acf_changed":false},"product_brand":[],"product_cat":[165],"product_tag":[],"class_list":{"0":"post-69235","1":"product","2":"type-product","3":"status-publish","4":"has-post-thumbnail","6":"product_cat-uncategorized","8":"first","9":"instock","10":"shipping-taxable","11":"product-type-simple"},"acf":[],"yoast_head":"<!-- This site is optimized with the Yoast SEO plugin v24.2 - https:\/\/yoast.com\/wordpress\/plugins\/seo\/ -->\n<title>4-slojni pokretni kolica s ru\u010dkom - Origon EU<\/title>\n<meta name=\"robots\" content=\"index, follow, max-snippet:-1, max-image-preview:large, max-video-preview:-1\" \/>\n<link rel=\"canonical\" href=\"https:\/\/origon-eu.com\/cro\/product\/4-slojni-pokretni-kolica-s-ruckom\/\" \/>\n<meta property=\"og:locale\" content=\"hr_HR\" \/>\n<meta property=\"og:type\" content=\"article\" \/>\n<meta property=\"og:title\" content=\"4-slojni pokretni kolica s ru\u010dkom - Origon EU\" \/>\n<meta property=\"og:description\" content=\"4 kota\u010da za jednostavno kretanje bez ogrebotina po podu    Rotiraju\u0107i kota\u010di 360\u00b0 za fleksibilno pomicanje    2 kota\u010da s mogu\u0107no\u0161\u0107u zaklju\u010davanja za stabilnost    Ugra\u0111ena ru\u010dka za jednostavno pomicanje    Veliki kapacitet, prikladno za razne namjene    Sredi\u0161nja polica s mogu\u0107no\u0161\u0107u pode\u0161avanja visine    Prikladno za kupaonicu, kuhinju, dnevni boravak ili spava\u0107u sobu    Dolazi s uputama za monta\u017eu, jednostavno za sastavljanje i jedna osoba mo\u017ee sastaviti\" \/>\n<meta property=\"og:url\" content=\"https:\/\/origon-eu.com\/cro\/product\/4-slojni-pokretni-kolica-s-ruckom\/\" \/>\n<meta property=\"og:site_name\" content=\"Origon EU\" \/>\n<meta property=\"article:modified_time\" content=\"2025-12-18T20:30:00+00:00\" \/>\n<meta property=\"og:image\" content=\"https:\/\/origon-eu.com\/cro\/wp-content\/uploads\/2025\/12\/H0b4339bc5ba64f008d8d5a50004aa072P.jpg\" \/>\n\t<meta property=\"og:image:width\" content=\"800\" \/>\n\t<meta property=\"og:image:height\" content=\"800\" \/>\n\t<meta property=\"og:image:type\" content=\"image\/jpeg\" \/>\n<meta name=\"twitter:card\" content=\"summary_large_image\" \/>\n<meta name=\"twitter:label1\" content=\"Procijenjeno vrijeme \u010ditanja\" \/>\n\t<meta name=\"twitter:data1\" content=\"1 minuta\" \/>\n<script type=\"application\/ld+json\" class=\"yoast-schema-graph\">{\"@context\":\"https:\/\/schema.org\",\"@graph\":[{\"@type\":\"WebPage\",\"@id\":\"https:\/\/origon-eu.com\/cro\/product\/4-slojni-pokretni-kolica-s-ruckom\/\",\"url\":\"https:\/\/origon-eu.com\/cro\/product\/4-slojni-pokretni-kolica-s-ruckom\/\",\"name\":\"4-slojni pokretni kolica s ru\u010dkom - Origon EU\",\"isPartOf\":{\"@id\":\"https:\/\/origon-eu.com\/cro\/#website\"},\"primaryImageOfPage\":{\"@id\":\"https:\/\/origon-eu.com\/cro\/product\/4-slojni-pokretni-kolica-s-ruckom\/#primaryimage\"},\"image\":{\"@id\":\"https:\/\/origon-eu.com\/cro\/product\/4-slojni-pokretni-kolica-s-ruckom\/#primaryimage\"},\"thumbnailUrl\":\"https:\/\/origon-eu.com\/cro\/wp-content\/uploads\/2025\/12\/H0b4339bc5ba64f008d8d5a50004aa072P.jpg\",\"datePublished\":\"2025-12-18T20:21:36+00:00\",\"dateModified\":\"2025-12-18T20:30:00+00:00\",\"breadcrumb\":{\"@id\":\"https:\/\/origon-eu.com\/cro\/product\/4-slojni-pokretni-kolica-s-ruckom\/#breadcrumb\"},\"inLanguage\":\"hr\",\"potentialAction\":[{\"@type\":\"ReadAction\",\"target\":[\"https:\/\/origon-eu.com\/cro\/product\/4-slojni-pokretni-kolica-s-ruckom\/\"]}]},{\"@type\":\"ImageObject\",\"inLanguage\":\"hr\",\"@id\":\"https:\/\/origon-eu.com\/cro\/product\/4-slojni-pokretni-kolica-s-ruckom\/#primaryimage\",\"url\":\"https:\/\/origon-eu.com\/cro\/wp-content\/uploads\/2025\/12\/H0b4339bc5ba64f008d8d5a50004aa072P.jpg\",\"contentUrl\":\"https:\/\/origon-eu.com\/cro\/wp-content\/uploads\/2025\/12\/H0b4339bc5ba64f008d8d5a50004aa072P.jpg\",\"width\":800,\"height\":800},{\"@type\":\"BreadcrumbList\",\"@id\":\"https:\/\/origon-eu.com\/cro\/product\/4-slojni-pokretni-kolica-s-ruckom\/#breadcrumb\",\"itemListElement\":[{\"@type\":\"ListItem\",\"position\":1,\"name\":\"Home\",\"item\":\"https:\/\/origon-eu.com\/cro\/\"},{\"@type\":\"ListItem\",\"position\":2,\"name\":\"Katalog\",\"item\":\"https:\/\/origon-eu.com\/cro\/hr\/shop-2\/\"},{\"@type\":\"ListItem\",\"position\":3,\"name\":\"4-slojni pokretni kolica s ru\u010dkom\"}]},{\"@type\":\"WebSite\",\"@id\":\"https:\/\/origon-eu.com\/cro\/#website\",\"url\":\"https:\/\/origon-eu.com\/cro\/\",\"name\":\"Origon EU\",\"description\":\"Online Store\",\"publisher\":{\"@id\":\"https:\/\/origon-eu.com\/cro\/#organization\"},\"potentialAction\":[{\"@type\":\"SearchAction\",\"target\":{\"@type\":\"EntryPoint\",\"urlTemplate\":\"https:\/\/origon-eu.com\/cro\/?s={search_term_string}\"},\"query-input\":{\"@type\":\"PropertyValueSpecification\",\"valueRequired\":true,\"valueName\":\"search_term_string\"}}],\"inLanguage\":\"hr\"},{\"@type\":\"Organization\",\"@id\":\"https:\/\/origon-eu.com\/cro\/#organization\",\"name\":\"Origon EU\",\"url\":\"https:\/\/origon-eu.com\/cro\/\",\"logo\":{\"@type\":\"ImageObject\",\"inLanguage\":\"hr\",\"@id\":\"https:\/\/origon-eu.com\/cro\/#\/schema\/logo\/image\/\",\"url\":\"https:\/\/origon-eu.com\/cro\/wp-content\/uploads\/2024\/04\/Screenshot-2024-04-09-101814.png\",\"contentUrl\":\"https:\/\/origon-eu.com\/cro\/wp-content\/uploads\/2024\/04\/Screenshot-2024-04-09-101814.png\",\"width\":171,\"height\":59,\"caption\":\"Origon EU\"},\"image\":{\"@id\":\"https:\/\/origon-eu.com\/cro\/#\/schema\/logo\/image\/\"}}]}<\/script>\n<!-- \/ Yoast SEO plugin. -->","yoast_head_json":{"title":"4-slojni pokretni kolica s ru\u010dkom - Origon EU","robots":{"index":"index","follow":"follow","max-snippet":"max-snippet:-1","max-image-preview":"max-image-preview:large","max-video-preview":"max-video-preview:-1"},"canonical":"https:\/\/origon-eu.com\/cro\/product\/4-slojni-pokretni-kolica-s-ruckom\/","og_locale":"hr_HR","og_type":"article","og_title":"4-slojni pokretni kolica s ru\u010dkom - Origon EU","og_description":"4 kota\u010da za jednostavno kretanje bez ogrebotina po podu    Rotiraju\u0107i kota\u010di 360\u00b0 za fleksibilno pomicanje    2 kota\u010da s mogu\u0107no\u0161\u0107u zaklju\u010davanja za stabilnost    Ugra\u0111ena ru\u010dka za jednostavno pomicanje    Veliki kapacitet, prikladno za razne namjene    Sredi\u0161nja polica s mogu\u0107no\u0161\u0107u pode\u0161avanja visine    Prikladno za kupaonicu, kuhinju, dnevni boravak ili spava\u0107u sobu    Dolazi s uputama za monta\u017eu, jednostavno za sastavljanje i jedna osoba mo\u017ee sastaviti","og_url":"https:\/\/origon-eu.com\/cro\/product\/4-slojni-pokretni-kolica-s-ruckom\/","og_site_name":"Origon EU","article_modified_time":"2025-12-18T20:30:00+00:00","og_image":[{"width":800,"height":800,"url":"https:\/\/origon-eu.com\/cro\/wp-content\/uploads\/2025\/12\/H0b4339bc5ba64f008d8d5a50004aa072P.jpg","type":"image\/jpeg"}],"twitter_card":"summary_large_image","twitter_misc":{"Procijenjeno vrijeme \u010ditanja":"1 minuta"},"schema":{"@context":"https:\/\/schema.org","@graph":[{"@type":"WebPage","@id":"https:\/\/origon-eu.com\/cro\/product\/4-slojni-pokretni-kolica-s-ruckom\/","url":"https:\/\/origon-eu.com\/cro\/product\/4-slojni-pokretni-kolica-s-ruckom\/","name":"4-slojni pokretni kolica s ru\u010dkom - Origon EU","isPartOf":{"@id":"https:\/\/origon-eu.com\/cro\/#website"},"primaryImageOfPage":{"@id":"https:\/\/origon-eu.com\/cro\/product\/4-slojni-pokretni-kolica-s-ruckom\/#primaryimage"},"image":{"@id":"https:\/\/origon-eu.com\/cro\/product\/4-slojni-pokretni-kolica-s-ruckom\/#primaryimage"},"thumbnailUrl":"https:\/\/origon-eu.com\/cro\/wp-content\/uploads\/2025\/12\/H0b4339bc5ba64f008d8d5a50004aa072P.jpg","datePublished":"2025-12-18T20:21:36+00:00","dateModified":"2025-12-18T20:30:00+00:00","breadcrumb":{"@id":"https:\/\/origon-eu.com\/cro\/product\/4-slojni-pokretni-kolica-s-ruckom\/#breadcrumb"},"inLanguage":"hr","potentialAction":[{"@type":"ReadAction","target":["https:\/\/origon-eu.com\/cro\/product\/4-slojni-pokretni-kolica-s-ruckom\/"]}]},{"@type":"ImageObject","inLanguage":"hr","@id":"https:\/\/origon-eu.com\/cro\/product\/4-slojni-pokretni-kolica-s-ruckom\/#primaryimage","url":"https:\/\/origon-eu.com\/cro\/wp-content\/uploads\/2025\/12\/H0b4339bc5ba64f008d8d5a50004aa072P.jpg","contentUrl":"https:\/\/origon-eu.com\/cro\/wp-content\/uploads\/2025\/12\/H0b4339bc5ba64f008d8d5a50004aa072P.jpg","width":800,"height":800},{"@type":"BreadcrumbList","@id":"https:\/\/origon-eu.com\/cro\/product\/4-slojni-pokretni-kolica-s-ruckom\/#breadcrumb","itemListElement":[{"@type":"ListItem","position":1,"name":"Home","item":"https:\/\/origon-eu.com\/cro\/"},{"@type":"ListItem","position":2,"name":"Katalog","item":"https:\/\/origon-eu.com\/cro\/hr\/shop-2\/"},{"@type":"ListItem","position":3,"name":"4-slojni pokretni kolica s ru\u010dkom"}]},{"@type":"WebSite","@id":"https:\/\/origon-eu.com\/cro\/#website","url":"https:\/\/origon-eu.com\/cro\/","name":"Origon EU","description":"Online Store","publisher":{"@id":"https:\/\/origon-eu.com\/cro\/#organization"},"potentialAction":[{"@type":"SearchAction","target":{"@type":"EntryPoint","urlTemplate":"https:\/\/origon-eu.com\/cro\/?s={search_term_string}"},"query-input":{"@type":"PropertyValueSpecification","valueRequired":true,"valueName":"search_term_string"}}],"inLanguage":"hr"},{"@type":"Organization","@id":"https:\/\/origon-eu.com\/cro\/#organization","name":"Origon EU","url":"https:\/\/origon-eu.com\/cro\/","logo":{"@type":"ImageObject","inLanguage":"hr","@id":"https:\/\/origon-eu.com\/cro\/#\/schema\/logo\/image\/","url":"https:\/\/origon-eu.com\/cro\/wp-content\/uploads\/2024\/04\/Screenshot-2024-04-09-101814.png","contentUrl":"https:\/\/origon-eu.com\/cro\/wp-content\/uploads\/2024\/04\/Screenshot-2024-04-09-101814.png","width":171,"height":59,"caption":"Origon EU"},"image":{"@id":"https:\/\/origon-eu.com\/cro\/#\/schema\/logo\/image\/"}}]}},"tiered_pricing_type":"fixed","tiered_pricing_fixed_rules":[],"tiered_pricing_percentage_rules":[],"tiered_pricing_minimum":1,"tiered_pricing_roles_data":[],"_links":{"self":[{"href":"https:\/\/origon-eu.com\/cro\/wp-json\/wp\/v2\/product\/69235","targetHints":{"allow":["GET"]}}],"collection":[{"href":"https:\/\/origon-eu.com\/cro\/wp-json\/wp\/v2\/product"}],"about":[{"href":"https:\/\/origon-eu.com\/cro\/wp-json\/wp\/v2\/types\/product"}],"version-history":[{"count":6,"href":"https:\/\/origon-eu.com\/cro\/wp-json\/wp\/v2\/product\/69235\/revisions"}],"predecessor-version":[{"id":69254,"href":"https:\/\/origon-eu.com\/cro\/wp-json\/wp\/v2\/product\/69235\/revisions\/69254"}],"wp:featuredmedia":[{"embeddable":true,"href":"https:\/\/origon-eu.com\/cro\/wp-json\/wp\/v2\/media\/69252"}],"wp:attachment":[{"href":"https:\/\/origon-eu.com\/cro\/wp-json\/wp\/v2\/media?parent=69235"}],"wp:term":[{"taxonomy":"product_brand","embeddable":true,"href":"https:\/\/origon-eu.com\/cro\/wp-json\/wp\/v2\/product_brand?post=69235"},{"taxonomy":"product_cat","embeddable":true,"href":"https:\/\/origon-eu.com\/cro\/wp-json\/wp\/v2\/product_cat?post=69235"},{"taxonomy":"product_tag","embeddable":true,"href":"https:\/\/origon-eu.com\/cro\/wp-json\/wp\/v2\/product_tag?post=69235"}],"curies":[{"name":"wp","href":"https:\/\/api.w.org\/{rel}","templated":true}]}}