{"id":69218,"date":"2025-12-18T22:04:07","date_gmt":"2025-12-18T20:04:07","guid":{"rendered":"https:\/\/origon-eu.com\/cro\/?post_type=product&#038;p=69218"},"modified":"2025-12-18T22:13:03","modified_gmt":"2025-12-18T20:13:03","slug":"moderna-crna-pomocna-stolic-s-drvenom-plocom","status":"publish","type":"product","link":"https:\/\/origon-eu.com\/cro\/product\/moderna-crna-pomocna-stolic-s-drvenom-plocom\/","title":{"rendered":"Moderna crna pomo\u0107na stoli\u0107 s drvenom plo\u010dom"},"content":{"rendered":"\t\t<div data-elementor-type=\"product-post\" data-elementor-id=\"69218\" class=\"elementor elementor-69218\" data-elementor-post-type=\"product\">\n\t\t\t\t<div class=\"wd-negative-gap elementor-element elementor-element-9c0f3a3 e-flex e-con-boxed e-con e-parent\" data-id=\"9c0f3a3\" data-element_type=\"container\">\n\t\t\t\t\t<div class=\"e-con-inner\">\n\t\t\t\t<div class=\"elementor-element elementor-element-ca4e963 elementor-widget elementor-widget-image\" data-id=\"ca4e963\" data-element_type=\"widget\" data-widget_type=\"image.default\">\n\t\t\t\t<div class=\"elementor-widget-container\">\n\t\t\t\t\t\t\t\t\t\t\t\t\t\t\t<img fetchpriority=\"high\" decoding=\"async\" width=\"800\" height=\"800\" src=\"https:\/\/origon-eu.com\/cro\/wp-content\/uploads\/2025\/12\/5b3f085a-c2c0-43fe-bac8-69a88b8c4547-1.png\" class=\"attachment-large size-large wp-image-69225\" alt=\"\" \/>\t\t\t\t\t\t\t\t\t\t\t\t\t\t\t<\/div>\n\t\t\t\t<\/div>\n\t\t\t\t\t<\/div>\n\t\t\t\t<\/div>\n\t\t<div class=\"wd-negative-gap elementor-element elementor-element-cf25785 e-flex e-con-boxed e-con e-parent\" data-id=\"cf25785\" data-element_type=\"container\">\n\t\t\t\t\t<div class=\"e-con-inner\">\n\t\t<div class=\"elementor-element elementor-element-ba070bf e-con-full e-flex e-con e-child\" data-id=\"ba070bf\" data-element_type=\"container\">\n\t\t\t\t<div class=\"elementor-element elementor-element-6ebbfe6 elementor-widget elementor-widget-image\" data-id=\"6ebbfe6\" data-element_type=\"widget\" data-widget_type=\"image.default\">\n\t\t\t\t<div class=\"elementor-widget-container\">\n\t\t\t\t\t\t\t\t\t\t\t\t\t\t\t<img decoding=\"async\" width=\"800\" height=\"800\" src=\"https:\/\/origon-eu.com\/cro\/wp-content\/uploads\/2025\/12\/f5a8d159-2bf0-47fa-9411-1b7c531b101d.png\" class=\"attachment-large size-large wp-image-69223\" alt=\"\" \/>\t\t\t\t\t\t\t\t\t\t\t\t\t\t\t<\/div>\n\t\t\t\t<\/div>\n\t\t\t\t<\/div>\n\t\t<div class=\"elementor-element elementor-element-1110c4c e-con-full e-flex e-con e-child\" data-id=\"1110c4c\" data-element_type=\"container\">\n\t\t\t\t<div class=\"elementor-element elementor-element-f9afc03 elementor-widget elementor-widget-heading\" data-id=\"f9afc03\" data-element_type=\"widget\" data-widget_type=\"heading.default\">\n\t\t\t\t<div class=\"elementor-widget-container\">\n\t\t\t\t\t<h2 class=\"elementor-heading-title elementor-size-default\">\ud83d\udecf\ufe0f Idealan kao no\u0107ni ormari\u0107 pored kreveta\n<\/h2>\t\t\t\t<\/div>\n\t\t\t\t<\/div>\n\t\t\t\t<div class=\"elementor-element elementor-element-5d4eb44 elementor-widget-divider--view-line elementor-widget elementor-widget-divider\" data-id=\"5d4eb44\" data-element_type=\"widget\" data-widget_type=\"divider.default\">\n\t\t\t\t<div class=\"elementor-widget-container\">\n\t\t\t\t\t\t\t<div class=\"elementor-divider\">\n\t\t\t<span class=\"elementor-divider-separator\">\n\t\t\t\t\t\t<\/span>\n\t\t<\/div>\n\t\t\t\t\t\t<\/div>\n\t\t\t\t<\/div>\n\t\t\t\t<div class=\"elementor-element elementor-element-0116838 color-scheme-inherit text-left elementor-widget elementor-widget-text-editor\" data-id=\"0116838\" data-element_type=\"widget\" data-widget_type=\"text-editor.default\">\n\t\t\t\t<div class=\"elementor-widget-container\">\n\t\t\t\t\t\t\t\t\t<h4 style=\"text-align: center;\" data-start=\"112\" data-end=\"687\">Zahvaljuju\u0107i pametnom i elegantnom dizajnu, ovaj stoli\u0107 se lako uvla\u010di uz krevet, \u0161tede\u0107i dragocjeni prostor u sobi. Savr\u0161en je za lampu, knjigu, \u0161alicu \u010daja ili laptop \u2014 sve \u0161to vam treba nadohvat ruke dok se opu\u0161tate ili radite iz kreveta. Njegova prakti\u010dnost \u010dini ga idealnim za male stanove, studentske sobe ili spava\u0107e sobe u kojima \u017eelite spojiti funkcionalnost i stil. Moderan dizajn u kombinaciji s drvenom plo\u010dom i metalnim okvirom \u010dini ga ne samo prakti\u010dnim, nego i estetski privla\u010dnim dodatkom svakom interijeru.<\/h4>\t\t\t\t\t\t\t\t<\/div>\n\t\t\t\t<\/div>\n\t\t\t\t<\/div>\n\t\t\t\t\t<\/div>\n\t\t\t\t<\/div>\n\t\t<div class=\"wd-negative-gap elementor-element elementor-element-98ae102 e-flex e-con-boxed e-con e-parent\" data-id=\"98ae102\" data-element_type=\"container\">\n\t\t\t\t\t<div class=\"e-con-inner\">\n\t\t<div class=\"elementor-element elementor-element-7d45804 e-con-full e-flex e-con e-child\" data-id=\"7d45804\" data-element_type=\"container\">\n\t\t\t\t<div class=\"elementor-element elementor-element-1886e35 elementor-widget elementor-widget-heading\" data-id=\"1886e35\" data-element_type=\"widget\" data-widget_type=\"heading.default\">\n\t\t\t\t<div class=\"elementor-widget-container\">\n\t\t\t\t\t<h2 class=\"elementor-heading-title elementor-size-default\">\u2728 Stil i funkcionalnost u jednom\n<\/h2>\t\t\t\t<\/div>\n\t\t\t\t<\/div>\n\t\t\t\t<div class=\"elementor-element elementor-element-7abe4bb elementor-widget-divider--view-line elementor-widget elementor-widget-divider\" data-id=\"7abe4bb\" data-element_type=\"widget\" data-widget_type=\"divider.default\">\n\t\t\t\t<div class=\"elementor-widget-container\">\n\t\t\t\t\t\t\t<div class=\"elementor-divider\">\n\t\t\t<span class=\"elementor-divider-separator\">\n\t\t\t\t\t\t<\/span>\n\t\t<\/div>\n\t\t\t\t\t\t<\/div>\n\t\t\t\t<\/div>\n\t\t\t\t<div class=\"elementor-element elementor-element-c5e2cfc color-scheme-inherit text-left elementor-widget elementor-widget-text-editor\" data-id=\"c5e2cfc\" data-element_type=\"widget\" data-widget_type=\"text-editor.default\">\n\t\t\t\t<div class=\"elementor-widget-container\">\n\t\t\t\t\t\t\t\t\t<h4 style=\"text-align: center;\">Minimalisti\u010dki dizajn s drvenom plo\u010dom i metalnim okvirom lako se uklapa u svaki interijer, bilo da je rije\u010d o modernom, industrijskom ili skandinavskom stilu. Stabilan i izdr\u017eljiv okvir omogu\u0107uje sigurno postavljanje knjiga, laptopa, dekoracija ili posu\u0111a, dok glatka povr\u0161ina drvenog blata olak\u0161ava \u010di\u0161\u0107enje. Lagan za premje\u0161tanje, stol se mo\u017ee koristiti u dnevnom boravku, spava\u0107oj sobi ili uredu, pru\u017eaju\u0107i funkcionalnost i eleganciju u svakom trenutku dana. Idealno rje\u0161enje za sve koji tra\u017ee prakti\u010dan, ali i vizualno privla\u010dan dodatak svom prostoru.<\/h4>\t\t\t\t\t\t\t\t<\/div>\n\t\t\t\t<\/div>\n\t\t\t\t<\/div>\n\t\t<div class=\"elementor-element elementor-element-4e8e1f5 e-con-full e-flex e-con e-child\" data-id=\"4e8e1f5\" data-element_type=\"container\">\n\t\t\t\t<div class=\"elementor-element elementor-element-24778ad elementor-widget elementor-widget-image\" data-id=\"24778ad\" data-element_type=\"widget\" data-widget_type=\"image.default\">\n\t\t\t\t<div class=\"elementor-widget-container\">\n\t\t\t\t\t\t\t\t\t\t\t\t\t\t\t<img decoding=\"async\" width=\"750\" height=\"750\" src=\"https:\/\/origon-eu.com\/cro\/wp-content\/uploads\/2025\/12\/20251106_0956_Cozy_Modern_Living_Room_remix_01k9c60wmrev3rnqpms29w99s5.webp\" class=\"attachment-large size-large wp-image-69229\" alt=\"\" \/>\t\t\t\t\t\t\t\t\t\t\t\t\t\t\t<\/div>\n\t\t\t\t<\/div>\n\t\t\t\t<\/div>\n\t\t\t\t\t<\/div>\n\t\t\t\t<\/div>\n\t\t\t\t<\/div>\n\t\t","protected":false},"excerpt":{"rendered":"<ul>\n<li data-start=\"92\" data-end=\"155\">\n<p data-start=\"94\" data-end=\"155\">C-oblik koji se lako uvla\u010di ispod sofe, kreveta ili stolice<\/p>\n<\/li>\n<li data-start=\"156\" data-end=\"214\">\n<p data-start=\"158\" data-end=\"214\">\u0160tedi prostor i dr\u017ei sve potrebne stvari nadohvat ruke<\/p>\n<\/li>\n<li data-start=\"215\" data-end=\"268\">\n<p data-start=\"217\" data-end=\"268\">Idealna visina (61 cm) za rad, jelo ili opu\u0161tanje<\/p>\n<\/li>\n<li data-start=\"269\" data-end=\"336\">\n<p data-start=\"271\" data-end=\"336\">\u010cvrsti \u010deli\u010dni okvir i drvena plo\u010da s izgledom prirodnog drveta<\/p>\n<\/li>\n<li data-start=\"337\" data-end=\"381\">\n<p data-start=\"339\" data-end=\"381\">Stabilna konstrukcija nosivosti do 20 kg<\/p>\n<\/li>\n<li data-start=\"382\" data-end=\"431\">\n<p data-start=\"384\" data-end=\"431\">Povr\u0161ina otporna na ogrebotine, lako se \u010disti<\/p>\n<\/li>\n<li data-start=\"432\" data-end=\"477\">\n<p data-start=\"434\" data-end=\"477\">Brza i jednostavna monta\u017ea (cca 5 minuta)<\/p>\n<\/li>\n<li data-start=\"478\" data-end=\"531\">\n<p data-start=\"480\" data-end=\"531\">Moderan industrijski dizajn, savr\u0161en i kao poklon<\/p>\n<\/li>\n<\/ul>\n","protected":false},"featured_media":69221,"template":"","meta":{"_acf_changed":false},"product_brand":[],"product_cat":[165],"product_tag":[],"class_list":{"0":"post-69218","1":"product","2":"type-product","3":"status-publish","4":"has-post-thumbnail","6":"product_cat-uncategorized","8":"first","9":"instock","10":"shipping-taxable","11":"product-type-simple"},"acf":[],"yoast_head":"<!-- This site is optimized with the Yoast SEO plugin v24.2 - https:\/\/yoast.com\/wordpress\/plugins\/seo\/ -->\n<title>Moderna crna pomo\u0107na stoli\u0107 s drvenom plo\u010dom - Origon EU<\/title>\n<meta name=\"robots\" content=\"index, follow, max-snippet:-1, max-image-preview:large, max-video-preview:-1\" \/>\n<link rel=\"canonical\" href=\"https:\/\/origon-eu.com\/cro\/product\/moderna-crna-pomocna-stolic-s-drvenom-plocom\/\" \/>\n<meta property=\"og:locale\" content=\"hr_HR\" \/>\n<meta property=\"og:type\" content=\"article\" \/>\n<meta property=\"og:title\" content=\"Moderna crna pomo\u0107na stoli\u0107 s drvenom plo\u010dom - Origon EU\" \/>\n<meta property=\"og:description\" content=\"C-oblik koji se lako uvla\u010di ispod sofe, kreveta ili stolice    \u0160tedi prostor i dr\u017ei sve potrebne stvari nadohvat ruke    Idealna visina (61 cm) za rad, jelo ili opu\u0161tanje    \u010cvrsti \u010deli\u010dni okvir i drvena plo\u010da s izgledom prirodnog drveta    Stabilna konstrukcija nosivosti do 20 kg    Povr\u0161ina otporna na ogrebotine, lako se \u010disti    Brza i jednostavna monta\u017ea (cca 5 minuta)    Moderan industrijski dizajn, savr\u0161en i kao poklon\" \/>\n<meta property=\"og:url\" content=\"https:\/\/origon-eu.com\/cro\/product\/moderna-crna-pomocna-stolic-s-drvenom-plocom\/\" \/>\n<meta property=\"og:site_name\" content=\"Origon EU\" \/>\n<meta property=\"article:modified_time\" content=\"2025-12-18T20:13:03+00:00\" \/>\n<meta property=\"og:image\" content=\"https:\/\/origon-eu.com\/cro\/wp-content\/uploads\/2025\/12\/8d395ebe-6e28-4959-8eec-6df57f1aa4eb.png\" \/>\n\t<meta property=\"og:image:width\" content=\"800\" \/>\n\t<meta property=\"og:image:height\" content=\"800\" \/>\n\t<meta property=\"og:image:type\" content=\"image\/png\" \/>\n<meta name=\"twitter:card\" content=\"summary_large_image\" \/>\n<script type=\"application\/ld+json\" class=\"yoast-schema-graph\">{\"@context\":\"https:\/\/schema.org\",\"@graph\":[{\"@type\":\"WebPage\",\"@id\":\"https:\/\/origon-eu.com\/cro\/product\/moderna-crna-pomocna-stolic-s-drvenom-plocom\/\",\"url\":\"https:\/\/origon-eu.com\/cro\/product\/moderna-crna-pomocna-stolic-s-drvenom-plocom\/\",\"name\":\"Moderna crna pomo\u0107na stoli\u0107 s drvenom plo\u010dom - Origon EU\",\"isPartOf\":{\"@id\":\"https:\/\/origon-eu.com\/cro\/#website\"},\"primaryImageOfPage\":{\"@id\":\"https:\/\/origon-eu.com\/cro\/product\/moderna-crna-pomocna-stolic-s-drvenom-plocom\/#primaryimage\"},\"image\":{\"@id\":\"https:\/\/origon-eu.com\/cro\/product\/moderna-crna-pomocna-stolic-s-drvenom-plocom\/#primaryimage\"},\"thumbnailUrl\":\"https:\/\/origon-eu.com\/cro\/wp-content\/uploads\/2025\/12\/8d395ebe-6e28-4959-8eec-6df57f1aa4eb.png\",\"datePublished\":\"2025-12-18T20:04:07+00:00\",\"dateModified\":\"2025-12-18T20:13:03+00:00\",\"breadcrumb\":{\"@id\":\"https:\/\/origon-eu.com\/cro\/product\/moderna-crna-pomocna-stolic-s-drvenom-plocom\/#breadcrumb\"},\"inLanguage\":\"hr\",\"potentialAction\":[{\"@type\":\"ReadAction\",\"target\":[\"https:\/\/origon-eu.com\/cro\/product\/moderna-crna-pomocna-stolic-s-drvenom-plocom\/\"]}]},{\"@type\":\"ImageObject\",\"inLanguage\":\"hr\",\"@id\":\"https:\/\/origon-eu.com\/cro\/product\/moderna-crna-pomocna-stolic-s-drvenom-plocom\/#primaryimage\",\"url\":\"https:\/\/origon-eu.com\/cro\/wp-content\/uploads\/2025\/12\/8d395ebe-6e28-4959-8eec-6df57f1aa4eb.png\",\"contentUrl\":\"https:\/\/origon-eu.com\/cro\/wp-content\/uploads\/2025\/12\/8d395ebe-6e28-4959-8eec-6df57f1aa4eb.png\",\"width\":800,\"height\":800},{\"@type\":\"BreadcrumbList\",\"@id\":\"https:\/\/origon-eu.com\/cro\/product\/moderna-crna-pomocna-stolic-s-drvenom-plocom\/#breadcrumb\",\"itemListElement\":[{\"@type\":\"ListItem\",\"position\":1,\"name\":\"Home\",\"item\":\"https:\/\/origon-eu.com\/cro\/\"},{\"@type\":\"ListItem\",\"position\":2,\"name\":\"Katalog\",\"item\":\"https:\/\/origon-eu.com\/cro\/hr\/shop-2\/\"},{\"@type\":\"ListItem\",\"position\":3,\"name\":\"Moderna crna pomo\u0107na stoli\u0107 s drvenom plo\u010dom\"}]},{\"@type\":\"WebSite\",\"@id\":\"https:\/\/origon-eu.com\/cro\/#website\",\"url\":\"https:\/\/origon-eu.com\/cro\/\",\"name\":\"Origon EU\",\"description\":\"Online Store\",\"publisher\":{\"@id\":\"https:\/\/origon-eu.com\/cro\/#organization\"},\"potentialAction\":[{\"@type\":\"SearchAction\",\"target\":{\"@type\":\"EntryPoint\",\"urlTemplate\":\"https:\/\/origon-eu.com\/cro\/?s={search_term_string}\"},\"query-input\":{\"@type\":\"PropertyValueSpecification\",\"valueRequired\":true,\"valueName\":\"search_term_string\"}}],\"inLanguage\":\"hr\"},{\"@type\":\"Organization\",\"@id\":\"https:\/\/origon-eu.com\/cro\/#organization\",\"name\":\"Origon EU\",\"url\":\"https:\/\/origon-eu.com\/cro\/\",\"logo\":{\"@type\":\"ImageObject\",\"inLanguage\":\"hr\",\"@id\":\"https:\/\/origon-eu.com\/cro\/#\/schema\/logo\/image\/\",\"url\":\"https:\/\/origon-eu.com\/cro\/wp-content\/uploads\/2024\/04\/Screenshot-2024-04-09-101814.png\",\"contentUrl\":\"https:\/\/origon-eu.com\/cro\/wp-content\/uploads\/2024\/04\/Screenshot-2024-04-09-101814.png\",\"width\":171,\"height\":59,\"caption\":\"Origon EU\"},\"image\":{\"@id\":\"https:\/\/origon-eu.com\/cro\/#\/schema\/logo\/image\/\"}}]}<\/script>\n<!-- \/ Yoast SEO plugin. -->","yoast_head_json":{"title":"Moderna crna pomo\u0107na stoli\u0107 s drvenom plo\u010dom - Origon EU","robots":{"index":"index","follow":"follow","max-snippet":"max-snippet:-1","max-image-preview":"max-image-preview:large","max-video-preview":"max-video-preview:-1"},"canonical":"https:\/\/origon-eu.com\/cro\/product\/moderna-crna-pomocna-stolic-s-drvenom-plocom\/","og_locale":"hr_HR","og_type":"article","og_title":"Moderna crna pomo\u0107na stoli\u0107 s drvenom plo\u010dom - Origon EU","og_description":"C-oblik koji se lako uvla\u010di ispod sofe, kreveta ili stolice    \u0160tedi prostor i dr\u017ei sve potrebne stvari nadohvat ruke    Idealna visina (61 cm) za rad, jelo ili opu\u0161tanje    \u010cvrsti \u010deli\u010dni okvir i drvena plo\u010da s izgledom prirodnog drveta    Stabilna konstrukcija nosivosti do 20 kg    Povr\u0161ina otporna na ogrebotine, lako se \u010disti    Brza i jednostavna monta\u017ea (cca 5 minuta)    Moderan industrijski dizajn, savr\u0161en i kao poklon","og_url":"https:\/\/origon-eu.com\/cro\/product\/moderna-crna-pomocna-stolic-s-drvenom-plocom\/","og_site_name":"Origon EU","article_modified_time":"2025-12-18T20:13:03+00:00","og_image":[{"width":800,"height":800,"url":"https:\/\/origon-eu.com\/cro\/wp-content\/uploads\/2025\/12\/8d395ebe-6e28-4959-8eec-6df57f1aa4eb.png","type":"image\/png"}],"twitter_card":"summary_large_image","schema":{"@context":"https:\/\/schema.org","@graph":[{"@type":"WebPage","@id":"https:\/\/origon-eu.com\/cro\/product\/moderna-crna-pomocna-stolic-s-drvenom-plocom\/","url":"https:\/\/origon-eu.com\/cro\/product\/moderna-crna-pomocna-stolic-s-drvenom-plocom\/","name":"Moderna crna pomo\u0107na stoli\u0107 s drvenom plo\u010dom - Origon EU","isPartOf":{"@id":"https:\/\/origon-eu.com\/cro\/#website"},"primaryImageOfPage":{"@id":"https:\/\/origon-eu.com\/cro\/product\/moderna-crna-pomocna-stolic-s-drvenom-plocom\/#primaryimage"},"image":{"@id":"https:\/\/origon-eu.com\/cro\/product\/moderna-crna-pomocna-stolic-s-drvenom-plocom\/#primaryimage"},"thumbnailUrl":"https:\/\/origon-eu.com\/cro\/wp-content\/uploads\/2025\/12\/8d395ebe-6e28-4959-8eec-6df57f1aa4eb.png","datePublished":"2025-12-18T20:04:07+00:00","dateModified":"2025-12-18T20:13:03+00:00","breadcrumb":{"@id":"https:\/\/origon-eu.com\/cro\/product\/moderna-crna-pomocna-stolic-s-drvenom-plocom\/#breadcrumb"},"inLanguage":"hr","potentialAction":[{"@type":"ReadAction","target":["https:\/\/origon-eu.com\/cro\/product\/moderna-crna-pomocna-stolic-s-drvenom-plocom\/"]}]},{"@type":"ImageObject","inLanguage":"hr","@id":"https:\/\/origon-eu.com\/cro\/product\/moderna-crna-pomocna-stolic-s-drvenom-plocom\/#primaryimage","url":"https:\/\/origon-eu.com\/cro\/wp-content\/uploads\/2025\/12\/8d395ebe-6e28-4959-8eec-6df57f1aa4eb.png","contentUrl":"https:\/\/origon-eu.com\/cro\/wp-content\/uploads\/2025\/12\/8d395ebe-6e28-4959-8eec-6df57f1aa4eb.png","width":800,"height":800},{"@type":"BreadcrumbList","@id":"https:\/\/origon-eu.com\/cro\/product\/moderna-crna-pomocna-stolic-s-drvenom-plocom\/#breadcrumb","itemListElement":[{"@type":"ListItem","position":1,"name":"Home","item":"https:\/\/origon-eu.com\/cro\/"},{"@type":"ListItem","position":2,"name":"Katalog","item":"https:\/\/origon-eu.com\/cro\/hr\/shop-2\/"},{"@type":"ListItem","position":3,"name":"Moderna crna pomo\u0107na stoli\u0107 s drvenom plo\u010dom"}]},{"@type":"WebSite","@id":"https:\/\/origon-eu.com\/cro\/#website","url":"https:\/\/origon-eu.com\/cro\/","name":"Origon EU","description":"Online Store","publisher":{"@id":"https:\/\/origon-eu.com\/cro\/#organization"},"potentialAction":[{"@type":"SearchAction","target":{"@type":"EntryPoint","urlTemplate":"https:\/\/origon-eu.com\/cro\/?s={search_term_string}"},"query-input":{"@type":"PropertyValueSpecification","valueRequired":true,"valueName":"search_term_string"}}],"inLanguage":"hr"},{"@type":"Organization","@id":"https:\/\/origon-eu.com\/cro\/#organization","name":"Origon EU","url":"https:\/\/origon-eu.com\/cro\/","logo":{"@type":"ImageObject","inLanguage":"hr","@id":"https:\/\/origon-eu.com\/cro\/#\/schema\/logo\/image\/","url":"https:\/\/origon-eu.com\/cro\/wp-content\/uploads\/2024\/04\/Screenshot-2024-04-09-101814.png","contentUrl":"https:\/\/origon-eu.com\/cro\/wp-content\/uploads\/2024\/04\/Screenshot-2024-04-09-101814.png","width":171,"height":59,"caption":"Origon EU"},"image":{"@id":"https:\/\/origon-eu.com\/cro\/#\/schema\/logo\/image\/"}}]}},"tiered_pricing_type":"fixed","tiered_pricing_fixed_rules":[],"tiered_pricing_percentage_rules":[],"tiered_pricing_minimum":1,"tiered_pricing_roles_data":[],"_links":{"self":[{"href":"https:\/\/origon-eu.com\/cro\/wp-json\/wp\/v2\/product\/69218","targetHints":{"allow":["GET"]}}],"collection":[{"href":"https:\/\/origon-eu.com\/cro\/wp-json\/wp\/v2\/product"}],"about":[{"href":"https:\/\/origon-eu.com\/cro\/wp-json\/wp\/v2\/types\/product"}],"version-history":[{"count":5,"href":"https:\/\/origon-eu.com\/cro\/wp-json\/wp\/v2\/product\/69218\/revisions"}],"predecessor-version":[{"id":69234,"href":"https:\/\/origon-eu.com\/cro\/wp-json\/wp\/v2\/product\/69218\/revisions\/69234"}],"wp:featuredmedia":[{"embeddable":true,"href":"https:\/\/origon-eu.com\/cro\/wp-json\/wp\/v2\/media\/69221"}],"wp:attachment":[{"href":"https:\/\/origon-eu.com\/cro\/wp-json\/wp\/v2\/media?parent=69218"}],"wp:term":[{"taxonomy":"product_brand","embeddable":true,"href":"https:\/\/origon-eu.com\/cro\/wp-json\/wp\/v2\/product_brand?post=69218"},{"taxonomy":"product_cat","embeddable":true,"href":"https:\/\/origon-eu.com\/cro\/wp-json\/wp\/v2\/product_cat?post=69218"},{"taxonomy":"product_tag","embeddable":true,"href":"https:\/\/origon-eu.com\/cro\/wp-json\/wp\/v2\/product_tag?post=69218"}],"curies":[{"name":"wp","href":"https:\/\/api.w.org\/{rel}","templated":true}]}}