{"id":68972,"date":"2025-12-06T18:11:31","date_gmt":"2025-12-06T16:11:31","guid":{"rendered":"https:\/\/origon-eu.com\/cro\/?post_type=product&#038;p=68972"},"modified":"2025-12-09T04:02:28","modified_gmt":"2025-12-09T02:02:28","slug":"4g-lovna-kamera-4k-s-sim-karticom-pr802lte-nocni-vid","status":"publish","type":"product","link":"https:\/\/origon-eu.com\/cro\/product\/4g-lovna-kamera-4k-s-sim-karticom-pr802lte-nocni-vid\/","title":{"rendered":"4G Lovna Kamera 4K s SIM Karticom \u2013 PR802LTE, No\u0107ni Vid"},"content":{"rendered":"\t\t<div data-elementor-type=\"product-post\" data-elementor-id=\"68972\" class=\"elementor elementor-68972\" data-elementor-post-type=\"product\">\n\t\t\t\t<div class=\"wd-negative-gap elementor-element elementor-element-1af2b67 e-flex e-con-boxed e-con e-parent\" data-id=\"1af2b67\" data-element_type=\"container\">\n\t\t\t\t\t<div class=\"e-con-inner\">\n\t\t\t\t<div class=\"elementor-element elementor-element-6bc415a elementor-widget elementor-widget-image\" data-id=\"6bc415a\" data-element_type=\"widget\" data-widget_type=\"image.default\">\n\t\t\t\t<div class=\"elementor-widget-container\">\n\t\t\t\t\t\t\t\t\t\t\t\t\t\t\t<img fetchpriority=\"high\" decoding=\"async\" width=\"647\" height=\"400\" src=\"https:\/\/origon-eu.com\/cro\/wp-content\/uploads\/2025\/12\/app-cloud-647x400-1.webp\" class=\"attachment-large size-large wp-image-68979\" alt=\"\" \/>\t\t\t\t\t\t\t\t\t\t\t\t\t\t\t<\/div>\n\t\t\t\t<\/div>\n\t\t\t\t\t<\/div>\n\t\t\t\t<\/div>\n\t\t<div class=\"wd-negative-gap elementor-element elementor-element-5dde4da e-flex e-con-boxed e-con e-parent\" data-id=\"5dde4da\" data-element_type=\"container\">\n\t\t\t\t\t<div class=\"e-con-inner\">\n\t\t<div class=\"elementor-element elementor-element-d9960b3 e-con-full e-flex e-con e-child\" data-id=\"d9960b3\" data-element_type=\"container\">\n\t\t\t\t<div class=\"elementor-element elementor-element-0e2e661 elementor-widget elementor-widget-image\" data-id=\"0e2e661\" data-element_type=\"widget\" data-widget_type=\"image.default\">\n\t\t\t\t<div class=\"elementor-widget-container\">\n\t\t\t\t\t\t\t\t\t\t\t\t\t\t\t<img decoding=\"async\" width=\"550\" height=\"550\" src=\"https:\/\/origon-eu.com\/cro\/wp-content\/uploads\/2025\/12\/S42dcc16d40c2464e97cfe7cc893f1b8b3.webp\" class=\"attachment-large size-large wp-image-68980\" alt=\"\" \/>\t\t\t\t\t\t\t\t\t\t\t\t\t\t\t<\/div>\n\t\t\t\t<\/div>\n\t\t\t\t<\/div>\n\t\t<div class=\"elementor-element elementor-element-37da616 e-con-full e-flex e-con e-child\" data-id=\"37da616\" data-element_type=\"container\">\n\t\t\t\t<div class=\"elementor-element elementor-element-b6c96c1 elementor-widget elementor-widget-heading\" data-id=\"b6c96c1\" data-element_type=\"widget\" data-widget_type=\"heading.default\">\n\t\t\t\t<div class=\"elementor-widget-container\">\n\t\t\t\t\t<h2 class=\"elementor-heading-title elementor-size-default\">Prednosti i savjeti<\/h2>\t\t\t\t<\/div>\n\t\t\t\t<\/div>\n\t\t\t\t<div class=\"elementor-element elementor-element-42d62a5 elementor-widget-divider--view-line elementor-widget elementor-widget-divider\" data-id=\"42d62a5\" data-element_type=\"widget\" data-widget_type=\"divider.default\">\n\t\t\t\t<div class=\"elementor-widget-container\">\n\t\t\t\t\t\t\t<div class=\"elementor-divider\">\n\t\t\t<span class=\"elementor-divider-separator\">\n\t\t\t\t\t\t<\/span>\n\t\t<\/div>\n\t\t\t\t\t\t<\/div>\n\t\t\t\t<\/div>\n\t\t\t\t<div class=\"elementor-element elementor-element-5356894 color-scheme-inherit text-left elementor-widget elementor-widget-text-editor\" data-id=\"5356894\" data-element_type=\"widget\" data-widget_type=\"text-editor.default\">\n\t\t\t\t<div class=\"elementor-widget-container\">\n\t\t\t\t\t\t\t\t\t<ul data-start=\"105\" data-end=\"588\"><li data-start=\"105\" data-end=\"244\"><p data-start=\"107\" data-end=\"244\"><strong data-start=\"107\" data-end=\"139\">Pra\u0107enje u stvarnom vremenu:<\/strong> 4G LTE omogu\u0107uje trenutni prijenos slika i videa te obavijesti na mobitel ili tablet putem aplikacije.<\/p><\/li><li data-start=\"245\" data-end=\"394\"><p data-start=\"247\" data-end=\"394\"><strong data-start=\"247\" data-end=\"277\">Vi\u0161e zabilje\u017eene divlja\u010di:<\/strong> Brzina okidanja 0,3 s i kut gledanja 120\u00b0 osiguravaju da ne propustite brze trenutke, \u010dak i na \u0161irokim podru\u010djima.<\/p><\/li><li data-start=\"395\" data-end=\"588\"><p data-start=\"397\" data-end=\"588\"><strong data-start=\"397\" data-end=\"433\">Pametni savjeti za postavljanje:<\/strong> Postavite kameru na optimalnu visinu i kut za maksimalno pokrivanje; koristite raspored ili okidanje pokretom za bolje upravljanje baterijom i podacima.<\/p><\/li><\/ul>\t\t\t\t\t\t\t\t<\/div>\n\t\t\t\t<\/div>\n\t\t\t\t<\/div>\n\t\t\t\t\t<\/div>\n\t\t\t\t<\/div>\n\t\t<div class=\"wd-negative-gap elementor-element elementor-element-00c6cb4 e-flex e-con-boxed e-con e-parent\" data-id=\"00c6cb4\" data-element_type=\"container\">\n\t\t\t\t\t<div class=\"e-con-inner\">\n\t\t<div class=\"elementor-element elementor-element-e036c3c e-con-full e-flex e-con e-child\" data-id=\"e036c3c\" data-element_type=\"container\">\n\t\t\t\t<div class=\"elementor-element elementor-element-d32cb08 elementor-widget elementor-widget-heading\" data-id=\"d32cb08\" data-element_type=\"widget\" data-widget_type=\"heading.default\">\n\t\t\t\t<div class=\"elementor-widget-container\">\n\t\t\t\t\t<h2 class=\"elementor-heading-title elementor-size-default\">Predstavljamo PR802LTE 4G lovnu kameru<\/h2>\t\t\t\t<\/div>\n\t\t\t\t<\/div>\n\t\t\t\t<div class=\"elementor-element elementor-element-60aaf25 elementor-widget-divider--view-line elementor-widget elementor-widget-divider\" data-id=\"60aaf25\" data-element_type=\"widget\" data-widget_type=\"divider.default\">\n\t\t\t\t<div class=\"elementor-widget-container\">\n\t\t\t\t\t\t\t<div class=\"elementor-divider\">\n\t\t\t<span class=\"elementor-divider-separator\">\n\t\t\t\t\t\t<\/span>\n\t\t<\/div>\n\t\t\t\t\t\t<\/div>\n\t\t\t\t<\/div>\n\t\t\t\t<div class=\"elementor-element elementor-element-11dddec color-scheme-inherit text-left elementor-widget elementor-widget-text-editor\" data-id=\"11dddec\" data-element_type=\"widget\" data-widget_type=\"text-editor.default\">\n\t\t\t\t<div class=\"elementor-widget-container\">\n\t\t\t\t\t\t\t\t\t<ul><li data-start=\"218\" data-end=\"341\"><p data-start=\"220\" data-end=\"341\"><strong data-start=\"220\" data-end=\"242\">4G LTE povezivost:<\/strong> prenosi fotografije i videozapise u stvarnom vremenu ili po rasporedu, bez obzira na udaljenost.<\/p><\/li><li data-start=\"342\" data-end=\"446\"><p data-start=\"344\" data-end=\"446\"><strong data-start=\"344\" data-end=\"376\">4K video i 60MP fotografije:<\/strong> pouzdana infracrvena no\u0107na vizija pru\u017ea jasne detalje danju i no\u0107u.<\/p><\/li><li data-start=\"447\" data-end=\"548\"><p data-start=\"449\" data-end=\"548\"><strong data-start=\"449\" data-end=\"467\">Brza reakcija:<\/strong> okidanje u 0,3 sekunde i \u0161iroki kut gledanja od 120\u00b0 za maksimalno pokrivanje.<\/p><\/li><li data-start=\"549\" data-end=\"664\"><p data-start=\"551\" data-end=\"664\"><strong data-start=\"551\" data-end=\"583\">Otporna za vanjsku upotrebu:<\/strong> IP65 za\u0161tita protiv pra\u0161ine i ki\u0161e, radi pouzdano u rasponu od -20\u00b0C do +60\u00b0C.<\/p><\/li><li data-start=\"665\" data-end=\"801\"><p data-start=\"667\" data-end=\"801\"><strong data-start=\"667\" data-end=\"695\">Jednostavno upravljanje:<\/strong> kontrola i nadzor preko aplikacije i iCloud upravljanja; fleksibilno kori\u0161tenje WiFi ili mobilne mre\u017ee.<\/p><\/li><\/ul>\t\t\t\t\t\t\t\t<\/div>\n\t\t\t\t<\/div>\n\t\t\t\t<\/div>\n\t\t<div class=\"elementor-element elementor-element-b5831ea e-con-full e-flex e-con e-child\" data-id=\"b5831ea\" data-element_type=\"container\">\n\t\t\t\t<div class=\"elementor-element elementor-element-df736d5 elementor-widget elementor-widget-image\" data-id=\"df736d5\" data-element_type=\"widget\" data-widget_type=\"image.default\">\n\t\t\t\t<div class=\"elementor-widget-container\">\n\t\t\t\t\t\t\t\t\t\t\t\t\t\t\t<img decoding=\"async\" width=\"550\" height=\"550\" src=\"https:\/\/origon-eu.com\/cro\/wp-content\/uploads\/2025\/12\/S5da74c11cbf9469ab27b0b3a3617efe3M.webp\" class=\"attachment-large size-large wp-image-68976\" alt=\"\" \/>\t\t\t\t\t\t\t\t\t\t\t\t\t\t\t<\/div>\n\t\t\t\t<\/div>\n\t\t\t\t<\/div>\n\t\t\t\t\t<\/div>\n\t\t\t\t<\/div>\n\t\t<div class=\"wd-negative-gap elementor-element elementor-element-aef4ac4 e-flex e-con-boxed e-con e-parent\" data-id=\"aef4ac4\" data-element_type=\"container\">\n\t\t\t\t\t<div class=\"e-con-inner\">\n\t\t<div class=\"elementor-element elementor-element-b54141a e-con-full e-flex e-con e-child\" data-id=\"b54141a\" data-element_type=\"container\">\n\t\t<div class=\"elementor-element elementor-element-434d98f e-con-full e-flex e-con e-child\" data-id=\"434d98f\" data-element_type=\"container\">\n\t\t\t\t<div class=\"elementor-element elementor-element-c1f7466 elementor-widget elementor-widget-heading\" data-id=\"c1f7466\" data-element_type=\"widget\" data-widget_type=\"heading.default\">\n\t\t\t\t<div class=\"elementor-widget-container\">\n\t\t\t\t\t<h2 class=\"elementor-heading-title elementor-size-default\">Sadr\u017eaj paketa<\/h2>\t\t\t\t<\/div>\n\t\t\t\t<\/div>\n\t\t\t\t<div class=\"elementor-element elementor-element-abaa5a5 elementor-widget-divider--view-line elementor-widget elementor-widget-divider\" data-id=\"abaa5a5\" data-element_type=\"widget\" data-widget_type=\"divider.default\">\n\t\t\t\t<div class=\"elementor-widget-container\">\n\t\t\t\t\t\t\t<div class=\"elementor-divider\">\n\t\t\t<span class=\"elementor-divider-separator\">\n\t\t\t\t\t\t<\/span>\n\t\t<\/div>\n\t\t\t\t\t\t<\/div>\n\t\t\t\t<\/div>\n\t\t\t\t<div class=\"elementor-element elementor-element-a27a8d9 color-scheme-inherit text-left elementor-widget elementor-widget-text-editor\" data-id=\"a27a8d9\" data-element_type=\"widget\" data-widget_type=\"text-editor.default\">\n\t\t\t\t<div class=\"elementor-widget-container\">\n\t\t\t\t\t\t\t\t\t<ul><li data-start=\"96\" data-end=\"116\"><p data-start=\"98\" data-end=\"116\">1 \u00d7 Lovna kamera<\/p><\/li><li data-start=\"117\" data-end=\"141\"><p data-start=\"119\" data-end=\"141\">1 \u00d7 Upute za uporabu<\/p><\/li><li data-start=\"142\" data-end=\"161\"><p data-start=\"144\" data-end=\"161\">1 \u00d7 SIM kartica<\/p><\/li><li data-start=\"162\" data-end=\"176\"><p data-start=\"164\" data-end=\"176\">1 \u00d7 Antena<\/p><\/li><li data-start=\"177\" data-end=\"190\"><p data-start=\"179\" data-end=\"190\">1 \u00d7 Kop\u010da<\/p><\/li><li data-start=\"191\" data-end=\"216\"><p data-start=\"193\" data-end=\"216\">2 \u00d7 Podatkovna kabela<\/p><\/li><li data-start=\"217\" data-end=\"230\"><p data-start=\"219\" data-end=\"230\">1 \u00d7 Remen<\/p><\/li><\/ul>\t\t\t\t\t\t\t\t<\/div>\n\t\t\t\t<\/div>\n\t\t\t\t<\/div>\n\t\t<div class=\"elementor-element elementor-element-8226631 e-con-full e-flex e-con e-child\" data-id=\"8226631\" data-element_type=\"container\">\n\t\t\t\t<div class=\"elementor-element elementor-element-215f040 elementor-widget elementor-widget-image\" data-id=\"215f040\" data-element_type=\"widget\" data-widget_type=\"image.default\">\n\t\t\t\t<div class=\"elementor-widget-container\">\n\t\t\t\t\t\t\t\t\t\t\t\t\t\t\t<img loading=\"lazy\" decoding=\"async\" width=\"800\" height=\"800\" src=\"https:\/\/origon-eu.com\/cro\/wp-content\/uploads\/2025\/12\/23412d1e-4efb-4ebe-b75a-dd9375c39523.jpg\" class=\"attachment-large size-large wp-image-68978\" alt=\"\" \/>\t\t\t\t\t\t\t\t\t\t\t\t\t\t\t<\/div>\n\t\t\t\t<\/div>\n\t\t\t\t<\/div>\n\t\t\t\t<\/div>\n\t\t\t\t\t<\/div>\n\t\t\t\t<\/div>\n\t\t\t\t<\/div>\n\t\t","protected":false},"excerpt":{"rendered":"<ul>\n<li data-start=\"109\" data-end=\"198\">\n<p data-start=\"111\" data-end=\"198\"><strong data-start=\"111\" data-end=\"140\">Daljinski pristup 4G LTE:<\/strong> pregledavajte prenesene datoteke bilo kada i bilo gdje.<\/p>\n<\/li>\n<li data-start=\"199\" data-end=\"262\">\n<p data-start=\"201\" data-end=\"262\"><strong data-start=\"201\" data-end=\"220\">4G mre\u017ena veza:<\/strong> br\u017ei i jednostavniji prijenos podataka.<\/p>\n<\/li>\n<li data-start=\"263\" data-end=\"328\">\n<p data-start=\"265\" data-end=\"328\"><strong data-start=\"265\" data-end=\"289\">4K video rezolucija:<\/strong> snimajte izuzetno jasne videozapise.<\/p>\n<\/li>\n<li data-start=\"329\" data-end=\"400\">\n<p data-start=\"331\" data-end=\"400\"><strong data-start=\"331\" data-end=\"371\">Instantne fotografije i videozapisi:<\/strong> primajte odmah na mobitel.<\/p>\n<\/li>\n<li data-start=\"401\" data-end=\"514\">\n<p data-start=\"403\" data-end=\"514\"><strong data-start=\"403\" data-end=\"425\">Pra\u0107enje lokacije:<\/strong> aplikacija prikazuje zadnju povezanu lokaciju kamere za jednostavno pra\u0107enje u terenu.<\/p>\n<\/li>\n<li data-start=\"515\" data-end=\"578\">\n<p data-start=\"517\" data-end=\"578\"><strong data-start=\"517\" data-end=\"540\">Napredni no\u0107ni vid:<\/strong> za jasne snimke i u potpunom mraku.<\/p>\n<\/li>\n<\/ul>\n","protected":false},"featured_media":68984,"template":"","meta":{"_acf_changed":false},"product_brand":[],"product_cat":[165],"product_tag":[],"class_list":{"0":"post-68972","1":"product","2":"type-product","3":"status-publish","4":"has-post-thumbnail","6":"product_cat-uncategorized","8":"first","9":"instock","10":"sale","11":"shipping-taxable","12":"purchasable","13":"product-type-simple"},"acf":[],"yoast_head":"<!-- This site is optimized with the Yoast SEO plugin v24.2 - https:\/\/yoast.com\/wordpress\/plugins\/seo\/ -->\n<title>4G Lovna Kamera 4K s SIM Karticom \u2013 PR802LTE, No\u0107ni Vid - Origon EU<\/title>\n<meta name=\"robots\" content=\"index, follow, max-snippet:-1, max-image-preview:large, max-video-preview:-1\" \/>\n<link rel=\"canonical\" href=\"https:\/\/origon-eu.com\/cro\/product\/4g-lovna-kamera-4k-s-sim-karticom-pr802lte-nocni-vid\/\" \/>\n<meta property=\"og:locale\" content=\"hr_HR\" \/>\n<meta property=\"og:type\" content=\"article\" \/>\n<meta property=\"og:title\" content=\"4G Lovna Kamera 4K s SIM Karticom \u2013 PR802LTE, No\u0107ni Vid - Origon EU\" \/>\n<meta property=\"og:description\" content=\"Daljinski pristup 4G LTE: pregledavajte prenesene datoteke bilo kada i bilo gdje.    4G mre\u017ena veza: br\u017ei i jednostavniji prijenos podataka.    4K video rezolucija: snimajte izuzetno jasne videozapise.    Instantne fotografije i videozapisi: primajte odmah na mobitel.    Pra\u0107enje lokacije: aplikacija prikazuje zadnju povezanu lokaciju kamere za jednostavno pra\u0107enje u terenu.    Napredni no\u0107ni vid: za jasne snimke i u potpunom mraku.\" \/>\n<meta property=\"og:url\" content=\"https:\/\/origon-eu.com\/cro\/product\/4g-lovna-kamera-4k-s-sim-karticom-pr802lte-nocni-vid\/\" \/>\n<meta property=\"og:site_name\" content=\"Origon EU\" \/>\n<meta property=\"article:modified_time\" content=\"2025-12-09T02:02:28+00:00\" \/>\n<meta property=\"og:image\" content=\"https:\/\/origon-eu.com\/cro\/wp-content\/uploads\/2025\/12\/S781fa6f6185b49fcbba1213701395200Z.webp\" \/>\n\t<meta property=\"og:image:width\" content=\"550\" \/>\n\t<meta property=\"og:image:height\" content=\"550\" \/>\n\t<meta property=\"og:image:type\" content=\"image\/webp\" \/>\n<meta name=\"twitter:card\" content=\"summary_large_image\" \/>\n<meta name=\"twitter:label1\" content=\"Procijenjeno vrijeme \u010ditanja\" \/>\n\t<meta name=\"twitter:data1\" content=\"2 minute\" \/>\n<script type=\"application\/ld+json\" class=\"yoast-schema-graph\">{\"@context\":\"https:\/\/schema.org\",\"@graph\":[{\"@type\":\"WebPage\",\"@id\":\"https:\/\/origon-eu.com\/cro\/product\/4g-lovna-kamera-4k-s-sim-karticom-pr802lte-nocni-vid\/\",\"url\":\"https:\/\/origon-eu.com\/cro\/product\/4g-lovna-kamera-4k-s-sim-karticom-pr802lte-nocni-vid\/\",\"name\":\"4G Lovna Kamera 4K s SIM Karticom \u2013 PR802LTE, No\u0107ni Vid - Origon EU\",\"isPartOf\":{\"@id\":\"https:\/\/origon-eu.com\/cro\/#website\"},\"primaryImageOfPage\":{\"@id\":\"https:\/\/origon-eu.com\/cro\/product\/4g-lovna-kamera-4k-s-sim-karticom-pr802lte-nocni-vid\/#primaryimage\"},\"image\":{\"@id\":\"https:\/\/origon-eu.com\/cro\/product\/4g-lovna-kamera-4k-s-sim-karticom-pr802lte-nocni-vid\/#primaryimage\"},\"thumbnailUrl\":\"https:\/\/origon-eu.com\/cro\/wp-content\/uploads\/2025\/12\/S781fa6f6185b49fcbba1213701395200Z.webp\",\"datePublished\":\"2025-12-06T16:11:31+00:00\",\"dateModified\":\"2025-12-09T02:02:28+00:00\",\"breadcrumb\":{\"@id\":\"https:\/\/origon-eu.com\/cro\/product\/4g-lovna-kamera-4k-s-sim-karticom-pr802lte-nocni-vid\/#breadcrumb\"},\"inLanguage\":\"hr\",\"potentialAction\":[{\"@type\":\"ReadAction\",\"target\":[\"https:\/\/origon-eu.com\/cro\/product\/4g-lovna-kamera-4k-s-sim-karticom-pr802lte-nocni-vid\/\"]}]},{\"@type\":\"ImageObject\",\"inLanguage\":\"hr\",\"@id\":\"https:\/\/origon-eu.com\/cro\/product\/4g-lovna-kamera-4k-s-sim-karticom-pr802lte-nocni-vid\/#primaryimage\",\"url\":\"https:\/\/origon-eu.com\/cro\/wp-content\/uploads\/2025\/12\/S781fa6f6185b49fcbba1213701395200Z.webp\",\"contentUrl\":\"https:\/\/origon-eu.com\/cro\/wp-content\/uploads\/2025\/12\/S781fa6f6185b49fcbba1213701395200Z.webp\",\"width\":550,\"height\":550},{\"@type\":\"BreadcrumbList\",\"@id\":\"https:\/\/origon-eu.com\/cro\/product\/4g-lovna-kamera-4k-s-sim-karticom-pr802lte-nocni-vid\/#breadcrumb\",\"itemListElement\":[{\"@type\":\"ListItem\",\"position\":1,\"name\":\"Home\",\"item\":\"https:\/\/origon-eu.com\/cro\/\"},{\"@type\":\"ListItem\",\"position\":2,\"name\":\"Katalog\",\"item\":\"https:\/\/origon-eu.com\/cro\/hr\/shop-2\/\"},{\"@type\":\"ListItem\",\"position\":3,\"name\":\"4G Lovna Kamera 4K s SIM Karticom \u2013 PR802LTE, No\u0107ni Vid\"}]},{\"@type\":\"WebSite\",\"@id\":\"https:\/\/origon-eu.com\/cro\/#website\",\"url\":\"https:\/\/origon-eu.com\/cro\/\",\"name\":\"Origon EU\",\"description\":\"Online Store\",\"publisher\":{\"@id\":\"https:\/\/origon-eu.com\/cro\/#organization\"},\"potentialAction\":[{\"@type\":\"SearchAction\",\"target\":{\"@type\":\"EntryPoint\",\"urlTemplate\":\"https:\/\/origon-eu.com\/cro\/?s={search_term_string}\"},\"query-input\":{\"@type\":\"PropertyValueSpecification\",\"valueRequired\":true,\"valueName\":\"search_term_string\"}}],\"inLanguage\":\"hr\"},{\"@type\":\"Organization\",\"@id\":\"https:\/\/origon-eu.com\/cro\/#organization\",\"name\":\"Origon EU\",\"url\":\"https:\/\/origon-eu.com\/cro\/\",\"logo\":{\"@type\":\"ImageObject\",\"inLanguage\":\"hr\",\"@id\":\"https:\/\/origon-eu.com\/cro\/#\/schema\/logo\/image\/\",\"url\":\"https:\/\/origon-eu.com\/cro\/wp-content\/uploads\/2024\/04\/Screenshot-2024-04-09-101814.png\",\"contentUrl\":\"https:\/\/origon-eu.com\/cro\/wp-content\/uploads\/2024\/04\/Screenshot-2024-04-09-101814.png\",\"width\":171,\"height\":59,\"caption\":\"Origon EU\"},\"image\":{\"@id\":\"https:\/\/origon-eu.com\/cro\/#\/schema\/logo\/image\/\"}}]}<\/script>\n<!-- \/ Yoast SEO plugin. -->","yoast_head_json":{"title":"4G Lovna Kamera 4K s SIM Karticom \u2013 PR802LTE, No\u0107ni Vid - Origon EU","robots":{"index":"index","follow":"follow","max-snippet":"max-snippet:-1","max-image-preview":"max-image-preview:large","max-video-preview":"max-video-preview:-1"},"canonical":"https:\/\/origon-eu.com\/cro\/product\/4g-lovna-kamera-4k-s-sim-karticom-pr802lte-nocni-vid\/","og_locale":"hr_HR","og_type":"article","og_title":"4G Lovna Kamera 4K s SIM Karticom \u2013 PR802LTE, No\u0107ni Vid - Origon EU","og_description":"Daljinski pristup 4G LTE: pregledavajte prenesene datoteke bilo kada i bilo gdje.    4G mre\u017ena veza: br\u017ei i jednostavniji prijenos podataka.    4K video rezolucija: snimajte izuzetno jasne videozapise.    Instantne fotografije i videozapisi: primajte odmah na mobitel.    Pra\u0107enje lokacije: aplikacija prikazuje zadnju povezanu lokaciju kamere za jednostavno pra\u0107enje u terenu.    Napredni no\u0107ni vid: za jasne snimke i u potpunom mraku.","og_url":"https:\/\/origon-eu.com\/cro\/product\/4g-lovna-kamera-4k-s-sim-karticom-pr802lte-nocni-vid\/","og_site_name":"Origon EU","article_modified_time":"2025-12-09T02:02:28+00:00","og_image":[{"width":550,"height":550,"url":"https:\/\/origon-eu.com\/cro\/wp-content\/uploads\/2025\/12\/S781fa6f6185b49fcbba1213701395200Z.webp","type":"image\/webp"}],"twitter_card":"summary_large_image","twitter_misc":{"Procijenjeno vrijeme \u010ditanja":"2 minute"},"schema":{"@context":"https:\/\/schema.org","@graph":[{"@type":"WebPage","@id":"https:\/\/origon-eu.com\/cro\/product\/4g-lovna-kamera-4k-s-sim-karticom-pr802lte-nocni-vid\/","url":"https:\/\/origon-eu.com\/cro\/product\/4g-lovna-kamera-4k-s-sim-karticom-pr802lte-nocni-vid\/","name":"4G Lovna Kamera 4K s SIM Karticom \u2013 PR802LTE, No\u0107ni Vid - Origon EU","isPartOf":{"@id":"https:\/\/origon-eu.com\/cro\/#website"},"primaryImageOfPage":{"@id":"https:\/\/origon-eu.com\/cro\/product\/4g-lovna-kamera-4k-s-sim-karticom-pr802lte-nocni-vid\/#primaryimage"},"image":{"@id":"https:\/\/origon-eu.com\/cro\/product\/4g-lovna-kamera-4k-s-sim-karticom-pr802lte-nocni-vid\/#primaryimage"},"thumbnailUrl":"https:\/\/origon-eu.com\/cro\/wp-content\/uploads\/2025\/12\/S781fa6f6185b49fcbba1213701395200Z.webp","datePublished":"2025-12-06T16:11:31+00:00","dateModified":"2025-12-09T02:02:28+00:00","breadcrumb":{"@id":"https:\/\/origon-eu.com\/cro\/product\/4g-lovna-kamera-4k-s-sim-karticom-pr802lte-nocni-vid\/#breadcrumb"},"inLanguage":"hr","potentialAction":[{"@type":"ReadAction","target":["https:\/\/origon-eu.com\/cro\/product\/4g-lovna-kamera-4k-s-sim-karticom-pr802lte-nocni-vid\/"]}]},{"@type":"ImageObject","inLanguage":"hr","@id":"https:\/\/origon-eu.com\/cro\/product\/4g-lovna-kamera-4k-s-sim-karticom-pr802lte-nocni-vid\/#primaryimage","url":"https:\/\/origon-eu.com\/cro\/wp-content\/uploads\/2025\/12\/S781fa6f6185b49fcbba1213701395200Z.webp","contentUrl":"https:\/\/origon-eu.com\/cro\/wp-content\/uploads\/2025\/12\/S781fa6f6185b49fcbba1213701395200Z.webp","width":550,"height":550},{"@type":"BreadcrumbList","@id":"https:\/\/origon-eu.com\/cro\/product\/4g-lovna-kamera-4k-s-sim-karticom-pr802lte-nocni-vid\/#breadcrumb","itemListElement":[{"@type":"ListItem","position":1,"name":"Home","item":"https:\/\/origon-eu.com\/cro\/"},{"@type":"ListItem","position":2,"name":"Katalog","item":"https:\/\/origon-eu.com\/cro\/hr\/shop-2\/"},{"@type":"ListItem","position":3,"name":"4G Lovna Kamera 4K s SIM Karticom \u2013 PR802LTE, No\u0107ni Vid"}]},{"@type":"WebSite","@id":"https:\/\/origon-eu.com\/cro\/#website","url":"https:\/\/origon-eu.com\/cro\/","name":"Origon EU","description":"Online Store","publisher":{"@id":"https:\/\/origon-eu.com\/cro\/#organization"},"potentialAction":[{"@type":"SearchAction","target":{"@type":"EntryPoint","urlTemplate":"https:\/\/origon-eu.com\/cro\/?s={search_term_string}"},"query-input":{"@type":"PropertyValueSpecification","valueRequired":true,"valueName":"search_term_string"}}],"inLanguage":"hr"},{"@type":"Organization","@id":"https:\/\/origon-eu.com\/cro\/#organization","name":"Origon EU","url":"https:\/\/origon-eu.com\/cro\/","logo":{"@type":"ImageObject","inLanguage":"hr","@id":"https:\/\/origon-eu.com\/cro\/#\/schema\/logo\/image\/","url":"https:\/\/origon-eu.com\/cro\/wp-content\/uploads\/2024\/04\/Screenshot-2024-04-09-101814.png","contentUrl":"https:\/\/origon-eu.com\/cro\/wp-content\/uploads\/2024\/04\/Screenshot-2024-04-09-101814.png","width":171,"height":59,"caption":"Origon EU"},"image":{"@id":"https:\/\/origon-eu.com\/cro\/#\/schema\/logo\/image\/"}}]}},"tiered_pricing_type":"fixed","tiered_pricing_fixed_rules":[],"tiered_pricing_percentage_rules":[],"tiered_pricing_minimum":1,"tiered_pricing_roles_data":[],"_links":{"self":[{"href":"https:\/\/origon-eu.com\/cro\/wp-json\/wp\/v2\/product\/68972","targetHints":{"allow":["GET"]}}],"collection":[{"href":"https:\/\/origon-eu.com\/cro\/wp-json\/wp\/v2\/product"}],"about":[{"href":"https:\/\/origon-eu.com\/cro\/wp-json\/wp\/v2\/types\/product"}],"version-history":[{"count":5,"href":"https:\/\/origon-eu.com\/cro\/wp-json\/wp\/v2\/product\/68972\/revisions"}],"predecessor-version":[{"id":68985,"href":"https:\/\/origon-eu.com\/cro\/wp-json\/wp\/v2\/product\/68972\/revisions\/68985"}],"wp:featuredmedia":[{"embeddable":true,"href":"https:\/\/origon-eu.com\/cro\/wp-json\/wp\/v2\/media\/68984"}],"wp:attachment":[{"href":"https:\/\/origon-eu.com\/cro\/wp-json\/wp\/v2\/media?parent=68972"}],"wp:term":[{"taxonomy":"product_brand","embeddable":true,"href":"https:\/\/origon-eu.com\/cro\/wp-json\/wp\/v2\/product_brand?post=68972"},{"taxonomy":"product_cat","embeddable":true,"href":"https:\/\/origon-eu.com\/cro\/wp-json\/wp\/v2\/product_cat?post=68972"},{"taxonomy":"product_tag","embeddable":true,"href":"https:\/\/origon-eu.com\/cro\/wp-json\/wp\/v2\/product_tag?post=68972"}],"curies":[{"name":"wp","href":"https:\/\/api.w.org\/{rel}","templated":true}]}}