{"id":68951,"date":"2025-12-06T17:23:48","date_gmt":"2025-12-06T15:23:48","guid":{"rendered":"https:\/\/origon-eu.com\/cro\/?post_type=product&#038;p=68951"},"modified":"2025-12-07T13:25:35","modified_gmt":"2025-12-07T11:25:35","slug":"simple-deluxe-toranjski-grijac-1500-w-s-daljinskim-upravljacem","status":"publish","type":"product","link":"https:\/\/origon-eu.com\/cro\/product\/simple-deluxe-toranjski-grijac-1500-w-s-daljinskim-upravljacem\/","title":{"rendered":"Simple Deluxe toranjski grija\u010d 1500 W s daljinskim upravlja\u010dem"},"content":{"rendered":"\t\t<div data-elementor-type=\"product-post\" data-elementor-id=\"68951\" class=\"elementor elementor-68951\" data-elementor-post-type=\"product\">\n\t\t\t\t<div class=\"wd-negative-gap elementor-element elementor-element-1e8b9e9 e-flex e-con-boxed e-con e-parent\" data-id=\"1e8b9e9\" data-element_type=\"container\">\n\t\t\t\t\t<div class=\"e-con-inner\">\n\t\t\t\t<div class=\"elementor-element elementor-element-7e3f1a8 elementor-headline--style-rotate elementor-widget elementor-widget-animated-headline\" data-id=\"7e3f1a8\" data-element_type=\"widget\" data-settings=\"{&quot;headline_style&quot;:&quot;rotate&quot;,&quot;rotating_text&quot;:&quot;spava\\u0107u sobu\\ndje\\u010dju sobu\\nkuhinju\\ngara\\u017eu \\npodrum&quot;,&quot;animation_type&quot;:&quot;typing&quot;,&quot;loop&quot;:&quot;yes&quot;,&quot;rotate_iteration_delay&quot;:2500}\" data-widget_type=\"animated-headline.default\">\n\t\t\t\t<div class=\"elementor-widget-container\">\n\t\t\t\t\t\t\t<h3 class=\"elementor-headline elementor-headline-animation-type-typing elementor-headline-letters\">\n\t\t\t\t\t<span class=\"elementor-headline-plain-text elementor-headline-text-wrapper\">Grija\u010d za <\/span>\n\t\t\t\t<span class=\"elementor-headline-dynamic-wrapper elementor-headline-text-wrapper\">\n\t\t\t\t\t<span class=\"elementor-headline-dynamic-text elementor-headline-text-active\">\n\t\t\t\tspava\u0107u&nbsp;sobu\t\t\t<\/span>\n\t\t\t\t\t<span class=\"elementor-headline-dynamic-text\">\n\t\t\t\tdje\u010dju&nbsp;sobu\t\t\t<\/span>\n\t\t\t\t\t<span class=\"elementor-headline-dynamic-text\">\n\t\t\t\tkuhinju\t\t\t<\/span>\n\t\t\t\t\t<span class=\"elementor-headline-dynamic-text\">\n\t\t\t\tgara\u017eu&nbsp;\t\t\t<\/span>\n\t\t\t\t\t<span class=\"elementor-headline-dynamic-text\">\n\t\t\t\tpodrum\t\t\t<\/span>\n\t\t\t\t\t\t<\/span>\n\t\t\t\t<\/h3>\n\t\t\t\t\t\t<\/div>\n\t\t\t\t<\/div>\n\t\t\t\t\t<\/div>\n\t\t\t\t<\/div>\n\t\t<div class=\"wd-negative-gap elementor-element elementor-element-f7dbe73 e-flex e-con-boxed e-con e-parent\" data-id=\"f7dbe73\" data-element_type=\"container\">\n\t\t\t\t\t<div class=\"e-con-inner\">\n\t\t\t\t<div class=\"elementor-element elementor-element-5d168fb elementor-widget elementor-widget-image\" data-id=\"5d168fb\" data-element_type=\"widget\" data-widget_type=\"image.default\">\n\t\t\t\t<div class=\"elementor-widget-container\">\n\t\t\t\t\t\t\t\t\t\t\t\t\t\t\t<img fetchpriority=\"high\" decoding=\"async\" width=\"750\" height=\"366\" src=\"https:\/\/origon-eu.com\/cro\/wp-content\/uploads\/2025\/12\/877167.jpg\" class=\"attachment-large size-large wp-image-68958\" alt=\"\" \/>\t\t\t\t\t\t\t\t\t\t\t\t\t\t\t<\/div>\n\t\t\t\t<\/div>\n\t\t\t\t\t<\/div>\n\t\t\t\t<\/div>\n\t\t<div class=\"wd-negative-gap elementor-element elementor-element-2ce492c e-flex e-con-boxed e-con e-parent\" data-id=\"2ce492c\" data-element_type=\"container\">\n\t\t\t\t\t<div class=\"e-con-inner\">\n\t\t<div class=\"elementor-element elementor-element-2a8ee33 e-con-full e-flex e-con e-child\" data-id=\"2a8ee33\" data-element_type=\"container\">\n\t\t\t\t<div class=\"elementor-element elementor-element-d1d1f87 elementor-widget elementor-widget-heading\" data-id=\"d1d1f87\" data-element_type=\"widget\" data-widget_type=\"heading.default\">\n\t\t\t\t<div class=\"elementor-widget-container\">\n\t\t\t\t\t<h2 class=\"elementor-heading-title elementor-size-default\">Tehni\u010dke specifikacije<\/h2>\t\t\t\t<\/div>\n\t\t\t\t<\/div>\n\t\t\t\t<div class=\"elementor-element elementor-element-546de6e elementor-widget-divider--separator-type-pattern elementor-widget-divider--view-line elementor-widget elementor-widget-divider\" data-id=\"546de6e\" data-element_type=\"widget\" data-widget_type=\"divider.default\">\n\t\t\t\t<div class=\"elementor-widget-container\">\n\t\t\t\t\t\t\t<div class=\"elementor-divider\" style=\"--divider-pattern-url: url(&quot;data:image\/svg+xml,%3Csvg xmlns=&#039;http:\/\/www.w3.org\/2000\/svg&#039; preserveAspectRatio=&#039;none&#039; overflow=&#039;visible&#039; height=&#039;100%&#039; viewBox=&#039;0 0 20 16&#039; fill=&#039;none&#039; stroke=&#039;black&#039; stroke-width=&#039;1&#039; stroke-linecap=&#039;square&#039; stroke-miterlimit=&#039;10&#039;%3E%3Cg transform=&#039;translate(-12.000000, 0)&#039;%3E%3Cpath d=&#039;M28,0L10,18&#039;\/%3E%3Cpath d=&#039;M18,0L0,18&#039;\/%3E%3Cpath d=&#039;M48,0L30,18&#039;\/%3E%3Cpath d=&#039;M38,0L20,18&#039;\/%3E%3C\/g%3E%3C\/svg%3E&quot;);\">\n\t\t\t<span class=\"elementor-divider-separator\">\n\t\t\t\t\t\t<\/span>\n\t\t<\/div>\n\t\t\t\t\t\t<\/div>\n\t\t\t\t<\/div>\n\t\t\t\t<div class=\"elementor-element elementor-element-7662f90 color-scheme-inherit text-left elementor-widget elementor-widget-text-editor\" data-id=\"7662f90\" data-element_type=\"widget\" data-widget_type=\"text-editor.default\">\n\t\t\t\t<div class=\"elementor-widget-container\">\n\t\t\t\t\t\t\t\t\t<ul><li data-start=\"146\" data-end=\"167\"><p data-start=\"148\" data-end=\"167\"><strong data-start=\"148\" data-end=\"158\">Snaga:<\/strong> 1500 W<\/p><\/li><li data-start=\"168\" data-end=\"211\"><p data-start=\"170\" data-end=\"211\"><strong data-start=\"170\" data-end=\"187\">Tip grijanja:<\/strong> Kerami\u010dki PTC element<\/p><\/li><li data-start=\"212\" data-end=\"297\"><p data-start=\"214\" data-end=\"297\"><strong data-start=\"214\" data-end=\"230\">Na\u010dini rada:<\/strong> Visoko grijanje \/ Srednje grijanje \/ Nisko grijanje \/ Ventilator<\/p><\/li><li data-start=\"298\" data-end=\"332\"><p data-start=\"300\" data-end=\"332\"><strong data-start=\"300\" data-end=\"315\">Oscilacija:<\/strong> Da, automatska<\/p><\/li><li data-start=\"333\" data-end=\"384\"><p data-start=\"335\" data-end=\"384\"><strong data-start=\"335\" data-end=\"359\">Daljinski upravlja\u010d:<\/strong> Uklju\u010den (domet 3\u20135 m)<\/p><\/li><li data-start=\"385\" data-end=\"409\"><p data-start=\"387\" data-end=\"409\"><strong data-start=\"387\" data-end=\"397\">Timer:<\/strong> Do 6 sati<\/p><\/li><li data-start=\"410\" data-end=\"479\"><p data-start=\"412\" data-end=\"479\"><strong data-start=\"412\" data-end=\"426\">Sigurnost:<\/strong> Za\u0161tita od pregrijavanja, samoreguliraju\u0107i element<\/p><\/li><li data-start=\"480\" data-end=\"533\"><p data-start=\"482\" data-end=\"533\"><strong data-start=\"482\" data-end=\"500\">Nosa\u010d \/ Ru\u010dka:<\/strong> Integrirana za lako preno\u0161enje<\/p><\/li><li data-start=\"534\" data-end=\"563\"><p data-start=\"536\" data-end=\"563\"><strong data-start=\"536\" data-end=\"555\">Duljina kabela:<\/strong> 1,5 m<\/p><\/li><li data-start=\"564\" data-end=\"646\"><p data-start=\"566\" data-end=\"646\"><strong data-start=\"566\" data-end=\"579\">Primjena:<\/strong> Spava\u0107a soba, dnevni boravak, kuhinja, ured, gara\u017ea, hodnik itd.<\/p><\/li><li data-start=\"647\" data-end=\"715\"><p data-start=\"649\" data-end=\"715\"><strong data-start=\"649\" data-end=\"663\">Dimenzije:<\/strong>\u00a061cm, 12cm<\/p><\/li><\/ul>\t\t\t\t\t\t\t\t<\/div>\n\t\t\t\t<\/div>\n\t\t\t\t<\/div>\n\t\t<div class=\"elementor-element elementor-element-00080c0 e-con-full e-flex e-con e-child\" data-id=\"00080c0\" data-element_type=\"container\">\n\t\t\t\t<div class=\"elementor-element elementor-element-b5c3a2b elementor-widget elementor-widget-image\" data-id=\"b5c3a2b\" data-element_type=\"widget\" data-widget_type=\"image.default\">\n\t\t\t\t<div class=\"elementor-widget-container\">\n\t\t\t\t\t\t\t\t\t\t\t\t\t\t\t<img decoding=\"async\" width=\"1024\" height=\"1024\" src=\"https:\/\/origon-eu.com\/cro\/wp-content\/uploads\/2025\/12\/H6433cc097ea64e7587210917655339453.png\" class=\"attachment-large size-large wp-image-68961\" alt=\"\" \/>\t\t\t\t\t\t\t\t\t\t\t\t\t\t\t<\/div>\n\t\t\t\t<\/div>\n\t\t\t\t<\/div>\n\t\t\t\t\t<\/div>\n\t\t\t\t<\/div>\n\t\t<div class=\"wd-negative-gap elementor-element elementor-element-973fab8 e-flex e-con-boxed e-con e-parent\" data-id=\"973fab8\" data-element_type=\"container\">\n\t\t\t\t\t<div class=\"e-con-inner\">\n\t\t\t\t<div class=\"elementor-element elementor-element-c5183f1 elementor-widget elementor-widget-image\" data-id=\"c5183f1\" data-element_type=\"widget\" data-widget_type=\"image.default\">\n\t\t\t\t<div class=\"elementor-widget-container\">\n\t\t\t\t\t\t\t\t\t\t\t\t\t\t\t<img decoding=\"async\" width=\"1024\" height=\"1024\" src=\"https:\/\/origon-eu.com\/cro\/wp-content\/uploads\/2025\/12\/Hd328246e7683435ea74dbfc3501f7f27N.png\" class=\"attachment-large size-large wp-image-68960\" alt=\"\" \/>\t\t\t\t\t\t\t\t\t\t\t\t\t\t\t<\/div>\n\t\t\t\t<\/div>\n\t\t\t\t\t<\/div>\n\t\t\t\t<\/div>\n\t\t<div class=\"wd-negative-gap elementor-element elementor-element-6c99dd4 e-flex e-con-boxed e-con e-parent\" data-id=\"6c99dd4\" data-element_type=\"container\">\n\t\t\t\t\t<div class=\"e-con-inner\">\n\t\t\t\t<div class=\"elementor-element elementor-element-d05f0d2 elementor-widget elementor-widget-image\" data-id=\"d05f0d2\" data-element_type=\"widget\" data-widget_type=\"image.default\">\n\t\t\t\t<div class=\"elementor-widget-container\">\n\t\t\t\t\t\t\t\t\t\t\t\t\t\t\t<img loading=\"lazy\" decoding=\"async\" width=\"1024\" height=\"1024\" src=\"https:\/\/origon-eu.com\/cro\/wp-content\/uploads\/2025\/12\/H403e49013f7f41f1bdc2851fec1608d0j.png\" class=\"attachment-large size-large wp-image-68964\" alt=\"\" \/>\t\t\t\t\t\t\t\t\t\t\t\t\t\t\t<\/div>\n\t\t\t\t<\/div>\n\t\t\t\t\t<\/div>\n\t\t\t\t<\/div>\n\t\t\t\t<\/div>\n\t\t","protected":false},"excerpt":{"rendered":"<ul>\n<li data-start=\"66\" data-end=\"163\">\n<p data-start=\"68\" data-end=\"163\"><strong data-start=\"68\" data-end=\"94\">Sna\u017eno grijanje 1500 W<\/strong> s kerami\u010dkim PTC elementom za brzo zagrijavanje cijele prostorije.<\/p>\n<\/li>\n<li data-start=\"164\" data-end=\"232\">\n<p data-start=\"166\" data-end=\"232\"><strong data-start=\"166\" data-end=\"184\">4 na\u010dina rada:<\/strong> visoko, srednje, nisko grijanje.<\/p>\n<\/li>\n<li data-start=\"233\" data-end=\"314\">\n<p data-start=\"235\" data-end=\"314\"><strong data-start=\"235\" data-end=\"259\">Sigurnosne zna\u010dajke:<\/strong> za\u0161tita od pregrijavanja i samoreguliraju\u0107i element.<\/p>\n<\/li>\n<li data-start=\"315\" data-end=\"417\">\n<p data-start=\"317\" data-end=\"417\"><strong data-start=\"317\" data-end=\"355\">Daljinski upravlja\u010d i timer do 6 h<\/strong>; pode\u0161avanje temperature i oscilacije na 3\u20135 m udaljenosti.<\/p>\n<\/li>\n<li data-start=\"418\" data-end=\"530\">\n<p data-start=\"420\" data-end=\"530\"><strong data-start=\"420\" data-end=\"442\">Prijenosan dizajn:<\/strong> integrirana ru\u010dka i dugi 1,5 m kabel; idealno za spava\u0107u sobu, ured ili dnevni boravak.<\/p>\n<\/li>\n<\/ul>\n","protected":false},"featured_media":68952,"template":"","meta":{"_acf_changed":false},"product_brand":[],"product_cat":[165],"product_tag":[],"class_list":{"0":"post-68951","1":"product","2":"type-product","3":"status-publish","4":"has-post-thumbnail","6":"product_cat-uncategorized","8":"first","9":"instock","10":"sale","11":"shipping-taxable","12":"purchasable","13":"product-type-simple"},"acf":[],"yoast_head":"<!-- This site is optimized with the Yoast SEO plugin v24.2 - https:\/\/yoast.com\/wordpress\/plugins\/seo\/ -->\n<title>Simple Deluxe toranjski grija\u010d 1500 W s daljinskim upravlja\u010dem - Origon EU<\/title>\n<meta name=\"robots\" content=\"index, follow, max-snippet:-1, max-image-preview:large, max-video-preview:-1\" \/>\n<link rel=\"canonical\" href=\"https:\/\/origon-eu.com\/cro\/product\/simple-deluxe-toranjski-grijac-1500-w-s-daljinskim-upravljacem\/\" \/>\n<meta property=\"og:locale\" content=\"hr_HR\" \/>\n<meta property=\"og:type\" content=\"article\" \/>\n<meta property=\"og:title\" content=\"Simple Deluxe toranjski grija\u010d 1500 W s daljinskim upravlja\u010dem - Origon EU\" \/>\n<meta property=\"og:description\" content=\"Sna\u017eno grijanje 1500 W s kerami\u010dkim PTC elementom za brzo zagrijavanje cijele prostorije.    4 na\u010dina rada: visoko, srednje, nisko grijanje.    Sigurnosne zna\u010dajke: za\u0161tita od pregrijavanja i samoreguliraju\u0107i element.    Daljinski upravlja\u010d i timer do 6 h; pode\u0161avanje temperature i oscilacije na 3\u20135 m udaljenosti.    Prijenosan dizajn: integrirana ru\u010dka i dugi 1,5 m kabel; idealno za spava\u0107u sobu, ured ili dnevni boravak.\" \/>\n<meta property=\"og:url\" content=\"https:\/\/origon-eu.com\/cro\/product\/simple-deluxe-toranjski-grijac-1500-w-s-daljinskim-upravljacem\/\" \/>\n<meta property=\"og:site_name\" content=\"Origon EU\" \/>\n<meta property=\"article:modified_time\" content=\"2025-12-07T11:25:35+00:00\" \/>\n<meta property=\"og:image\" content=\"https:\/\/origon-eu.com\/cro\/wp-content\/uploads\/2025\/12\/Hd4dfe3d94ed6400288e6cde74a2428aaN.png\" \/>\n\t<meta property=\"og:image:width\" content=\"1500\" \/>\n\t<meta property=\"og:image:height\" content=\"1500\" \/>\n\t<meta property=\"og:image:type\" content=\"image\/png\" \/>\n<meta name=\"twitter:card\" content=\"summary_large_image\" \/>\n<meta name=\"twitter:label1\" content=\"Procijenjeno vrijeme \u010ditanja\" \/>\n\t<meta name=\"twitter:data1\" content=\"2 minute\" \/>\n<script type=\"application\/ld+json\" class=\"yoast-schema-graph\">{\"@context\":\"https:\/\/schema.org\",\"@graph\":[{\"@type\":\"WebPage\",\"@id\":\"https:\/\/origon-eu.com\/cro\/product\/simple-deluxe-toranjski-grijac-1500-w-s-daljinskim-upravljacem\/\",\"url\":\"https:\/\/origon-eu.com\/cro\/product\/simple-deluxe-toranjski-grijac-1500-w-s-daljinskim-upravljacem\/\",\"name\":\"Simple Deluxe toranjski grija\u010d 1500 W s daljinskim upravlja\u010dem - Origon EU\",\"isPartOf\":{\"@id\":\"https:\/\/origon-eu.com\/cro\/#website\"},\"primaryImageOfPage\":{\"@id\":\"https:\/\/origon-eu.com\/cro\/product\/simple-deluxe-toranjski-grijac-1500-w-s-daljinskim-upravljacem\/#primaryimage\"},\"image\":{\"@id\":\"https:\/\/origon-eu.com\/cro\/product\/simple-deluxe-toranjski-grijac-1500-w-s-daljinskim-upravljacem\/#primaryimage\"},\"thumbnailUrl\":\"https:\/\/origon-eu.com\/cro\/wp-content\/uploads\/2025\/12\/Hd4dfe3d94ed6400288e6cde74a2428aaN.png\",\"datePublished\":\"2025-12-06T15:23:48+00:00\",\"dateModified\":\"2025-12-07T11:25:35+00:00\",\"breadcrumb\":{\"@id\":\"https:\/\/origon-eu.com\/cro\/product\/simple-deluxe-toranjski-grijac-1500-w-s-daljinskim-upravljacem\/#breadcrumb\"},\"inLanguage\":\"hr\",\"potentialAction\":[{\"@type\":\"ReadAction\",\"target\":[\"https:\/\/origon-eu.com\/cro\/product\/simple-deluxe-toranjski-grijac-1500-w-s-daljinskim-upravljacem\/\"]}]},{\"@type\":\"ImageObject\",\"inLanguage\":\"hr\",\"@id\":\"https:\/\/origon-eu.com\/cro\/product\/simple-deluxe-toranjski-grijac-1500-w-s-daljinskim-upravljacem\/#primaryimage\",\"url\":\"https:\/\/origon-eu.com\/cro\/wp-content\/uploads\/2025\/12\/Hd4dfe3d94ed6400288e6cde74a2428aaN.png\",\"contentUrl\":\"https:\/\/origon-eu.com\/cro\/wp-content\/uploads\/2025\/12\/Hd4dfe3d94ed6400288e6cde74a2428aaN.png\",\"width\":1500,\"height\":1500},{\"@type\":\"BreadcrumbList\",\"@id\":\"https:\/\/origon-eu.com\/cro\/product\/simple-deluxe-toranjski-grijac-1500-w-s-daljinskim-upravljacem\/#breadcrumb\",\"itemListElement\":[{\"@type\":\"ListItem\",\"position\":1,\"name\":\"Home\",\"item\":\"https:\/\/origon-eu.com\/cro\/\"},{\"@type\":\"ListItem\",\"position\":2,\"name\":\"Katalog\",\"item\":\"https:\/\/origon-eu.com\/cro\/hr\/shop-2\/\"},{\"@type\":\"ListItem\",\"position\":3,\"name\":\"Simple Deluxe toranjski grija\u010d 1500 W s daljinskim upravlja\u010dem\"}]},{\"@type\":\"WebSite\",\"@id\":\"https:\/\/origon-eu.com\/cro\/#website\",\"url\":\"https:\/\/origon-eu.com\/cro\/\",\"name\":\"Origon EU\",\"description\":\"Online Store\",\"publisher\":{\"@id\":\"https:\/\/origon-eu.com\/cro\/#organization\"},\"potentialAction\":[{\"@type\":\"SearchAction\",\"target\":{\"@type\":\"EntryPoint\",\"urlTemplate\":\"https:\/\/origon-eu.com\/cro\/?s={search_term_string}\"},\"query-input\":{\"@type\":\"PropertyValueSpecification\",\"valueRequired\":true,\"valueName\":\"search_term_string\"}}],\"inLanguage\":\"hr\"},{\"@type\":\"Organization\",\"@id\":\"https:\/\/origon-eu.com\/cro\/#organization\",\"name\":\"Origon EU\",\"url\":\"https:\/\/origon-eu.com\/cro\/\",\"logo\":{\"@type\":\"ImageObject\",\"inLanguage\":\"hr\",\"@id\":\"https:\/\/origon-eu.com\/cro\/#\/schema\/logo\/image\/\",\"url\":\"https:\/\/origon-eu.com\/cro\/wp-content\/uploads\/2024\/04\/Screenshot-2024-04-09-101814.png\",\"contentUrl\":\"https:\/\/origon-eu.com\/cro\/wp-content\/uploads\/2024\/04\/Screenshot-2024-04-09-101814.png\",\"width\":171,\"height\":59,\"caption\":\"Origon EU\"},\"image\":{\"@id\":\"https:\/\/origon-eu.com\/cro\/#\/schema\/logo\/image\/\"}}]}<\/script>\n<!-- \/ Yoast SEO plugin. -->","yoast_head_json":{"title":"Simple Deluxe toranjski grija\u010d 1500 W s daljinskim upravlja\u010dem - Origon EU","robots":{"index":"index","follow":"follow","max-snippet":"max-snippet:-1","max-image-preview":"max-image-preview:large","max-video-preview":"max-video-preview:-1"},"canonical":"https:\/\/origon-eu.com\/cro\/product\/simple-deluxe-toranjski-grijac-1500-w-s-daljinskim-upravljacem\/","og_locale":"hr_HR","og_type":"article","og_title":"Simple Deluxe toranjski grija\u010d 1500 W s daljinskim upravlja\u010dem - Origon EU","og_description":"Sna\u017eno grijanje 1500 W s kerami\u010dkim PTC elementom za brzo zagrijavanje cijele prostorije.    4 na\u010dina rada: visoko, srednje, nisko grijanje.    Sigurnosne zna\u010dajke: za\u0161tita od pregrijavanja i samoreguliraju\u0107i element.    Daljinski upravlja\u010d i timer do 6 h; pode\u0161avanje temperature i oscilacije na 3\u20135 m udaljenosti.    Prijenosan dizajn: integrirana ru\u010dka i dugi 1,5 m kabel; idealno za spava\u0107u sobu, ured ili dnevni boravak.","og_url":"https:\/\/origon-eu.com\/cro\/product\/simple-deluxe-toranjski-grijac-1500-w-s-daljinskim-upravljacem\/","og_site_name":"Origon EU","article_modified_time":"2025-12-07T11:25:35+00:00","og_image":[{"width":1500,"height":1500,"url":"https:\/\/origon-eu.com\/cro\/wp-content\/uploads\/2025\/12\/Hd4dfe3d94ed6400288e6cde74a2428aaN.png","type":"image\/png"}],"twitter_card":"summary_large_image","twitter_misc":{"Procijenjeno vrijeme \u010ditanja":"2 minute"},"schema":{"@context":"https:\/\/schema.org","@graph":[{"@type":"WebPage","@id":"https:\/\/origon-eu.com\/cro\/product\/simple-deluxe-toranjski-grijac-1500-w-s-daljinskim-upravljacem\/","url":"https:\/\/origon-eu.com\/cro\/product\/simple-deluxe-toranjski-grijac-1500-w-s-daljinskim-upravljacem\/","name":"Simple Deluxe toranjski grija\u010d 1500 W s daljinskim upravlja\u010dem - Origon EU","isPartOf":{"@id":"https:\/\/origon-eu.com\/cro\/#website"},"primaryImageOfPage":{"@id":"https:\/\/origon-eu.com\/cro\/product\/simple-deluxe-toranjski-grijac-1500-w-s-daljinskim-upravljacem\/#primaryimage"},"image":{"@id":"https:\/\/origon-eu.com\/cro\/product\/simple-deluxe-toranjski-grijac-1500-w-s-daljinskim-upravljacem\/#primaryimage"},"thumbnailUrl":"https:\/\/origon-eu.com\/cro\/wp-content\/uploads\/2025\/12\/Hd4dfe3d94ed6400288e6cde74a2428aaN.png","datePublished":"2025-12-06T15:23:48+00:00","dateModified":"2025-12-07T11:25:35+00:00","breadcrumb":{"@id":"https:\/\/origon-eu.com\/cro\/product\/simple-deluxe-toranjski-grijac-1500-w-s-daljinskim-upravljacem\/#breadcrumb"},"inLanguage":"hr","potentialAction":[{"@type":"ReadAction","target":["https:\/\/origon-eu.com\/cro\/product\/simple-deluxe-toranjski-grijac-1500-w-s-daljinskim-upravljacem\/"]}]},{"@type":"ImageObject","inLanguage":"hr","@id":"https:\/\/origon-eu.com\/cro\/product\/simple-deluxe-toranjski-grijac-1500-w-s-daljinskim-upravljacem\/#primaryimage","url":"https:\/\/origon-eu.com\/cro\/wp-content\/uploads\/2025\/12\/Hd4dfe3d94ed6400288e6cde74a2428aaN.png","contentUrl":"https:\/\/origon-eu.com\/cro\/wp-content\/uploads\/2025\/12\/Hd4dfe3d94ed6400288e6cde74a2428aaN.png","width":1500,"height":1500},{"@type":"BreadcrumbList","@id":"https:\/\/origon-eu.com\/cro\/product\/simple-deluxe-toranjski-grijac-1500-w-s-daljinskim-upravljacem\/#breadcrumb","itemListElement":[{"@type":"ListItem","position":1,"name":"Home","item":"https:\/\/origon-eu.com\/cro\/"},{"@type":"ListItem","position":2,"name":"Katalog","item":"https:\/\/origon-eu.com\/cro\/hr\/shop-2\/"},{"@type":"ListItem","position":3,"name":"Simple Deluxe toranjski grija\u010d 1500 W s daljinskim upravlja\u010dem"}]},{"@type":"WebSite","@id":"https:\/\/origon-eu.com\/cro\/#website","url":"https:\/\/origon-eu.com\/cro\/","name":"Origon EU","description":"Online Store","publisher":{"@id":"https:\/\/origon-eu.com\/cro\/#organization"},"potentialAction":[{"@type":"SearchAction","target":{"@type":"EntryPoint","urlTemplate":"https:\/\/origon-eu.com\/cro\/?s={search_term_string}"},"query-input":{"@type":"PropertyValueSpecification","valueRequired":true,"valueName":"search_term_string"}}],"inLanguage":"hr"},{"@type":"Organization","@id":"https:\/\/origon-eu.com\/cro\/#organization","name":"Origon EU","url":"https:\/\/origon-eu.com\/cro\/","logo":{"@type":"ImageObject","inLanguage":"hr","@id":"https:\/\/origon-eu.com\/cro\/#\/schema\/logo\/image\/","url":"https:\/\/origon-eu.com\/cro\/wp-content\/uploads\/2024\/04\/Screenshot-2024-04-09-101814.png","contentUrl":"https:\/\/origon-eu.com\/cro\/wp-content\/uploads\/2024\/04\/Screenshot-2024-04-09-101814.png","width":171,"height":59,"caption":"Origon EU"},"image":{"@id":"https:\/\/origon-eu.com\/cro\/#\/schema\/logo\/image\/"}}]}},"tiered_pricing_type":"fixed","tiered_pricing_fixed_rules":[],"tiered_pricing_percentage_rules":[],"tiered_pricing_minimum":1,"tiered_pricing_roles_data":[],"_links":{"self":[{"href":"https:\/\/origon-eu.com\/cro\/wp-json\/wp\/v2\/product\/68951","targetHints":{"allow":["GET"]}}],"collection":[{"href":"https:\/\/origon-eu.com\/cro\/wp-json\/wp\/v2\/product"}],"about":[{"href":"https:\/\/origon-eu.com\/cro\/wp-json\/wp\/v2\/types\/product"}],"version-history":[{"count":8,"href":"https:\/\/origon-eu.com\/cro\/wp-json\/wp\/v2\/product\/68951\/revisions"}],"predecessor-version":[{"id":68997,"href":"https:\/\/origon-eu.com\/cro\/wp-json\/wp\/v2\/product\/68951\/revisions\/68997"}],"wp:featuredmedia":[{"embeddable":true,"href":"https:\/\/origon-eu.com\/cro\/wp-json\/wp\/v2\/media\/68952"}],"wp:attachment":[{"href":"https:\/\/origon-eu.com\/cro\/wp-json\/wp\/v2\/media?parent=68951"}],"wp:term":[{"taxonomy":"product_brand","embeddable":true,"href":"https:\/\/origon-eu.com\/cro\/wp-json\/wp\/v2\/product_brand?post=68951"},{"taxonomy":"product_cat","embeddable":true,"href":"https:\/\/origon-eu.com\/cro\/wp-json\/wp\/v2\/product_cat?post=68951"},{"taxonomy":"product_tag","embeddable":true,"href":"https:\/\/origon-eu.com\/cro\/wp-json\/wp\/v2\/product_tag?post=68951"}],"curies":[{"name":"wp","href":"https:\/\/api.w.org\/{rel}","templated":true}]}}