{"id":68563,"date":"2025-11-22T00:45:17","date_gmt":"2025-11-21T22:45:17","guid":{"rendered":"https:\/\/origon-eu.com\/cro\/?post_type=product&#038;p=68563"},"modified":"2025-11-27T18:04:08","modified_gmt":"2025-11-27T16:04:08","slug":"modularni-viseslojni-stalak","status":"publish","type":"product","link":"https:\/\/origon-eu.com\/cro\/product\/modularni-viseslojni-stalak\/","title":{"rendered":"Modularni vi\u0161eslojni stalak"},"content":{"rendered":"\t\t<div data-elementor-type=\"product-post\" data-elementor-id=\"68563\" class=\"elementor elementor-68563\" data-elementor-post-type=\"product\">\n\t\t\t\t<div class=\"wd-negative-gap elementor-element elementor-element-863a619 e-flex e-con-boxed e-con e-parent\" data-id=\"863a619\" data-element_type=\"container\">\n\t\t\t\t\t<div class=\"e-con-inner\">\n\t\t<div class=\"elementor-element elementor-element-914535f e-con-full e-flex e-con e-child\" data-id=\"914535f\" data-element_type=\"container\">\n\t\t\t\t<div class=\"elementor-element elementor-element-1ceac0c elementor-headline--style-highlight elementor-widget elementor-widget-animated-headline\" data-id=\"1ceac0c\" data-element_type=\"widget\" data-settings=\"{&quot;highlighted_text&quot;:&quot;Lagan i izdr\\u017eljiv 3-eta\\u017eni stalak za organizaciju prostora&quot;,&quot;headline_style&quot;:&quot;highlight&quot;,&quot;marker&quot;:&quot;circle&quot;,&quot;loop&quot;:&quot;yes&quot;,&quot;highlight_animation_duration&quot;:1200,&quot;highlight_iteration_delay&quot;:8000}\" data-widget_type=\"animated-headline.default\">\n\t\t\t\t<div class=\"elementor-widget-container\">\n\t\t\t\t\t\t\t<h3 class=\"elementor-headline\">\n\t\t\t\t<span class=\"elementor-headline-dynamic-wrapper elementor-headline-text-wrapper\">\n\t\t\t\t\t<span class=\"elementor-headline-dynamic-text elementor-headline-text-active\">Lagan i izdr\u017eljiv 3-eta\u017eni stalak za organizaciju prostora<\/span>\n\t\t\t\t<\/span>\n\t\t\t\t<\/h3>\n\t\t\t\t\t\t<\/div>\n\t\t\t\t<\/div>\n\t\t\t\t<div class=\"elementor-element elementor-element-542488b elementor-widget-divider--view-line elementor-widget elementor-widget-divider\" data-id=\"542488b\" data-element_type=\"widget\" data-widget_type=\"divider.default\">\n\t\t\t\t<div class=\"elementor-widget-container\">\n\t\t\t\t\t\t\t<div class=\"elementor-divider\">\n\t\t\t<span class=\"elementor-divider-separator\">\n\t\t\t\t\t\t<\/span>\n\t\t<\/div>\n\t\t\t\t\t\t<\/div>\n\t\t\t\t<\/div>\n\t\t\t\t<div class=\"elementor-element elementor-element-3093e03 color-scheme-inherit text-left elementor-widget elementor-widget-text-editor\" data-id=\"3093e03\" data-element_type=\"widget\" data-widget_type=\"text-editor.default\">\n\t\t\t\t<div class=\"elementor-widget-container\">\n\t\t\t\t\t\t\t\t\t<ul><li data-start=\"66\" data-end=\"153\"><p data-start=\"68\" data-end=\"153\"><strong data-start=\"68\" data-end=\"86\">Za prostorije:<\/strong> spava\u0107a soba, blagovaonica, ku\u0107ni ured, praonica, dnevni boravak<\/p><\/li><li data-start=\"154\" data-end=\"176\"><p data-start=\"156\" data-end=\"176\"><strong data-start=\"156\" data-end=\"172\">Broj polica:<\/strong> 3<\/p><\/li><li data-start=\"177\" data-end=\"236\"><p data-start=\"179\" data-end=\"236\"><strong data-start=\"179\" data-end=\"192\">Zna\u010dajke:<\/strong> izdr\u017eljiv, lagan, \u0161tedi prostor, stabilan<\/p><\/li><li data-start=\"237\" data-end=\"290\"><p data-start=\"239\" data-end=\"290\"><strong data-start=\"239\" data-end=\"253\">Dimenzije:<\/strong> 29\u00d760\u00d775 cm (11.42&#8243;\u00d723.58&#8243;\u00d729.49&#8243;)<\/p><\/li><li data-start=\"291\" data-end=\"347\"><p data-start=\"293\" data-end=\"347\"><strong data-start=\"293\" data-end=\"302\">Stil:<\/strong> klasi\u010dne cijevi, laminirana zavr\u0161na obrada<\/p><\/li><li data-start=\"348\" data-end=\"370\"><p data-start=\"350\" data-end=\"370\"><strong data-start=\"350\" data-end=\"360\">Marka:<\/strong> Furinno<\/p><\/li><li data-start=\"371\" data-end=\"436\"><p data-start=\"373\" data-end=\"436\"><strong data-start=\"373\" data-end=\"388\">Odr\u017eavanje:<\/strong> brisati suhom krpom, bez agresivnih sredstava<\/p><\/li><li data-start=\"437\" data-end=\"467\" data-is-last-node=\"\"><p data-start=\"439\" data-end=\"467\" data-is-last-node=\"\"><strong data-start=\"439\" data-end=\"452\">Nosivost:<\/strong> 20 lb (\u2248 9 kg)<\/p><\/li><\/ul>\t\t\t\t\t\t\t\t<\/div>\n\t\t\t\t<\/div>\n\t\t\t\t<\/div>\n\t\t<div class=\"elementor-element elementor-element-2562a86 e-con-full e-flex e-con e-child\" data-id=\"2562a86\" data-element_type=\"container\">\n\t\t\t\t<div class=\"elementor-element elementor-element-7c66eb5 elementor-widget elementor-widget-image\" data-id=\"7c66eb5\" data-element_type=\"widget\" data-widget_type=\"image.default\">\n\t\t\t\t<div class=\"elementor-widget-container\">\n\t\t\t\t\t\t\t\t\t\t\t\t\t\t\t<img fetchpriority=\"high\" decoding=\"async\" width=\"679\" height=\"900\" src=\"https:\/\/origon-eu.com\/cro\/wp-content\/uploads\/2025\/11\/716VwfhD2L._AC_SX679_.jpg\" class=\"attachment-large size-large wp-image-68569\" alt=\"\" \/>\t\t\t\t\t\t\t\t\t\t\t\t\t\t\t<\/div>\n\t\t\t\t<\/div>\n\t\t\t\t<\/div>\n\t\t\t\t\t<\/div>\n\t\t\t\t<\/div>\n\t\t<div class=\"wd-negative-gap elementor-element elementor-element-88c4f0c e-flex e-con-boxed e-con e-parent\" data-id=\"88c4f0c\" data-element_type=\"container\">\n\t\t\t\t\t<div class=\"e-con-inner\">\n\t\t\t\t<div class=\"elementor-element elementor-element-7140794 elementor-widget elementor-widget-image\" data-id=\"7140794\" data-element_type=\"widget\" data-widget_type=\"image.default\">\n\t\t\t\t<div class=\"elementor-widget-container\">\n\t\t\t\t\t\t\t\t\t\t\t\t\t\t\t<img decoding=\"async\" width=\"970\" height=\"600\" src=\"https:\/\/origon-eu.com\/cro\/wp-content\/uploads\/2025\/11\/86011bd6-cd61-4611-b3e3-75903880b295.__CR87017461080_PT0_SX970_V1___.jpg\" class=\"attachment-large size-large wp-image-68772\" alt=\"\" \/>\t\t\t\t\t\t\t\t\t\t\t\t\t\t\t<\/div>\n\t\t\t\t<\/div>\n\t\t\t\t\t<\/div>\n\t\t\t\t<\/div>\n\t\t\t\t<\/div>\n\t\t","protected":false},"excerpt":{"rendered":"<article class=\"text-token-text-primary w-full focus:outline-none [--shadow-height:45px] has-data-writing-block:pointer-events-none has-data-writing-block:-mt-(--shadow-height) has-data-writing-block:pt-(--shadow-height) [&amp;:has([data-writing-block])&gt;*]:pointer-events-auto [content-visibility:auto] supports-[content-visibility:auto]:[contain-intrinsic-size:auto_100lvh] scroll-mt-[calc(var(--header-height)+min(200px,max(70px,20svh)))]\" dir=\"auto\" tabindex=\"-1\" data-turn-id=\"request-WEB:a9096f8f-1935-454e-829d-51c0248bcf37-2\" data-testid=\"conversation-turn-6\" data-scroll-anchor=\"true\" data-turn=\"assistant\">\n<div class=\"text-base my-auto mx-auto pb-10 [--thread-content-margin:--spacing(4)] thread-sm:[--thread-content-margin:--spacing(6)] thread-lg:[--thread-content-margin:--spacing(16)] px-(--thread-content-margin)\">\n<div class=\"[--thread-content-max-width:40rem] thread-lg:[--thread-content-max-width:48rem] mx-auto max-w-(--thread-content-max-width) flex-1 group\/turn-messages focus-visible:outline-hidden relative flex w-full min-w-0 flex-col agent-turn\" tabindex=\"-1\">\n<div class=\"flex max-w-full flex-col grow\">\n<div class=\"min-h-8 text-message relative flex w-full flex-col items-end gap-2 text-start break-words whitespace-normal [.text-message+&amp;]:mt-1\" dir=\"auto\" data-message-author-role=\"assistant\" data-message-id=\"14fe8208-9e75-423a-bc0b-e29f4a549d56\" data-message-model-slug=\"gpt-5-1\">\n<div class=\"flex w-full flex-col gap-1 empty:hidden first:pt-[1px]\">\n<div class=\"markdown prose dark:prose-invert w-full break-words dark markdown-new-styling\">\n<ul data-start=\"47\" data-end=\"346\" data-is-last-node=\"\" data-is-only-node=\"\">\n<li data-start=\"47\" data-end=\"152\">\n<p data-start=\"49\" data-end=\"152\"><strong data-start=\"49\" data-end=\"81\">Jednostavan i moderan dizajn<\/strong> s otvorenim policama i klasi\u010dnim nosa\u010dima, idealan za svaki prostor.<\/p>\n<\/li>\n<li data-start=\"153\" data-end=\"246\">\n<p data-start=\"155\" data-end=\"246\"><strong data-start=\"155\" data-end=\"176\">3 otvorene razine<\/strong> za organiziranje knjiga, dekoracija, biljaka i svakodnevnih stvari.<\/p>\n<\/li>\n<li data-start=\"247\" data-end=\"346\" data-is-last-node=\"\">\n<p data-start=\"249\" data-end=\"346\" data-is-last-node=\"\"><strong data-start=\"249\" data-end=\"272\">\u010cvrsta konstrukcija<\/strong> od kvalitetnog kompozitnog drva, nosivost 6.8 kg po polici (20.4 kg ukupno).<\/p>\n<\/li>\n<\/ul>\n<\/div>\n<\/div>\n<\/div>\n<\/div>\n<\/div>\n<\/div>\n<\/article>\n","protected":false},"featured_media":68564,"template":"","meta":{"_acf_changed":false},"product_brand":[],"product_cat":[165],"product_tag":[],"class_list":{"0":"post-68563","1":"product","2":"type-product","3":"status-publish","4":"has-post-thumbnail","6":"product_cat-uncategorized","8":"first","9":"instock","10":"sale","11":"shipping-taxable","12":"purchasable","13":"product-type-simple"},"acf":[],"yoast_head":"<!-- This site is optimized with the Yoast SEO plugin v24.2 - https:\/\/yoast.com\/wordpress\/plugins\/seo\/ -->\n<title>Modularni vi\u0161eslojni stalak - Origon EU<\/title>\n<meta name=\"robots\" content=\"index, follow, max-snippet:-1, max-image-preview:large, max-video-preview:-1\" \/>\n<link rel=\"canonical\" href=\"https:\/\/origon-eu.com\/cro\/product\/modularni-viseslojni-stalak\/\" \/>\n<meta property=\"og:locale\" content=\"hr_HR\" \/>\n<meta property=\"og:type\" content=\"article\" \/>\n<meta property=\"og:title\" content=\"Modularni vi\u0161eslojni stalak - Origon EU\" \/>\n<meta property=\"og:description\" content=\"Jednostavan i moderan dizajn s otvorenim policama i klasi\u010dnim nosa\u010dima, idealan za svaki prostor.    3 otvorene razine za organiziranje knjiga, dekoracija, biljaka i svakodnevnih stvari.    \u010cvrsta konstrukcija od kvalitetnog kompozitnog drva, nosivost 6.8 kg po polici (20.4 kg ukupno).\" \/>\n<meta property=\"og:url\" content=\"https:\/\/origon-eu.com\/cro\/product\/modularni-viseslojni-stalak\/\" \/>\n<meta property=\"og:site_name\" content=\"Origon EU\" \/>\n<meta property=\"article:modified_time\" content=\"2025-11-27T16:04:08+00:00\" \/>\n<meta property=\"og:image\" content=\"https:\/\/origon-eu.com\/cro\/wp-content\/uploads\/2025\/11\/8114w8BwLaL._AC_SX679_.jpg\" \/>\n\t<meta property=\"og:image:width\" content=\"679\" \/>\n\t<meta property=\"og:image:height\" content=\"679\" \/>\n\t<meta property=\"og:image:type\" content=\"image\/jpeg\" \/>\n<meta name=\"twitter:card\" content=\"summary_large_image\" \/>\n<script type=\"application\/ld+json\" class=\"yoast-schema-graph\">{\"@context\":\"https:\/\/schema.org\",\"@graph\":[{\"@type\":\"WebPage\",\"@id\":\"https:\/\/origon-eu.com\/cro\/product\/modularni-viseslojni-stalak\/\",\"url\":\"https:\/\/origon-eu.com\/cro\/product\/modularni-viseslojni-stalak\/\",\"name\":\"Modularni vi\u0161eslojni stalak - Origon EU\",\"isPartOf\":{\"@id\":\"https:\/\/origon-eu.com\/cro\/#website\"},\"primaryImageOfPage\":{\"@id\":\"https:\/\/origon-eu.com\/cro\/product\/modularni-viseslojni-stalak\/#primaryimage\"},\"image\":{\"@id\":\"https:\/\/origon-eu.com\/cro\/product\/modularni-viseslojni-stalak\/#primaryimage\"},\"thumbnailUrl\":\"https:\/\/origon-eu.com\/cro\/wp-content\/uploads\/2025\/11\/8114w8BwLaL._AC_SX679_.jpg\",\"datePublished\":\"2025-11-21T22:45:17+00:00\",\"dateModified\":\"2025-11-27T16:04:08+00:00\",\"breadcrumb\":{\"@id\":\"https:\/\/origon-eu.com\/cro\/product\/modularni-viseslojni-stalak\/#breadcrumb\"},\"inLanguage\":\"hr\",\"potentialAction\":[{\"@type\":\"ReadAction\",\"target\":[\"https:\/\/origon-eu.com\/cro\/product\/modularni-viseslojni-stalak\/\"]}]},{\"@type\":\"ImageObject\",\"inLanguage\":\"hr\",\"@id\":\"https:\/\/origon-eu.com\/cro\/product\/modularni-viseslojni-stalak\/#primaryimage\",\"url\":\"https:\/\/origon-eu.com\/cro\/wp-content\/uploads\/2025\/11\/8114w8BwLaL._AC_SX679_.jpg\",\"contentUrl\":\"https:\/\/origon-eu.com\/cro\/wp-content\/uploads\/2025\/11\/8114w8BwLaL._AC_SX679_.jpg\",\"width\":679,\"height\":679},{\"@type\":\"BreadcrumbList\",\"@id\":\"https:\/\/origon-eu.com\/cro\/product\/modularni-viseslojni-stalak\/#breadcrumb\",\"itemListElement\":[{\"@type\":\"ListItem\",\"position\":1,\"name\":\"Home\",\"item\":\"https:\/\/origon-eu.com\/cro\/\"},{\"@type\":\"ListItem\",\"position\":2,\"name\":\"Katalog\",\"item\":\"https:\/\/origon-eu.com\/cro\/hr\/shop-2\/\"},{\"@type\":\"ListItem\",\"position\":3,\"name\":\"Modularni vi\u0161eslojni stalak\"}]},{\"@type\":\"WebSite\",\"@id\":\"https:\/\/origon-eu.com\/cro\/#website\",\"url\":\"https:\/\/origon-eu.com\/cro\/\",\"name\":\"Origon EU\",\"description\":\"Online Store\",\"publisher\":{\"@id\":\"https:\/\/origon-eu.com\/cro\/#organization\"},\"potentialAction\":[{\"@type\":\"SearchAction\",\"target\":{\"@type\":\"EntryPoint\",\"urlTemplate\":\"https:\/\/origon-eu.com\/cro\/?s={search_term_string}\"},\"query-input\":{\"@type\":\"PropertyValueSpecification\",\"valueRequired\":true,\"valueName\":\"search_term_string\"}}],\"inLanguage\":\"hr\"},{\"@type\":\"Organization\",\"@id\":\"https:\/\/origon-eu.com\/cro\/#organization\",\"name\":\"Origon EU\",\"url\":\"https:\/\/origon-eu.com\/cro\/\",\"logo\":{\"@type\":\"ImageObject\",\"inLanguage\":\"hr\",\"@id\":\"https:\/\/origon-eu.com\/cro\/#\/schema\/logo\/image\/\",\"url\":\"https:\/\/origon-eu.com\/cro\/wp-content\/uploads\/2024\/04\/Screenshot-2024-04-09-101814.png\",\"contentUrl\":\"https:\/\/origon-eu.com\/cro\/wp-content\/uploads\/2024\/04\/Screenshot-2024-04-09-101814.png\",\"width\":171,\"height\":59,\"caption\":\"Origon EU\"},\"image\":{\"@id\":\"https:\/\/origon-eu.com\/cro\/#\/schema\/logo\/image\/\"}}]}<\/script>\n<!-- \/ Yoast SEO plugin. -->","yoast_head_json":{"title":"Modularni vi\u0161eslojni stalak - Origon EU","robots":{"index":"index","follow":"follow","max-snippet":"max-snippet:-1","max-image-preview":"max-image-preview:large","max-video-preview":"max-video-preview:-1"},"canonical":"https:\/\/origon-eu.com\/cro\/product\/modularni-viseslojni-stalak\/","og_locale":"hr_HR","og_type":"article","og_title":"Modularni vi\u0161eslojni stalak - Origon EU","og_description":"Jednostavan i moderan dizajn s otvorenim policama i klasi\u010dnim nosa\u010dima, idealan za svaki prostor.    3 otvorene razine za organiziranje knjiga, dekoracija, biljaka i svakodnevnih stvari.    \u010cvrsta konstrukcija od kvalitetnog kompozitnog drva, nosivost 6.8 kg po polici (20.4 kg ukupno).","og_url":"https:\/\/origon-eu.com\/cro\/product\/modularni-viseslojni-stalak\/","og_site_name":"Origon EU","article_modified_time":"2025-11-27T16:04:08+00:00","og_image":[{"width":679,"height":679,"url":"https:\/\/origon-eu.com\/cro\/wp-content\/uploads\/2025\/11\/8114w8BwLaL._AC_SX679_.jpg","type":"image\/jpeg"}],"twitter_card":"summary_large_image","schema":{"@context":"https:\/\/schema.org","@graph":[{"@type":"WebPage","@id":"https:\/\/origon-eu.com\/cro\/product\/modularni-viseslojni-stalak\/","url":"https:\/\/origon-eu.com\/cro\/product\/modularni-viseslojni-stalak\/","name":"Modularni vi\u0161eslojni stalak - Origon EU","isPartOf":{"@id":"https:\/\/origon-eu.com\/cro\/#website"},"primaryImageOfPage":{"@id":"https:\/\/origon-eu.com\/cro\/product\/modularni-viseslojni-stalak\/#primaryimage"},"image":{"@id":"https:\/\/origon-eu.com\/cro\/product\/modularni-viseslojni-stalak\/#primaryimage"},"thumbnailUrl":"https:\/\/origon-eu.com\/cro\/wp-content\/uploads\/2025\/11\/8114w8BwLaL._AC_SX679_.jpg","datePublished":"2025-11-21T22:45:17+00:00","dateModified":"2025-11-27T16:04:08+00:00","breadcrumb":{"@id":"https:\/\/origon-eu.com\/cro\/product\/modularni-viseslojni-stalak\/#breadcrumb"},"inLanguage":"hr","potentialAction":[{"@type":"ReadAction","target":["https:\/\/origon-eu.com\/cro\/product\/modularni-viseslojni-stalak\/"]}]},{"@type":"ImageObject","inLanguage":"hr","@id":"https:\/\/origon-eu.com\/cro\/product\/modularni-viseslojni-stalak\/#primaryimage","url":"https:\/\/origon-eu.com\/cro\/wp-content\/uploads\/2025\/11\/8114w8BwLaL._AC_SX679_.jpg","contentUrl":"https:\/\/origon-eu.com\/cro\/wp-content\/uploads\/2025\/11\/8114w8BwLaL._AC_SX679_.jpg","width":679,"height":679},{"@type":"BreadcrumbList","@id":"https:\/\/origon-eu.com\/cro\/product\/modularni-viseslojni-stalak\/#breadcrumb","itemListElement":[{"@type":"ListItem","position":1,"name":"Home","item":"https:\/\/origon-eu.com\/cro\/"},{"@type":"ListItem","position":2,"name":"Katalog","item":"https:\/\/origon-eu.com\/cro\/hr\/shop-2\/"},{"@type":"ListItem","position":3,"name":"Modularni vi\u0161eslojni stalak"}]},{"@type":"WebSite","@id":"https:\/\/origon-eu.com\/cro\/#website","url":"https:\/\/origon-eu.com\/cro\/","name":"Origon EU","description":"Online Store","publisher":{"@id":"https:\/\/origon-eu.com\/cro\/#organization"},"potentialAction":[{"@type":"SearchAction","target":{"@type":"EntryPoint","urlTemplate":"https:\/\/origon-eu.com\/cro\/?s={search_term_string}"},"query-input":{"@type":"PropertyValueSpecification","valueRequired":true,"valueName":"search_term_string"}}],"inLanguage":"hr"},{"@type":"Organization","@id":"https:\/\/origon-eu.com\/cro\/#organization","name":"Origon EU","url":"https:\/\/origon-eu.com\/cro\/","logo":{"@type":"ImageObject","inLanguage":"hr","@id":"https:\/\/origon-eu.com\/cro\/#\/schema\/logo\/image\/","url":"https:\/\/origon-eu.com\/cro\/wp-content\/uploads\/2024\/04\/Screenshot-2024-04-09-101814.png","contentUrl":"https:\/\/origon-eu.com\/cro\/wp-content\/uploads\/2024\/04\/Screenshot-2024-04-09-101814.png","width":171,"height":59,"caption":"Origon EU"},"image":{"@id":"https:\/\/origon-eu.com\/cro\/#\/schema\/logo\/image\/"}}]}},"tiered_pricing_type":"fixed","tiered_pricing_fixed_rules":[],"tiered_pricing_percentage_rules":[],"tiered_pricing_minimum":1,"tiered_pricing_roles_data":[],"_links":{"self":[{"href":"https:\/\/origon-eu.com\/cro\/wp-json\/wp\/v2\/product\/68563","targetHints":{"allow":["GET"]}}],"collection":[{"href":"https:\/\/origon-eu.com\/cro\/wp-json\/wp\/v2\/product"}],"about":[{"href":"https:\/\/origon-eu.com\/cro\/wp-json\/wp\/v2\/types\/product"}],"version-history":[{"count":8,"href":"https:\/\/origon-eu.com\/cro\/wp-json\/wp\/v2\/product\/68563\/revisions"}],"predecessor-version":[{"id":68775,"href":"https:\/\/origon-eu.com\/cro\/wp-json\/wp\/v2\/product\/68563\/revisions\/68775"}],"wp:featuredmedia":[{"embeddable":true,"href":"https:\/\/origon-eu.com\/cro\/wp-json\/wp\/v2\/media\/68564"}],"wp:attachment":[{"href":"https:\/\/origon-eu.com\/cro\/wp-json\/wp\/v2\/media?parent=68563"}],"wp:term":[{"taxonomy":"product_brand","embeddable":true,"href":"https:\/\/origon-eu.com\/cro\/wp-json\/wp\/v2\/product_brand?post=68563"},{"taxonomy":"product_cat","embeddable":true,"href":"https:\/\/origon-eu.com\/cro\/wp-json\/wp\/v2\/product_cat?post=68563"},{"taxonomy":"product_tag","embeddable":true,"href":"https:\/\/origon-eu.com\/cro\/wp-json\/wp\/v2\/product_tag?post=68563"}],"curies":[{"name":"wp","href":"https:\/\/api.w.org\/{rel}","templated":true}]}}