{"id":67053,"date":"2025-10-09T11:12:30","date_gmt":"2025-10-09T09:12:30","guid":{"rendered":"https:\/\/origon-eu.com\/cro\/?post_type=product&#038;p=67053"},"modified":"2025-10-09T12:11:03","modified_gmt":"2025-10-09T10:11:03","slug":"metalni-stalak-za-solarnu-ulicnu-rasvjetu","status":"publish","type":"product","link":"https:\/\/origon-eu.com\/cro\/product\/metalni-stalak-za-solarnu-ulicnu-rasvjetu\/","title":{"rendered":"Metalni stalak za solarnu uli\u010dnu rasvjetu"},"content":{"rendered":"<p data-start=\"198\" data-end=\"262\">Set uklju\u010duje:<\/p>\n<ul data-start=\"263\" data-end=\"304\">\n<li data-start=\"263\" data-end=\"304\">\n<p data-start=\"265\" data-end=\"304\">1 kom. metalni stalak za uli\u010dnu lampu<\/p>\n<\/li>\n<\/ul>\n<p data-start=\"306\" data-end=\"318\">Dimenzije:<\/p>\n<ul data-start=\"319\" data-end=\"355\">\n<li data-start=\"319\" data-end=\"337\">\n<p data-start=\"321\" data-end=\"337\">Duljina: 47 cm<\/p>\n<\/li>\n<li data-start=\"338\" data-end=\"355\">\n<p data-start=\"340\" data-end=\"355\">Promjer: \u03c6 44<\/p>\n<\/li>\n<\/ul>\n","protected":false},"excerpt":{"rendered":"<p data-start=\"198\" data-end=\"262\">Set uklju\u010duje:<\/p>\n<ul data-start=\"263\" data-end=\"304\">\n<li data-start=\"263\" data-end=\"304\">\n<p data-start=\"265\" data-end=\"304\">1 kom. metalni stalak za uli\u010dnu lampu<\/p>\n<\/li>\n<\/ul>\n<p data-start=\"306\" data-end=\"318\">Dimenzije:<\/p>\n<ul data-start=\"319\" data-end=\"355\">\n<li data-start=\"319\" data-end=\"337\">\n<p data-start=\"321\" data-end=\"337\">Duljina: 47 cm<\/p>\n<\/li>\n<li data-start=\"338\" data-end=\"355\">\n<p data-start=\"340\" data-end=\"355\">Promjer: \u03c6 44<\/p>\n<\/li>\n<\/ul>\n","protected":false},"featured_media":67054,"template":"","meta":{"_acf_changed":false},"product_brand":[],"product_cat":[165],"product_tag":[],"class_list":{"0":"post-67053","1":"product","2":"type-product","3":"status-publish","4":"has-post-thumbnail","6":"product_cat-uncategorized","8":"first","9":"instock","10":"shipping-taxable","11":"purchasable","12":"product-type-simple"},"acf":[],"yoast_head":"<!-- This site is optimized with the Yoast SEO plugin v24.2 - https:\/\/yoast.com\/wordpress\/plugins\/seo\/ -->\n<title>Metalni stalak za solarnu uli\u010dnu rasvjetu - Origon EU<\/title>\n<meta name=\"robots\" content=\"index, follow, max-snippet:-1, max-image-preview:large, max-video-preview:-1\" \/>\n<link rel=\"canonical\" href=\"https:\/\/origon-eu.com\/cro\/product\/metalni-stalak-za-solarnu-ulicnu-rasvjetu\/\" \/>\n<meta property=\"og:locale\" content=\"hr_HR\" \/>\n<meta property=\"og:type\" content=\"article\" \/>\n<meta property=\"og:title\" content=\"Metalni stalak za solarnu uli\u010dnu rasvjetu - Origon EU\" \/>\n<meta property=\"og:description\" content=\"Set uklju\u010duje:     1 kom. metalni stalak za uli\u010dnu lampu   Dimenzije:     Duljina: 47 cm    Promjer: \u03c6 44\" \/>\n<meta property=\"og:url\" content=\"https:\/\/origon-eu.com\/cro\/product\/metalni-stalak-za-solarnu-ulicnu-rasvjetu\/\" \/>\n<meta property=\"og:site_name\" content=\"Origon EU\" \/>\n<meta property=\"article:modified_time\" content=\"2025-10-09T10:11:03+00:00\" \/>\n<meta property=\"og:image\" content=\"https:\/\/origon-eu.com\/cro\/wp-content\/uploads\/2025\/10\/516JndpLoFL.jpg\" \/>\n\t<meta property=\"og:image:width\" content=\"1600\" \/>\n\t<meta property=\"og:image:height\" content=\"1600\" \/>\n\t<meta property=\"og:image:type\" content=\"image\/jpeg\" \/>\n<meta name=\"twitter:card\" content=\"summary_large_image\" \/>\n<meta name=\"twitter:label1\" content=\"Procijenjeno vrijeme \u010ditanja\" \/>\n\t<meta name=\"twitter:data1\" content=\"1 minuta\" \/>\n<script type=\"application\/ld+json\" class=\"yoast-schema-graph\">{\"@context\":\"https:\/\/schema.org\",\"@graph\":[{\"@type\":\"WebPage\",\"@id\":\"https:\/\/origon-eu.com\/cro\/product\/metalni-stalak-za-solarnu-ulicnu-rasvjetu\/\",\"url\":\"https:\/\/origon-eu.com\/cro\/product\/metalni-stalak-za-solarnu-ulicnu-rasvjetu\/\",\"name\":\"Metalni stalak za solarnu uli\u010dnu rasvjetu - Origon EU\",\"isPartOf\":{\"@id\":\"https:\/\/origon-eu.com\/cro\/#website\"},\"primaryImageOfPage\":{\"@id\":\"https:\/\/origon-eu.com\/cro\/product\/metalni-stalak-za-solarnu-ulicnu-rasvjetu\/#primaryimage\"},\"image\":{\"@id\":\"https:\/\/origon-eu.com\/cro\/product\/metalni-stalak-za-solarnu-ulicnu-rasvjetu\/#primaryimage\"},\"thumbnailUrl\":\"https:\/\/origon-eu.com\/cro\/wp-content\/uploads\/2025\/10\/516JndpLoFL.jpg\",\"datePublished\":\"2025-10-09T09:12:30+00:00\",\"dateModified\":\"2025-10-09T10:11:03+00:00\",\"breadcrumb\":{\"@id\":\"https:\/\/origon-eu.com\/cro\/product\/metalni-stalak-za-solarnu-ulicnu-rasvjetu\/#breadcrumb\"},\"inLanguage\":\"hr\",\"potentialAction\":[{\"@type\":\"ReadAction\",\"target\":[\"https:\/\/origon-eu.com\/cro\/product\/metalni-stalak-za-solarnu-ulicnu-rasvjetu\/\"]}]},{\"@type\":\"ImageObject\",\"inLanguage\":\"hr\",\"@id\":\"https:\/\/origon-eu.com\/cro\/product\/metalni-stalak-za-solarnu-ulicnu-rasvjetu\/#primaryimage\",\"url\":\"https:\/\/origon-eu.com\/cro\/wp-content\/uploads\/2025\/10\/516JndpLoFL.jpg\",\"contentUrl\":\"https:\/\/origon-eu.com\/cro\/wp-content\/uploads\/2025\/10\/516JndpLoFL.jpg\",\"width\":1600,\"height\":1600},{\"@type\":\"BreadcrumbList\",\"@id\":\"https:\/\/origon-eu.com\/cro\/product\/metalni-stalak-za-solarnu-ulicnu-rasvjetu\/#breadcrumb\",\"itemListElement\":[{\"@type\":\"ListItem\",\"position\":1,\"name\":\"Home\",\"item\":\"https:\/\/origon-eu.com\/cro\/\"},{\"@type\":\"ListItem\",\"position\":2,\"name\":\"Katalog\",\"item\":\"https:\/\/origon-eu.com\/cro\/hr\/shop-2\/\"},{\"@type\":\"ListItem\",\"position\":3,\"name\":\"Metalni stalak za solarnu uli\u010dnu rasvjetu\"}]},{\"@type\":\"WebSite\",\"@id\":\"https:\/\/origon-eu.com\/cro\/#website\",\"url\":\"https:\/\/origon-eu.com\/cro\/\",\"name\":\"Origon EU\",\"description\":\"Online Store\",\"publisher\":{\"@id\":\"https:\/\/origon-eu.com\/cro\/#organization\"},\"potentialAction\":[{\"@type\":\"SearchAction\",\"target\":{\"@type\":\"EntryPoint\",\"urlTemplate\":\"https:\/\/origon-eu.com\/cro\/?s={search_term_string}\"},\"query-input\":{\"@type\":\"PropertyValueSpecification\",\"valueRequired\":true,\"valueName\":\"search_term_string\"}}],\"inLanguage\":\"hr\"},{\"@type\":\"Organization\",\"@id\":\"https:\/\/origon-eu.com\/cro\/#organization\",\"name\":\"Origon EU\",\"url\":\"https:\/\/origon-eu.com\/cro\/\",\"logo\":{\"@type\":\"ImageObject\",\"inLanguage\":\"hr\",\"@id\":\"https:\/\/origon-eu.com\/cro\/#\/schema\/logo\/image\/\",\"url\":\"https:\/\/origon-eu.com\/cro\/wp-content\/uploads\/2024\/04\/Screenshot-2024-04-09-101814.png\",\"contentUrl\":\"https:\/\/origon-eu.com\/cro\/wp-content\/uploads\/2024\/04\/Screenshot-2024-04-09-101814.png\",\"width\":171,\"height\":59,\"caption\":\"Origon EU\"},\"image\":{\"@id\":\"https:\/\/origon-eu.com\/cro\/#\/schema\/logo\/image\/\"}}]}<\/script>\n<!-- \/ Yoast SEO plugin. -->","yoast_head_json":{"title":"Metalni stalak za solarnu uli\u010dnu rasvjetu - Origon EU","robots":{"index":"index","follow":"follow","max-snippet":"max-snippet:-1","max-image-preview":"max-image-preview:large","max-video-preview":"max-video-preview:-1"},"canonical":"https:\/\/origon-eu.com\/cro\/product\/metalni-stalak-za-solarnu-ulicnu-rasvjetu\/","og_locale":"hr_HR","og_type":"article","og_title":"Metalni stalak za solarnu uli\u010dnu rasvjetu - Origon EU","og_description":"Set uklju\u010duje:     1 kom. metalni stalak za uli\u010dnu lampu   Dimenzije:     Duljina: 47 cm    Promjer: \u03c6 44","og_url":"https:\/\/origon-eu.com\/cro\/product\/metalni-stalak-za-solarnu-ulicnu-rasvjetu\/","og_site_name":"Origon EU","article_modified_time":"2025-10-09T10:11:03+00:00","og_image":[{"width":1600,"height":1600,"url":"https:\/\/origon-eu.com\/cro\/wp-content\/uploads\/2025\/10\/516JndpLoFL.jpg","type":"image\/jpeg"}],"twitter_card":"summary_large_image","twitter_misc":{"Procijenjeno vrijeme \u010ditanja":"1 minuta"},"schema":{"@context":"https:\/\/schema.org","@graph":[{"@type":"WebPage","@id":"https:\/\/origon-eu.com\/cro\/product\/metalni-stalak-za-solarnu-ulicnu-rasvjetu\/","url":"https:\/\/origon-eu.com\/cro\/product\/metalni-stalak-za-solarnu-ulicnu-rasvjetu\/","name":"Metalni stalak za solarnu uli\u010dnu rasvjetu - Origon EU","isPartOf":{"@id":"https:\/\/origon-eu.com\/cro\/#website"},"primaryImageOfPage":{"@id":"https:\/\/origon-eu.com\/cro\/product\/metalni-stalak-za-solarnu-ulicnu-rasvjetu\/#primaryimage"},"image":{"@id":"https:\/\/origon-eu.com\/cro\/product\/metalni-stalak-za-solarnu-ulicnu-rasvjetu\/#primaryimage"},"thumbnailUrl":"https:\/\/origon-eu.com\/cro\/wp-content\/uploads\/2025\/10\/516JndpLoFL.jpg","datePublished":"2025-10-09T09:12:30+00:00","dateModified":"2025-10-09T10:11:03+00:00","breadcrumb":{"@id":"https:\/\/origon-eu.com\/cro\/product\/metalni-stalak-za-solarnu-ulicnu-rasvjetu\/#breadcrumb"},"inLanguage":"hr","potentialAction":[{"@type":"ReadAction","target":["https:\/\/origon-eu.com\/cro\/product\/metalni-stalak-za-solarnu-ulicnu-rasvjetu\/"]}]},{"@type":"ImageObject","inLanguage":"hr","@id":"https:\/\/origon-eu.com\/cro\/product\/metalni-stalak-za-solarnu-ulicnu-rasvjetu\/#primaryimage","url":"https:\/\/origon-eu.com\/cro\/wp-content\/uploads\/2025\/10\/516JndpLoFL.jpg","contentUrl":"https:\/\/origon-eu.com\/cro\/wp-content\/uploads\/2025\/10\/516JndpLoFL.jpg","width":1600,"height":1600},{"@type":"BreadcrumbList","@id":"https:\/\/origon-eu.com\/cro\/product\/metalni-stalak-za-solarnu-ulicnu-rasvjetu\/#breadcrumb","itemListElement":[{"@type":"ListItem","position":1,"name":"Home","item":"https:\/\/origon-eu.com\/cro\/"},{"@type":"ListItem","position":2,"name":"Katalog","item":"https:\/\/origon-eu.com\/cro\/hr\/shop-2\/"},{"@type":"ListItem","position":3,"name":"Metalni stalak za solarnu uli\u010dnu rasvjetu"}]},{"@type":"WebSite","@id":"https:\/\/origon-eu.com\/cro\/#website","url":"https:\/\/origon-eu.com\/cro\/","name":"Origon EU","description":"Online Store","publisher":{"@id":"https:\/\/origon-eu.com\/cro\/#organization"},"potentialAction":[{"@type":"SearchAction","target":{"@type":"EntryPoint","urlTemplate":"https:\/\/origon-eu.com\/cro\/?s={search_term_string}"},"query-input":{"@type":"PropertyValueSpecification","valueRequired":true,"valueName":"search_term_string"}}],"inLanguage":"hr"},{"@type":"Organization","@id":"https:\/\/origon-eu.com\/cro\/#organization","name":"Origon EU","url":"https:\/\/origon-eu.com\/cro\/","logo":{"@type":"ImageObject","inLanguage":"hr","@id":"https:\/\/origon-eu.com\/cro\/#\/schema\/logo\/image\/","url":"https:\/\/origon-eu.com\/cro\/wp-content\/uploads\/2024\/04\/Screenshot-2024-04-09-101814.png","contentUrl":"https:\/\/origon-eu.com\/cro\/wp-content\/uploads\/2024\/04\/Screenshot-2024-04-09-101814.png","width":171,"height":59,"caption":"Origon EU"},"image":{"@id":"https:\/\/origon-eu.com\/cro\/#\/schema\/logo\/image\/"}}]}},"tiered_pricing_type":"fixed","tiered_pricing_fixed_rules":[],"tiered_pricing_percentage_rules":[],"tiered_pricing_minimum":1,"tiered_pricing_roles_data":[],"_links":{"self":[{"href":"https:\/\/origon-eu.com\/cro\/wp-json\/wp\/v2\/product\/67053","targetHints":{"allow":["GET"]}}],"collection":[{"href":"https:\/\/origon-eu.com\/cro\/wp-json\/wp\/v2\/product"}],"about":[{"href":"https:\/\/origon-eu.com\/cro\/wp-json\/wp\/v2\/types\/product"}],"version-history":[{"count":3,"href":"https:\/\/origon-eu.com\/cro\/wp-json\/wp\/v2\/product\/67053\/revisions"}],"predecessor-version":[{"id":67058,"href":"https:\/\/origon-eu.com\/cro\/wp-json\/wp\/v2\/product\/67053\/revisions\/67058"}],"wp:featuredmedia":[{"embeddable":true,"href":"https:\/\/origon-eu.com\/cro\/wp-json\/wp\/v2\/media\/67054"}],"wp:attachment":[{"href":"https:\/\/origon-eu.com\/cro\/wp-json\/wp\/v2\/media?parent=67053"}],"wp:term":[{"taxonomy":"product_brand","embeddable":true,"href":"https:\/\/origon-eu.com\/cro\/wp-json\/wp\/v2\/product_brand?post=67053"},{"taxonomy":"product_cat","embeddable":true,"href":"https:\/\/origon-eu.com\/cro\/wp-json\/wp\/v2\/product_cat?post=67053"},{"taxonomy":"product_tag","embeddable":true,"href":"https:\/\/origon-eu.com\/cro\/wp-json\/wp\/v2\/product_tag?post=67053"}],"curies":[{"name":"wp","href":"https:\/\/api.w.org\/{rel}","templated":true}]}}