{"id":65891,"date":"2025-06-11T22:51:20","date_gmt":"2025-06-11T20:51:20","guid":{"rendered":"https:\/\/origon-eu.com\/cro\/?post_type=product&#038;p=65891"},"modified":"2025-06-11T23:09:56","modified_gmt":"2025-06-11T21:09:56","slug":"solid-ground-ljepilo-za-kamencice-za-uredenje-dvorista","status":"publish","type":"product","link":"https:\/\/origon-eu.com\/cro\/product\/solid-ground-ljepilo-za-kamencice-za-uredenje-dvorista\/","title":{"rendered":"SOLID GROUND \u2013 Ljepilo za kamen\u010di\u0107e za ure\u0111enje dvori\u0161ta"},"content":{"rendered":"<div class=\"product__description rte quick-add-hidden\" style=\"--margin-top: 1.8rem; --margin-bottom: 1.8rem;\">\n<p class=\"\" style=\"text-align: center;\" data-start=\"0\" data-end=\"247\"><strong data-start=\"0\" data-end=\"17\">DETALJAN OPIS<\/strong><br data-start=\"17\" data-end=\"20\" \/><strong data-start=\"20\" data-end=\"86\">SOLID GROUND \u2013 Sna\u017eno rje\u0161enje za stabilnost mal\u010da i kamen\u010di\u0107a<\/strong><br data-start=\"86\" data-end=\"89\" \/><strong data-start=\"89\" data-end=\"105\">SOLID GROUND<\/strong> je koncentrirani agens koji osigurava sna\u017eno prianjanje i dugotrajnu stabilnost mal\u010da i kamen\u010di\u0107a, sprje\u010davaju\u0107i njihovo rasipanje i eroziju.<\/p>\n<p class=\"\" style=\"text-align: center;\" data-start=\"249\" data-end=\"415\">Zahvaljuju\u0107i svojoj ekolo\u0161koj formuli i potpunoj sigurnosti pri izravnom kontaktu, proizvod je idealan za obiteljske vrtove, pru\u017eaju\u0107i funkcionalnost i uredan izgled.<\/p>\n<hr class=\"\" data-start=\"417\" data-end=\"420\" \/>\n<h3 class=\"\" style=\"text-align: center;\" data-start=\"422\" data-end=\"458\"><a href=\"https:\/\/origon-eu.com\/cro\/wp-content\/uploads\/2025\/06\/mulch_3-1.webp\"><img fetchpriority=\"high\" decoding=\"async\" class=\"alignnone size-full wp-image-65903\" src=\"https:\/\/origon-eu.com\/cro\/wp-content\/uploads\/2025\/06\/mulch_3-1.webp\" alt=\"\" width=\"800\" height=\"800\" \/><\/a><\/h3>\n<h3 class=\"\" style=\"text-align: center;\" data-start=\"422\" data-end=\"458\">Glavne prednosti SOLID GROUND-a:<\/h3>\n<p class=\"\" style=\"text-align: center;\" data-start=\"460\" data-end=\"666\">\u2705 <strong data-start=\"462\" data-end=\"483\">Stabilnost i red:<\/strong><br data-start=\"483\" data-end=\"486\" \/>SOLID GROUND je napravljen za trajno povezivanje kamenja, kore i \u0161ljunka. Nema vi\u0161e razbacanog vrtnog materijala! Savr\u0161en je za terase, vrtne staze, oko stabala i cvjetnih gredica.<\/p>\n<p class=\"\" style=\"text-align: center;\" data-start=\"668\" data-end=\"845\">\u2705 <strong data-start=\"670\" data-end=\"691\">Ekolo\u0161ka formula:<\/strong><br data-start=\"691\" data-end=\"694\" \/>Netoksi\u010dan i na bazi vode, SOLID GROUND je siguran za okoli\u0161, djecu i ku\u0107ne ljubimce. Nema brige oko \u0161tetnih kemikalija \u2013 proizvod je potpuno ekolo\u0161ki.<\/p>\n<p class=\"\" style=\"text-align: center;\" data-start=\"847\" data-end=\"1070\">\u2705 <strong data-start=\"849\" data-end=\"874\">Jednostavna primjena:<\/strong><br data-start=\"874\" data-end=\"877\" \/>Posebna formula brzo se su\u0161i, \u0161to proizvod \u010dini vrlo prakti\u010dnim za upotrebu. Mo\u017ee se nanositi ru\u010dno ili prskanjem. Pru\u017ea dugotrajnu za\u0161titu izme\u0111u 12 i 36 mjeseci, ovisno o vremenskim uvjetima.<\/p>\n<p class=\"\" style=\"text-align: center;\" data-start=\"1072\" data-end=\"1258\">\u2705 <strong data-start=\"1074\" data-end=\"1109\">Za\u0161tita protiv zelenih naslaga:<\/strong><br data-start=\"1109\" data-end=\"1112\" \/>Uz SOLID GROUND zaboravit \u0107ete na neugodne plijesni i alge. Proizvod sprje\u010dava njihov razvoj, osiguravaju\u0107i dugotrajan estetski izgled va\u0161eg vrta.<\/p>\n<p class=\"\" style=\"text-align: center;\" data-start=\"1260\" data-end=\"1530\">\u2705 <strong data-start=\"1262\" data-end=\"1293\">U\u010dinkovitost i svestranost:<\/strong><br data-start=\"1293\" data-end=\"1296\" \/>Jedan spremnik od 5L pokriva povr\u0161inu ovisno o koli\u010dini kamenja i mo\u017ee se koristiti za 30\u201350 kg kamen\u010di\u0107a. Mo\u017eete ga pomije\u0161ati s kamenjem, a jednostavno nano\u0161enje \u010dini ga prikladnim za svakoga \u2013 bez potrebe za profesionalnim alatima.<\/p>\n<hr class=\"\" data-start=\"1532\" data-end=\"1535\" \/>\n<h3 class=\"\" style=\"text-align: center;\" data-start=\"1537\" data-end=\"1569\"><a href=\"https:\/\/origon-eu.com\/cro\/wp-content\/uploads\/2025\/06\/solid5.webp\"><img decoding=\"async\" class=\"alignnone size-full wp-image-65913\" src=\"https:\/\/origon-eu.com\/cro\/wp-content\/uploads\/2025\/06\/solid5.webp\" alt=\"\" width=\"2250\" height=\"2250\" srcset=\"https:\/\/origon-eu.com\/cro\/wp-content\/uploads\/2025\/06\/solid5.webp 2250w, https:\/\/origon-eu.com\/cro\/wp-content\/uploads\/2025\/06\/solid5-300x300.webp 300w, https:\/\/origon-eu.com\/cro\/wp-content\/uploads\/2025\/06\/solid5-1024x1024.webp 1024w, https:\/\/origon-eu.com\/cro\/wp-content\/uploads\/2025\/06\/solid5-150x150.webp 150w, https:\/\/origon-eu.com\/cro\/wp-content\/uploads\/2025\/06\/solid5-768x768.webp 768w, https:\/\/origon-eu.com\/cro\/wp-content\/uploads\/2025\/06\/solid5-1536x1536.webp 1536w, https:\/\/origon-eu.com\/cro\/wp-content\/uploads\/2025\/06\/solid5-2048x2048.webp 2048w, https:\/\/origon-eu.com\/cro\/wp-content\/uploads\/2025\/06\/solid5-600x600.webp 600w\" sizes=\"(max-width: 2250px) 100vw, 2250px\" \/><\/a><\/h3>\n<h3 class=\"\" style=\"text-align: center;\" data-start=\"1537\" data-end=\"1569\">Kako koristiti SOLID GROUND:<\/h3>\n<p class=\"\" style=\"text-align: center;\" data-start=\"1571\" data-end=\"1745\">Za najbolje rezultate nanosite proizvod po suhom vremenu i temperaturama iznad nule. Provjerite da su kamen\u010di\u0107i ravnomjerno prekriveni ljepilom, ali ne pretjerano natopljeni.<\/p>\n<p class=\"\" style=\"text-align: center;\" data-start=\"1747\" data-end=\"1882\">\u2705 <strong data-start=\"1749\" data-end=\"1762\">Priprema:<\/strong><br data-start=\"1762\" data-end=\"1765\" \/>Pomije\u0161ajte 5L SOLID GROUND-a s 30\u201350 kg kamenja u velikoj posudi. Tako \u0107e svi kamen\u010di\u0107i biti ravnomjerno prekriveni.<\/p>\n<p class=\"\" style=\"text-align: center;\" data-start=\"1884\" data-end=\"2024\">\u2705 <strong data-start=\"1886\" data-end=\"1900\">Nano\u0161enje:<\/strong><br data-start=\"1900\" data-end=\"1903\" \/>Izlijte dobivenu smjesu na propusnu podlogu koja omogu\u0107uje otjecanje ki\u0161nice. Debljina sloja kamenja treba biti 20\u201325 mm.<\/p>\n<p class=\"\" style=\"text-align: center;\" data-start=\"2026\" data-end=\"2135\">\u2705 <strong data-start=\"2028\" data-end=\"2041\">Zbijanje:<\/strong><br data-start=\"2041\" data-end=\"2044\" \/>Zbijte kamenje gladilicom ili drvenom daskom kako biste postigli ravnu i stabilnu povr\u0161inu.<\/p>\n<p class=\"\" style=\"text-align: center;\" data-start=\"2137\" data-end=\"2280\">\u2705 <strong data-start=\"2139\" data-end=\"2159\">Vrijeme su\u0161enja:<\/strong><br data-start=\"2159\" data-end=\"2162\" \/>Ostavite proizvod da se su\u0161i najmanje 72 sata u toplim i suhim uvjetima. Tijekom tog vremena izbjegavajte ki\u0161u i rosu.<\/p>\n<hr class=\"\" data-start=\"2282\" data-end=\"2285\" \/>\n<h3 class=\"\" style=\"text-align: center;\" data-start=\"2287\" data-end=\"2338\"><img decoding=\"async\" src=\"https:\/\/cdn.shopify.com\/s\/files\/1\/0916\/3253\/3875\/files\/mulchglue_1_1.webp?v=1747475753\" alt=\"\" \/><\/h3>\n<h3 class=\"\" style=\"text-align: center;\" data-start=\"2287\" data-end=\"2338\">Za savr\u0161eno dvori\u0161te koristite\u00a0<strong data-start=\"2322\" data-end=\"2338\">SOLID GROUND<\/strong><\/h3>\n<p class=\"\" style=\"text-align: center;\" data-start=\"2340\" data-end=\"2647\"><strong data-start=\"2340\" data-end=\"2356\">SOLID GROUND<\/strong> je sna\u017eno, sigurno i dugotrajno rje\u0161enje za stabilizaciju mal\u010da i \u0161ljunka u va\u0161em vrtu ili na terasi. Zahvaljuju\u0107i svojoj ekolo\u0161koj formuli i jednostavnoj primjeni, sprije\u010dit \u0107ete rasipanje i eroziju materijala, osiguravaju\u0107i si mir i zadovoljstvo u u\u017eivanju u njegovanom vanjskom prostoru.<\/p>\n<p class=\"\" style=\"text-align: center;\" data-start=\"2649\" data-end=\"2773\"><strong data-start=\"2649\" data-end=\"2665\">Solid Ground<\/strong> je savr\u0161en izbor za ure\u0111enje va\u0161eg vrta ili dvori\u0161ta, nude\u0107i stabilnost, u\u010dinkovitost i dugotrajnu za\u0161titu.<\/p>\n<\/div>\n","protected":false},"excerpt":{"rendered":"<p data-start=\"33\" data-end=\"191\"><strong data-start=\"33\" data-end=\"49\">SOLID GROUND<\/strong> je koncentrirani agens koji osigurava sna\u017eno prianjanje i dugotrajnu stabilnost mal\u010da i kamen\u010di\u0107a, sprje\u010davaju\u0107i njihovo rasipanje i eroziju.<\/p>\n<ul>\n<li>\n<h5><strong>5L = Pokrivanje 15~18 m2<\/strong><\/h5>\n<\/li>\n<li>\n<h5><strong>10L = Pokrivanje 30~36 m2<\/strong><\/h5>\n<\/li>\n<li>\n<h5><strong>20L = Pokrivanje 60~66 m2<\/strong><\/h5>\n<\/li>\n<\/ul>\n","protected":false},"featured_media":65892,"template":"","meta":{"_acf_changed":false},"product_brand":[],"product_cat":[204],"product_tag":[],"class_list":{"0":"post-65891","1":"product","2":"type-product","3":"status-publish","4":"has-post-thumbnail","6":"product_cat-vrt-i-dvoriste-hr","8":"first","9":"instock","10":"sale","11":"shipping-taxable","12":"purchasable","13":"product-type-variable"},"acf":[],"yoast_head":"<!-- This site is optimized with the Yoast SEO plugin v24.2 - https:\/\/yoast.com\/wordpress\/plugins\/seo\/ -->\n<title>SOLID GROUND \u2013 Ljepilo za kamen\u010di\u0107e za ure\u0111enje dvori\u0161ta - Origon EU<\/title>\n<meta name=\"robots\" content=\"index, follow, max-snippet:-1, max-image-preview:large, max-video-preview:-1\" \/>\n<link rel=\"canonical\" href=\"https:\/\/origon-eu.com\/cro\/product\/solid-ground-ljepilo-za-kamencice-za-uredenje-dvorista\/\" \/>\n<meta property=\"og:locale\" content=\"hr_HR\" \/>\n<meta property=\"og:type\" content=\"article\" \/>\n<meta property=\"og:title\" content=\"SOLID GROUND \u2013 Ljepilo za kamen\u010di\u0107e za ure\u0111enje dvori\u0161ta - Origon EU\" \/>\n<meta property=\"og:description\" content=\"SOLID GROUND je koncentrirani agens koji osigurava sna\u017eno prianjanje i dugotrajnu stabilnost mal\u010da i kamen\u010di\u0107a, sprje\u010davaju\u0107i njihovo rasipanje i eroziju.     5L = Pokrivanje 15~18 m2    10L = Pokrivanje 30~36 m2    20L = Pokrivanje 60~66 m2\" \/>\n<meta property=\"og:url\" content=\"https:\/\/origon-eu.com\/cro\/product\/solid-ground-ljepilo-za-kamencice-za-uredenje-dvorista\/\" \/>\n<meta property=\"og:site_name\" content=\"Origon EU\" \/>\n<meta property=\"article:modified_time\" content=\"2025-06-11T21:09:56+00:00\" \/>\n<meta property=\"og:image\" content=\"https:\/\/origon-eu.com\/cro\/wp-content\/uploads\/2025\/06\/sol2.webp\" \/>\n\t<meta property=\"og:image:width\" content=\"990\" \/>\n\t<meta property=\"og:image:height\" content=\"990\" \/>\n\t<meta property=\"og:image:type\" content=\"image\/webp\" \/>\n<meta name=\"twitter:card\" content=\"summary_large_image\" \/>\n<meta name=\"twitter:label1\" content=\"Procijenjeno vrijeme \u010ditanja\" \/>\n\t<meta name=\"twitter:data1\" content=\"3 minute\" \/>\n<script type=\"application\/ld+json\" class=\"yoast-schema-graph\">{\"@context\":\"https:\/\/schema.org\",\"@graph\":[{\"@type\":\"WebPage\",\"@id\":\"https:\/\/origon-eu.com\/cro\/product\/solid-ground-ljepilo-za-kamencice-za-uredenje-dvorista\/\",\"url\":\"https:\/\/origon-eu.com\/cro\/product\/solid-ground-ljepilo-za-kamencice-za-uredenje-dvorista\/\",\"name\":\"SOLID GROUND \u2013 Ljepilo za kamen\u010di\u0107e za ure\u0111enje dvori\u0161ta - Origon EU\",\"isPartOf\":{\"@id\":\"https:\/\/origon-eu.com\/cro\/#website\"},\"primaryImageOfPage\":{\"@id\":\"https:\/\/origon-eu.com\/cro\/product\/solid-ground-ljepilo-za-kamencice-za-uredenje-dvorista\/#primaryimage\"},\"image\":{\"@id\":\"https:\/\/origon-eu.com\/cro\/product\/solid-ground-ljepilo-za-kamencice-za-uredenje-dvorista\/#primaryimage\"},\"thumbnailUrl\":\"https:\/\/origon-eu.com\/cro\/wp-content\/uploads\/2025\/06\/sol2.webp\",\"datePublished\":\"2025-06-11T20:51:20+00:00\",\"dateModified\":\"2025-06-11T21:09:56+00:00\",\"breadcrumb\":{\"@id\":\"https:\/\/origon-eu.com\/cro\/product\/solid-ground-ljepilo-za-kamencice-za-uredenje-dvorista\/#breadcrumb\"},\"inLanguage\":\"hr\",\"potentialAction\":[{\"@type\":\"ReadAction\",\"target\":[\"https:\/\/origon-eu.com\/cro\/product\/solid-ground-ljepilo-za-kamencice-za-uredenje-dvorista\/\"]}]},{\"@type\":\"ImageObject\",\"inLanguage\":\"hr\",\"@id\":\"https:\/\/origon-eu.com\/cro\/product\/solid-ground-ljepilo-za-kamencice-za-uredenje-dvorista\/#primaryimage\",\"url\":\"https:\/\/origon-eu.com\/cro\/wp-content\/uploads\/2025\/06\/sol2.webp\",\"contentUrl\":\"https:\/\/origon-eu.com\/cro\/wp-content\/uploads\/2025\/06\/sol2.webp\",\"width\":990,\"height\":990},{\"@type\":\"BreadcrumbList\",\"@id\":\"https:\/\/origon-eu.com\/cro\/product\/solid-ground-ljepilo-za-kamencice-za-uredenje-dvorista\/#breadcrumb\",\"itemListElement\":[{\"@type\":\"ListItem\",\"position\":1,\"name\":\"Home\",\"item\":\"https:\/\/origon-eu.com\/cro\/\"},{\"@type\":\"ListItem\",\"position\":2,\"name\":\"Katalog\",\"item\":\"https:\/\/origon-eu.com\/cro\/hr\/shop-2\/\"},{\"@type\":\"ListItem\",\"position\":3,\"name\":\"SOLID GROUND \u2013 Ljepilo za kamen\u010di\u0107e za ure\u0111enje dvori\u0161ta\"}]},{\"@type\":\"WebSite\",\"@id\":\"https:\/\/origon-eu.com\/cro\/#website\",\"url\":\"https:\/\/origon-eu.com\/cro\/\",\"name\":\"Origon EU\",\"description\":\"Online Store\",\"publisher\":{\"@id\":\"https:\/\/origon-eu.com\/cro\/#organization\"},\"potentialAction\":[{\"@type\":\"SearchAction\",\"target\":{\"@type\":\"EntryPoint\",\"urlTemplate\":\"https:\/\/origon-eu.com\/cro\/?s={search_term_string}\"},\"query-input\":{\"@type\":\"PropertyValueSpecification\",\"valueRequired\":true,\"valueName\":\"search_term_string\"}}],\"inLanguage\":\"hr\"},{\"@type\":\"Organization\",\"@id\":\"https:\/\/origon-eu.com\/cro\/#organization\",\"name\":\"Origon EU\",\"url\":\"https:\/\/origon-eu.com\/cro\/\",\"logo\":{\"@type\":\"ImageObject\",\"inLanguage\":\"hr\",\"@id\":\"https:\/\/origon-eu.com\/cro\/#\/schema\/logo\/image\/\",\"url\":\"https:\/\/origon-eu.com\/cro\/wp-content\/uploads\/2024\/04\/Screenshot-2024-04-09-101814.png\",\"contentUrl\":\"https:\/\/origon-eu.com\/cro\/wp-content\/uploads\/2024\/04\/Screenshot-2024-04-09-101814.png\",\"width\":171,\"height\":59,\"caption\":\"Origon EU\"},\"image\":{\"@id\":\"https:\/\/origon-eu.com\/cro\/#\/schema\/logo\/image\/\"}}]}<\/script>\n<!-- \/ Yoast SEO plugin. -->","yoast_head_json":{"title":"SOLID GROUND \u2013 Ljepilo za kamen\u010di\u0107e za ure\u0111enje dvori\u0161ta - Origon EU","robots":{"index":"index","follow":"follow","max-snippet":"max-snippet:-1","max-image-preview":"max-image-preview:large","max-video-preview":"max-video-preview:-1"},"canonical":"https:\/\/origon-eu.com\/cro\/product\/solid-ground-ljepilo-za-kamencice-za-uredenje-dvorista\/","og_locale":"hr_HR","og_type":"article","og_title":"SOLID GROUND \u2013 Ljepilo za kamen\u010di\u0107e za ure\u0111enje dvori\u0161ta - Origon EU","og_description":"SOLID GROUND je koncentrirani agens koji osigurava sna\u017eno prianjanje i dugotrajnu stabilnost mal\u010da i kamen\u010di\u0107a, sprje\u010davaju\u0107i njihovo rasipanje i eroziju.     5L = Pokrivanje 15~18 m2    10L = Pokrivanje 30~36 m2    20L = Pokrivanje 60~66 m2","og_url":"https:\/\/origon-eu.com\/cro\/product\/solid-ground-ljepilo-za-kamencice-za-uredenje-dvorista\/","og_site_name":"Origon EU","article_modified_time":"2025-06-11T21:09:56+00:00","og_image":[{"width":990,"height":990,"url":"https:\/\/origon-eu.com\/cro\/wp-content\/uploads\/2025\/06\/sol2.webp","type":"image\/webp"}],"twitter_card":"summary_large_image","twitter_misc":{"Procijenjeno vrijeme \u010ditanja":"3 minute"},"schema":{"@context":"https:\/\/schema.org","@graph":[{"@type":"WebPage","@id":"https:\/\/origon-eu.com\/cro\/product\/solid-ground-ljepilo-za-kamencice-za-uredenje-dvorista\/","url":"https:\/\/origon-eu.com\/cro\/product\/solid-ground-ljepilo-za-kamencice-za-uredenje-dvorista\/","name":"SOLID GROUND \u2013 Ljepilo za kamen\u010di\u0107e za ure\u0111enje dvori\u0161ta - Origon EU","isPartOf":{"@id":"https:\/\/origon-eu.com\/cro\/#website"},"primaryImageOfPage":{"@id":"https:\/\/origon-eu.com\/cro\/product\/solid-ground-ljepilo-za-kamencice-za-uredenje-dvorista\/#primaryimage"},"image":{"@id":"https:\/\/origon-eu.com\/cro\/product\/solid-ground-ljepilo-za-kamencice-za-uredenje-dvorista\/#primaryimage"},"thumbnailUrl":"https:\/\/origon-eu.com\/cro\/wp-content\/uploads\/2025\/06\/sol2.webp","datePublished":"2025-06-11T20:51:20+00:00","dateModified":"2025-06-11T21:09:56+00:00","breadcrumb":{"@id":"https:\/\/origon-eu.com\/cro\/product\/solid-ground-ljepilo-za-kamencice-za-uredenje-dvorista\/#breadcrumb"},"inLanguage":"hr","potentialAction":[{"@type":"ReadAction","target":["https:\/\/origon-eu.com\/cro\/product\/solid-ground-ljepilo-za-kamencice-za-uredenje-dvorista\/"]}]},{"@type":"ImageObject","inLanguage":"hr","@id":"https:\/\/origon-eu.com\/cro\/product\/solid-ground-ljepilo-za-kamencice-za-uredenje-dvorista\/#primaryimage","url":"https:\/\/origon-eu.com\/cro\/wp-content\/uploads\/2025\/06\/sol2.webp","contentUrl":"https:\/\/origon-eu.com\/cro\/wp-content\/uploads\/2025\/06\/sol2.webp","width":990,"height":990},{"@type":"BreadcrumbList","@id":"https:\/\/origon-eu.com\/cro\/product\/solid-ground-ljepilo-za-kamencice-za-uredenje-dvorista\/#breadcrumb","itemListElement":[{"@type":"ListItem","position":1,"name":"Home","item":"https:\/\/origon-eu.com\/cro\/"},{"@type":"ListItem","position":2,"name":"Katalog","item":"https:\/\/origon-eu.com\/cro\/hr\/shop-2\/"},{"@type":"ListItem","position":3,"name":"SOLID GROUND \u2013 Ljepilo za kamen\u010di\u0107e za ure\u0111enje dvori\u0161ta"}]},{"@type":"WebSite","@id":"https:\/\/origon-eu.com\/cro\/#website","url":"https:\/\/origon-eu.com\/cro\/","name":"Origon EU","description":"Online Store","publisher":{"@id":"https:\/\/origon-eu.com\/cro\/#organization"},"potentialAction":[{"@type":"SearchAction","target":{"@type":"EntryPoint","urlTemplate":"https:\/\/origon-eu.com\/cro\/?s={search_term_string}"},"query-input":{"@type":"PropertyValueSpecification","valueRequired":true,"valueName":"search_term_string"}}],"inLanguage":"hr"},{"@type":"Organization","@id":"https:\/\/origon-eu.com\/cro\/#organization","name":"Origon EU","url":"https:\/\/origon-eu.com\/cro\/","logo":{"@type":"ImageObject","inLanguage":"hr","@id":"https:\/\/origon-eu.com\/cro\/#\/schema\/logo\/image\/","url":"https:\/\/origon-eu.com\/cro\/wp-content\/uploads\/2024\/04\/Screenshot-2024-04-09-101814.png","contentUrl":"https:\/\/origon-eu.com\/cro\/wp-content\/uploads\/2024\/04\/Screenshot-2024-04-09-101814.png","width":171,"height":59,"caption":"Origon EU"},"image":{"@id":"https:\/\/origon-eu.com\/cro\/#\/schema\/logo\/image\/"}}]}},"tiered_pricing_type":"fixed","tiered_pricing_fixed_rules":[],"tiered_pricing_percentage_rules":[],"tiered_pricing_minimum":1,"tiered_pricing_roles_data":[],"_links":{"self":[{"href":"https:\/\/origon-eu.com\/cro\/wp-json\/wp\/v2\/product\/65891","targetHints":{"allow":["GET"]}}],"collection":[{"href":"https:\/\/origon-eu.com\/cro\/wp-json\/wp\/v2\/product"}],"about":[{"href":"https:\/\/origon-eu.com\/cro\/wp-json\/wp\/v2\/types\/product"}],"version-history":[{"count":7,"href":"https:\/\/origon-eu.com\/cro\/wp-json\/wp\/v2\/product\/65891\/revisions"}],"predecessor-version":[{"id":65921,"href":"https:\/\/origon-eu.com\/cro\/wp-json\/wp\/v2\/product\/65891\/revisions\/65921"}],"wp:featuredmedia":[{"embeddable":true,"href":"https:\/\/origon-eu.com\/cro\/wp-json\/wp\/v2\/media\/65892"}],"wp:attachment":[{"href":"https:\/\/origon-eu.com\/cro\/wp-json\/wp\/v2\/media?parent=65891"}],"wp:term":[{"taxonomy":"product_brand","embeddable":true,"href":"https:\/\/origon-eu.com\/cro\/wp-json\/wp\/v2\/product_brand?post=65891"},{"taxonomy":"product_cat","embeddable":true,"href":"https:\/\/origon-eu.com\/cro\/wp-json\/wp\/v2\/product_cat?post=65891"},{"taxonomy":"product_tag","embeddable":true,"href":"https:\/\/origon-eu.com\/cro\/wp-json\/wp\/v2\/product_tag?post=65891"}],"curies":[{"name":"wp","href":"https:\/\/api.w.org\/{rel}","templated":true}]}}