{"id":65772,"date":"2025-05-26T13:25:35","date_gmt":"2025-05-26T11:25:35","guid":{"rendered":"https:\/\/origon-eu.com\/cro\/?post_type=product&#038;p=65772"},"modified":"2025-05-27T01:33:35","modified_gmt":"2025-05-26T23:33:35","slug":"grassking-akumulatorska-kosilica","status":"publish","type":"product","link":"https:\/\/origon-eu.com\/cro\/product\/grassking-akumulatorska-kosilica\/","title":{"rendered":"Akumulatorski Trimer s 2 Baterije"},"content":{"rendered":"<p style=\"text-align: center;\">S be\u017ei\u010dnom kosilicom GRASSKING\u2122, podru\u010dje oko va\u0161e ku\u0107e bit \u0107e urednije nego ikad prije!<\/p>\n<p style=\"text-align: center;\"><a href=\"https:\/\/origon-eu.com\/cro\/wp-content\/uploads\/2025\/05\/2.webp\"><img fetchpriority=\"high\" decoding=\"async\" class=\"alignnone size-full wp-image-65774\" src=\"https:\/\/origon-eu.com\/cro\/wp-content\/uploads\/2025\/05\/2.webp\" alt=\"\" width=\"600\" height=\"600\" srcset=\"https:\/\/origon-eu.com\/cro\/wp-content\/uploads\/2025\/05\/2.webp 600w, https:\/\/origon-eu.com\/cro\/wp-content\/uploads\/2025\/05\/2-300x300.webp 300w, https:\/\/origon-eu.com\/cro\/wp-content\/uploads\/2025\/05\/2-150x150.webp 150w\" sizes=\"(max-width: 600px) 100vw, 600px\" \/><\/a><\/p>\n<p style=\"text-align: center;\">\u2714 Visokokvalitetna be\u017ei\u010dna kosilica za travu<br \/>\n\u2714 Uklju\u010deni razni dodaci za uzgoj razli\u010ditih vrsta trave i korova te mladog grmlja<br \/>\n\u2714 Sna\u017ean motor s rotacijom do 18 000 okretaja u minuti<br \/>\n\u2714 Lagan i prakti\u010dan za no\u0161enje i kori\u0161tenje<br \/>\n\u2714 Podesiva duljina ru\u010dke<br \/>\n\u2714 Plasti\u010dni nastavci za ko\u0161nju trave, \u010deli\u010dni nastavci za rezanje tvr\u0111eg korova i grmlja<\/p>\n<p style=\"text-align: center;\"><a href=\"https:\/\/origon-eu.com\/cro\/wp-content\/uploads\/2025\/05\/3.webp\"><img decoding=\"async\" class=\"alignnone size-full wp-image-65775\" src=\"https:\/\/origon-eu.com\/cro\/wp-content\/uploads\/2025\/05\/3.webp\" alt=\"\" width=\"600\" height=\"600\" srcset=\"https:\/\/origon-eu.com\/cro\/wp-content\/uploads\/2025\/05\/3.webp 600w, https:\/\/origon-eu.com\/cro\/wp-content\/uploads\/2025\/05\/3-300x300.webp 300w, https:\/\/origon-eu.com\/cro\/wp-content\/uploads\/2025\/05\/3-150x150.webp 150w\" sizes=\"(max-width: 600px) 100vw, 600px\" \/><\/a><\/p>\n<p style=\"text-align: center;\"><a href=\"https:\/\/origon-eu.com\/cro\/wp-content\/uploads\/2025\/05\/4.webp\"><img decoding=\"async\" class=\"alignnone size-full wp-image-65776\" src=\"https:\/\/origon-eu.com\/cro\/wp-content\/uploads\/2025\/05\/4.webp\" alt=\"\" width=\"600\" height=\"600\" srcset=\"https:\/\/origon-eu.com\/cro\/wp-content\/uploads\/2025\/05\/4.webp 600w, https:\/\/origon-eu.com\/cro\/wp-content\/uploads\/2025\/05\/4-300x300.webp 300w, https:\/\/origon-eu.com\/cro\/wp-content\/uploads\/2025\/05\/4-150x150.webp 150w\" sizes=\"(max-width: 600px) 100vw, 600px\" \/><\/a><\/p>\n<p style=\"text-align: center;\"><a href=\"https:\/\/origon-eu.com\/cro\/wp-content\/uploads\/2025\/05\/5.webp\"><img loading=\"lazy\" decoding=\"async\" class=\"alignnone size-full wp-image-65777\" src=\"https:\/\/origon-eu.com\/cro\/wp-content\/uploads\/2025\/05\/5.webp\" alt=\"\" width=\"600\" height=\"600\" srcset=\"https:\/\/origon-eu.com\/cro\/wp-content\/uploads\/2025\/05\/5.webp 600w, https:\/\/origon-eu.com\/cro\/wp-content\/uploads\/2025\/05\/5-300x300.webp 300w, https:\/\/origon-eu.com\/cro\/wp-content\/uploads\/2025\/05\/5-150x150.webp 150w\" sizes=\"(max-width: 600px) 100vw, 600px\" \/><\/a><\/p>\n<p style=\"text-align: center;\"><a href=\"https:\/\/origon-eu.com\/cro\/wp-content\/uploads\/2025\/05\/6.webp\"><img loading=\"lazy\" decoding=\"async\" class=\"alignnone size-full wp-image-65778\" src=\"https:\/\/origon-eu.com\/cro\/wp-content\/uploads\/2025\/05\/6.webp\" alt=\"\" width=\"600\" height=\"600\" srcset=\"https:\/\/origon-eu.com\/cro\/wp-content\/uploads\/2025\/05\/6.webp 600w, https:\/\/origon-eu.com\/cro\/wp-content\/uploads\/2025\/05\/6-300x300.webp 300w, https:\/\/origon-eu.com\/cro\/wp-content\/uploads\/2025\/05\/6-150x150.webp 150w\" sizes=\"(max-width: 600px) 100vw, 600px\" \/><\/a><\/p>\n<p style=\"text-align: center;\">Tehni\u010dki podaci:<\/p>\n<p style=\"text-align: center;\">Boja: Zelena<\/p>\n<p style=\"text-align: center;\">Materijal: plastika, guma, nehr\u0111aju\u0107i \u010delik<\/p>\n<p style=\"text-align: center;\">Veli\u010dina: 86 x 16 x 10 cm<\/p>\n<p style=\"text-align: center;\">Napon: 12V<\/p>\n<p style=\"text-align: center;\">Maksimalna brzina istovara: 18000 o\/min<\/p>\n<p style=\"text-align: center;\">Uklju\u010deno: 1x kosilica za travu GRASSKING il, 2x baterija, 1x punja\u010d, \u200b\u200b5x plasti\u010dnih nastavaka, 2x metalna nastavka, 1x okrugli metalni nastavak<\/p>\n<p style=\"text-align: center;\">\u010cESTO POSTAVLJANA PITANJA<\/p>\n<p style=\"text-align: center;\">Koliko dugo traje baterija?<br \/>\nBaterija traje do 30 minuta.<\/p>\n<p style=\"text-align: center;\">Gdje mogu koristiti proizvod?<br \/>\nProizvod mo\u017eete koristiti za ure\u0111ivanje vrta, trave i korova.<\/p>\n<p style=\"text-align: center;\">Dobivam li jamstvo prilikom kupnje proizvoda?<br \/>\nNaravno, uz kupnju GRASSKING-a dobivate dvogodi\u0161nje jamstvo.<\/p>\n","protected":false},"excerpt":{"rendered":"<ul>\n<li style=\"text-align: left;\"><strong>Boja:<\/strong> Zelena<\/li>\n<li style=\"text-align: left;\"><strong>Materijal:<\/strong> plastika, guma, nehr\u0111aju\u0107i \u010delik<\/li>\n<li style=\"text-align: left;\"><strong>Veli\u010dina:<\/strong> 86 x 16 x 10 cm<\/li>\n<li style=\"text-align: left;\"><strong>Napon:<\/strong> 12V<\/li>\n<li style=\"text-align: left;\"><strong>Maksimalna brzina istovara:<\/strong> 18000 o\/min<\/li>\n<\/ul>\n","protected":false},"featured_media":65773,"template":"","meta":{"_acf_changed":false},"product_brand":[],"product_cat":[708],"product_tag":[],"class_list":{"0":"post-65772","1":"product","2":"type-product","3":"status-publish","4":"has-post-thumbnail","6":"product_cat-rasprodaja","8":"first","9":"instock","10":"sale","11":"shipping-taxable","12":"purchasable","13":"product-type-simple"},"acf":[],"yoast_head":"<!-- This site is optimized with the Yoast SEO plugin v24.2 - https:\/\/yoast.com\/wordpress\/plugins\/seo\/ -->\n<title>Akumulatorski Trimer s 2 Baterije - Origon EU<\/title>\n<meta name=\"robots\" content=\"index, follow, max-snippet:-1, max-image-preview:large, max-video-preview:-1\" \/>\n<link rel=\"canonical\" href=\"https:\/\/origon-eu.com\/cro\/product\/grassking-akumulatorska-kosilica\/\" \/>\n<meta property=\"og:locale\" content=\"hr_HR\" \/>\n<meta property=\"og:type\" content=\"article\" \/>\n<meta property=\"og:title\" content=\"Akumulatorski Trimer s 2 Baterije - Origon EU\" \/>\n<meta property=\"og:description\" content=\"Boja: Zelena  Materijal: plastika, guma, nehr\u0111aju\u0107i \u010delik  Veli\u010dina: 86 x 16 x 10 cm  Napon: 12V  Maksimalna brzina istovara: 18000 o\/min\" \/>\n<meta property=\"og:url\" content=\"https:\/\/origon-eu.com\/cro\/product\/grassking-akumulatorska-kosilica\/\" \/>\n<meta property=\"og:site_name\" content=\"Origon EU\" \/>\n<meta property=\"article:modified_time\" content=\"2025-05-26T23:33:35+00:00\" \/>\n<meta property=\"og:image\" content=\"https:\/\/origon-eu.com\/cro\/wp-content\/uploads\/2025\/05\/1.webp\" \/>\n\t<meta property=\"og:image:width\" content=\"600\" \/>\n\t<meta property=\"og:image:height\" content=\"600\" \/>\n\t<meta property=\"og:image:type\" content=\"image\/webp\" \/>\n<meta name=\"twitter:card\" content=\"summary_large_image\" \/>\n<meta name=\"twitter:label1\" content=\"Procijenjeno vrijeme \u010ditanja\" \/>\n\t<meta name=\"twitter:data1\" content=\"3 minute\" \/>\n<script type=\"application\/ld+json\" class=\"yoast-schema-graph\">{\"@context\":\"https:\/\/schema.org\",\"@graph\":[{\"@type\":\"WebPage\",\"@id\":\"https:\/\/origon-eu.com\/cro\/product\/grassking-akumulatorska-kosilica\/\",\"url\":\"https:\/\/origon-eu.com\/cro\/product\/grassking-akumulatorska-kosilica\/\",\"name\":\"Akumulatorski Trimer s 2 Baterije - Origon EU\",\"isPartOf\":{\"@id\":\"https:\/\/origon-eu.com\/cro\/#website\"},\"primaryImageOfPage\":{\"@id\":\"https:\/\/origon-eu.com\/cro\/product\/grassking-akumulatorska-kosilica\/#primaryimage\"},\"image\":{\"@id\":\"https:\/\/origon-eu.com\/cro\/product\/grassking-akumulatorska-kosilica\/#primaryimage\"},\"thumbnailUrl\":\"https:\/\/origon-eu.com\/cro\/wp-content\/uploads\/2025\/05\/1.webp\",\"datePublished\":\"2025-05-26T11:25:35+00:00\",\"dateModified\":\"2025-05-26T23:33:35+00:00\",\"breadcrumb\":{\"@id\":\"https:\/\/origon-eu.com\/cro\/product\/grassking-akumulatorska-kosilica\/#breadcrumb\"},\"inLanguage\":\"hr\",\"potentialAction\":[{\"@type\":\"ReadAction\",\"target\":[\"https:\/\/origon-eu.com\/cro\/product\/grassking-akumulatorska-kosilica\/\"]}]},{\"@type\":\"ImageObject\",\"inLanguage\":\"hr\",\"@id\":\"https:\/\/origon-eu.com\/cro\/product\/grassking-akumulatorska-kosilica\/#primaryimage\",\"url\":\"https:\/\/origon-eu.com\/cro\/wp-content\/uploads\/2025\/05\/1.webp\",\"contentUrl\":\"https:\/\/origon-eu.com\/cro\/wp-content\/uploads\/2025\/05\/1.webp\",\"width\":600,\"height\":600},{\"@type\":\"BreadcrumbList\",\"@id\":\"https:\/\/origon-eu.com\/cro\/product\/grassking-akumulatorska-kosilica\/#breadcrumb\",\"itemListElement\":[{\"@type\":\"ListItem\",\"position\":1,\"name\":\"Home\",\"item\":\"https:\/\/origon-eu.com\/cro\/\"},{\"@type\":\"ListItem\",\"position\":2,\"name\":\"Katalog\",\"item\":\"https:\/\/origon-eu.com\/cro\/hr\/shop-2\/\"},{\"@type\":\"ListItem\",\"position\":3,\"name\":\"Akumulatorski Trimer s 2 Baterije\"}]},{\"@type\":\"WebSite\",\"@id\":\"https:\/\/origon-eu.com\/cro\/#website\",\"url\":\"https:\/\/origon-eu.com\/cro\/\",\"name\":\"Origon EU\",\"description\":\"Online Store\",\"publisher\":{\"@id\":\"https:\/\/origon-eu.com\/cro\/#organization\"},\"potentialAction\":[{\"@type\":\"SearchAction\",\"target\":{\"@type\":\"EntryPoint\",\"urlTemplate\":\"https:\/\/origon-eu.com\/cro\/?s={search_term_string}\"},\"query-input\":{\"@type\":\"PropertyValueSpecification\",\"valueRequired\":true,\"valueName\":\"search_term_string\"}}],\"inLanguage\":\"hr\"},{\"@type\":\"Organization\",\"@id\":\"https:\/\/origon-eu.com\/cro\/#organization\",\"name\":\"Origon EU\",\"url\":\"https:\/\/origon-eu.com\/cro\/\",\"logo\":{\"@type\":\"ImageObject\",\"inLanguage\":\"hr\",\"@id\":\"https:\/\/origon-eu.com\/cro\/#\/schema\/logo\/image\/\",\"url\":\"https:\/\/origon-eu.com\/cro\/wp-content\/uploads\/2024\/04\/Screenshot-2024-04-09-101814.png\",\"contentUrl\":\"https:\/\/origon-eu.com\/cro\/wp-content\/uploads\/2024\/04\/Screenshot-2024-04-09-101814.png\",\"width\":171,\"height\":59,\"caption\":\"Origon EU\"},\"image\":{\"@id\":\"https:\/\/origon-eu.com\/cro\/#\/schema\/logo\/image\/\"}}]}<\/script>\n<!-- \/ Yoast SEO plugin. -->","yoast_head_json":{"title":"Akumulatorski Trimer s 2 Baterije - Origon EU","robots":{"index":"index","follow":"follow","max-snippet":"max-snippet:-1","max-image-preview":"max-image-preview:large","max-video-preview":"max-video-preview:-1"},"canonical":"https:\/\/origon-eu.com\/cro\/product\/grassking-akumulatorska-kosilica\/","og_locale":"hr_HR","og_type":"article","og_title":"Akumulatorski Trimer s 2 Baterije - Origon EU","og_description":"Boja: Zelena  Materijal: plastika, guma, nehr\u0111aju\u0107i \u010delik  Veli\u010dina: 86 x 16 x 10 cm  Napon: 12V  Maksimalna brzina istovara: 18000 o\/min","og_url":"https:\/\/origon-eu.com\/cro\/product\/grassking-akumulatorska-kosilica\/","og_site_name":"Origon EU","article_modified_time":"2025-05-26T23:33:35+00:00","og_image":[{"width":600,"height":600,"url":"https:\/\/origon-eu.com\/cro\/wp-content\/uploads\/2025\/05\/1.webp","type":"image\/webp"}],"twitter_card":"summary_large_image","twitter_misc":{"Procijenjeno vrijeme \u010ditanja":"3 minute"},"schema":{"@context":"https:\/\/schema.org","@graph":[{"@type":"WebPage","@id":"https:\/\/origon-eu.com\/cro\/product\/grassking-akumulatorska-kosilica\/","url":"https:\/\/origon-eu.com\/cro\/product\/grassking-akumulatorska-kosilica\/","name":"Akumulatorski Trimer s 2 Baterije - Origon EU","isPartOf":{"@id":"https:\/\/origon-eu.com\/cro\/#website"},"primaryImageOfPage":{"@id":"https:\/\/origon-eu.com\/cro\/product\/grassking-akumulatorska-kosilica\/#primaryimage"},"image":{"@id":"https:\/\/origon-eu.com\/cro\/product\/grassking-akumulatorska-kosilica\/#primaryimage"},"thumbnailUrl":"https:\/\/origon-eu.com\/cro\/wp-content\/uploads\/2025\/05\/1.webp","datePublished":"2025-05-26T11:25:35+00:00","dateModified":"2025-05-26T23:33:35+00:00","breadcrumb":{"@id":"https:\/\/origon-eu.com\/cro\/product\/grassking-akumulatorska-kosilica\/#breadcrumb"},"inLanguage":"hr","potentialAction":[{"@type":"ReadAction","target":["https:\/\/origon-eu.com\/cro\/product\/grassking-akumulatorska-kosilica\/"]}]},{"@type":"ImageObject","inLanguage":"hr","@id":"https:\/\/origon-eu.com\/cro\/product\/grassking-akumulatorska-kosilica\/#primaryimage","url":"https:\/\/origon-eu.com\/cro\/wp-content\/uploads\/2025\/05\/1.webp","contentUrl":"https:\/\/origon-eu.com\/cro\/wp-content\/uploads\/2025\/05\/1.webp","width":600,"height":600},{"@type":"BreadcrumbList","@id":"https:\/\/origon-eu.com\/cro\/product\/grassking-akumulatorska-kosilica\/#breadcrumb","itemListElement":[{"@type":"ListItem","position":1,"name":"Home","item":"https:\/\/origon-eu.com\/cro\/"},{"@type":"ListItem","position":2,"name":"Katalog","item":"https:\/\/origon-eu.com\/cro\/hr\/shop-2\/"},{"@type":"ListItem","position":3,"name":"Akumulatorski Trimer s 2 Baterije"}]},{"@type":"WebSite","@id":"https:\/\/origon-eu.com\/cro\/#website","url":"https:\/\/origon-eu.com\/cro\/","name":"Origon EU","description":"Online Store","publisher":{"@id":"https:\/\/origon-eu.com\/cro\/#organization"},"potentialAction":[{"@type":"SearchAction","target":{"@type":"EntryPoint","urlTemplate":"https:\/\/origon-eu.com\/cro\/?s={search_term_string}"},"query-input":{"@type":"PropertyValueSpecification","valueRequired":true,"valueName":"search_term_string"}}],"inLanguage":"hr"},{"@type":"Organization","@id":"https:\/\/origon-eu.com\/cro\/#organization","name":"Origon EU","url":"https:\/\/origon-eu.com\/cro\/","logo":{"@type":"ImageObject","inLanguage":"hr","@id":"https:\/\/origon-eu.com\/cro\/#\/schema\/logo\/image\/","url":"https:\/\/origon-eu.com\/cro\/wp-content\/uploads\/2024\/04\/Screenshot-2024-04-09-101814.png","contentUrl":"https:\/\/origon-eu.com\/cro\/wp-content\/uploads\/2024\/04\/Screenshot-2024-04-09-101814.png","width":171,"height":59,"caption":"Origon EU"},"image":{"@id":"https:\/\/origon-eu.com\/cro\/#\/schema\/logo\/image\/"}}]}},"tiered_pricing_type":"fixed","tiered_pricing_fixed_rules":[],"tiered_pricing_percentage_rules":[],"tiered_pricing_minimum":1,"tiered_pricing_roles_data":[],"_links":{"self":[{"href":"https:\/\/origon-eu.com\/cro\/wp-json\/wp\/v2\/product\/65772","targetHints":{"allow":["GET"]}}],"collection":[{"href":"https:\/\/origon-eu.com\/cro\/wp-json\/wp\/v2\/product"}],"about":[{"href":"https:\/\/origon-eu.com\/cro\/wp-json\/wp\/v2\/types\/product"}],"version-history":[{"count":4,"href":"https:\/\/origon-eu.com\/cro\/wp-json\/wp\/v2\/product\/65772\/revisions"}],"predecessor-version":[{"id":65785,"href":"https:\/\/origon-eu.com\/cro\/wp-json\/wp\/v2\/product\/65772\/revisions\/65785"}],"wp:featuredmedia":[{"embeddable":true,"href":"https:\/\/origon-eu.com\/cro\/wp-json\/wp\/v2\/media\/65773"}],"wp:attachment":[{"href":"https:\/\/origon-eu.com\/cro\/wp-json\/wp\/v2\/media?parent=65772"}],"wp:term":[{"taxonomy":"product_brand","embeddable":true,"href":"https:\/\/origon-eu.com\/cro\/wp-json\/wp\/v2\/product_brand?post=65772"},{"taxonomy":"product_cat","embeddable":true,"href":"https:\/\/origon-eu.com\/cro\/wp-json\/wp\/v2\/product_cat?post=65772"},{"taxonomy":"product_tag","embeddable":true,"href":"https:\/\/origon-eu.com\/cro\/wp-json\/wp\/v2\/product_tag?post=65772"}],"curies":[{"name":"wp","href":"https:\/\/api.w.org\/{rel}","templated":true}]}}