{"id":28660,"date":"2024-05-20T13:11:18","date_gmt":"2024-05-20T11:11:18","guid":{"rendered":"https:\/\/origon-eu.com\/product\/memory-anatomski-jastuk\/"},"modified":"2024-10-28T09:54:29","modified_gmt":"2024-10-28T07:54:29","slug":"memory-anatomski-jastuk","status":"publish","type":"product","link":"https:\/\/origon-eu.com\/bg\/product\/memory-anatomski-jastuk\/","title":{"rendered":"\u0410\u043d\u0430\u0442\u043e\u043c\u0438\u0447\u043d\u0430 \u0412\u044a\u0437\u0433\u043b\u0430\u0432\u043d\u0438\u0446\u0430 Memory"},"content":{"rendered":"","protected":false},"excerpt":{"rendered":"<ul>\n<li>Prilagodba tijelu<\/li>\n<li>Smanjenje pritiska<\/li>\n<li>Antialergijski materijal<\/li>\n<li>Jednostavno odr\u017eavanje<\/li>\n<li>Pobolj\u0161ano spavanje<\/li>\n<li>Prikladnost za razli\u010dite polo\u017eaje spavanja<\/li>\n<\/ul>\n","protected":false},"featured_media":25351,"template":"elementor_header_footer","meta":[],"product_cat":[261],"product_tag":[],"class_list":{"0":"post-28660","1":"product","2":"type-product","3":"status-publish","4":"has-post-thumbnail","6":"product_cat-261","8":"first","9":"outofstock","10":"sale","11":"shipping-taxable","12":"purchasable","13":"product-type-simple"},"yoast_head":"<!-- This site is optimized with the Yoast SEO plugin v24.2 - https:\/\/yoast.com\/wordpress\/plugins\/seo\/ -->\n<title>\u0410\u043d\u0430\u0442\u043e\u043c\u0438\u0447\u043d\u0430 \u0412\u044a\u0437\u0433\u043b\u0430\u0432\u043d\u0438\u0446\u0430 Memory - Origon EU<\/title>\n<meta name=\"robots\" content=\"index, follow, max-snippet:-1, max-image-preview:large, max-video-preview:-1\" \/>\n<link rel=\"canonical\" href=\"https:\/\/origon-eu.com\/product\/memory-anatomski-jastuk\/\" \/>\n<meta property=\"og:locale\" content=\"bg_BG\" \/>\n<meta property=\"og:type\" content=\"article\" \/>\n<meta property=\"og:title\" content=\"\u0410\u043d\u0430\u0442\u043e\u043c\u0438\u0447\u043d\u0430 \u0412\u044a\u0437\u0433\u043b\u0430\u0432\u043d\u0438\u0446\u0430 Memory - Origon EU\" \/>\n<meta property=\"og:description\" content=\"Prilagodba tijelu  Smanjenje pritiska  Antialergijski materijal  Jednostavno odr\u017eavanje  Pobolj\u0161ano spavanje  Prikladnost za razli\u010dite polo\u017eaje spavanja\" \/>\n<meta property=\"og:url\" content=\"https:\/\/origon-eu.com\/product\/memory-anatomski-jastuk\/\" \/>\n<meta property=\"og:site_name\" content=\"Origon EU\" \/>\n<meta property=\"article:modified_time\" content=\"2024-10-28T07:54:29+00:00\" \/>\n<meta property=\"og:image\" content=\"https:\/\/origon-eu.com\/wp-content\/uploads\/2024\/05\/3-5.webp\" \/>\n\t<meta property=\"og:image:width\" content=\"1500\" \/>\n\t<meta property=\"og:image:height\" content=\"1500\" \/>\n\t<meta property=\"og:image:type\" content=\"image\/webp\" \/>\n<meta name=\"twitter:card\" content=\"summary_large_image\" \/>\n<meta name=\"twitter:label1\" content=\"Est. reading time\" \/>\n\t<meta name=\"twitter:data1\" content=\"1 \u043c\u0438\u043d\u0443\u0442\u0430\" \/>\n<script type=\"application\/ld+json\" class=\"yoast-schema-graph\">{\"@context\":\"https:\/\/schema.org\",\"@graph\":[{\"@type\":\"WebPage\",\"@id\":\"https:\/\/origon-eu.com\/product\/memory-anatomski-jastuk\/\",\"url\":\"https:\/\/origon-eu.com\/product\/memory-anatomski-jastuk\/\",\"name\":\"\u0410\u043d\u0430\u0442\u043e\u043c\u0438\u0447\u043d\u0430 \u0412\u044a\u0437\u0433\u043b\u0430\u0432\u043d\u0438\u0446\u0430 Memory - Origon EU\",\"isPartOf\":{\"@id\":\"https:\/\/origon-eu.com\/#website\"},\"primaryImageOfPage\":{\"@id\":\"https:\/\/origon-eu.com\/product\/memory-anatomski-jastuk\/#primaryimage\"},\"image\":{\"@id\":\"https:\/\/origon-eu.com\/product\/memory-anatomski-jastuk\/#primaryimage\"},\"thumbnailUrl\":\"https:\/\/origon-eu.com\/wp-content\/uploads\/2024\/05\/3-5.webp\",\"datePublished\":\"2024-05-20T11:11:18+00:00\",\"dateModified\":\"2024-10-28T07:54:29+00:00\",\"breadcrumb\":{\"@id\":\"https:\/\/origon-eu.com\/product\/memory-anatomski-jastuk\/#breadcrumb\"},\"inLanguage\":\"bg-BG\",\"potentialAction\":[{\"@type\":\"ReadAction\",\"target\":[\"https:\/\/origon-eu.com\/product\/memory-anatomski-jastuk\/\"]}]},{\"@type\":\"ImageObject\",\"inLanguage\":\"bg-BG\",\"@id\":\"https:\/\/origon-eu.com\/product\/memory-anatomski-jastuk\/#primaryimage\",\"url\":\"https:\/\/origon-eu.com\/wp-content\/uploads\/2024\/05\/3-5.webp\",\"contentUrl\":\"https:\/\/origon-eu.com\/wp-content\/uploads\/2024\/05\/3-5.webp\",\"width\":1500,\"height\":1500},{\"@type\":\"BreadcrumbList\",\"@id\":\"https:\/\/origon-eu.com\/product\/memory-anatomski-jastuk\/#breadcrumb\",\"itemListElement\":[{\"@type\":\"ListItem\",\"position\":1,\"name\":\"Home\",\"item\":\"https:\/\/origon-eu.com\/\"},{\"@type\":\"ListItem\",\"position\":2,\"name\":\"Shop\",\"item\":\"https:\/\/origon-eu.com\/bg\/shop-2\/\"},{\"@type\":\"ListItem\",\"position\":3,\"name\":\"\u0410\u043d\u0430\u0442\u043e\u043c\u0438\u0447\u043d\u0430 \u0412\u044a\u0437\u0433\u043b\u0430\u0432\u043d\u0438\u0446\u0430 Memory\"}]},{\"@type\":\"WebSite\",\"@id\":\"https:\/\/origon-eu.com\/#website\",\"url\":\"https:\/\/origon-eu.com\/\",\"name\":\"Origon EU\",\"description\":\"Online Store\",\"publisher\":{\"@id\":\"https:\/\/origon-eu.com\/#organization\"},\"potentialAction\":[{\"@type\":\"SearchAction\",\"target\":{\"@type\":\"EntryPoint\",\"urlTemplate\":\"https:\/\/origon-eu.com\/?s={search_term_string}\"},\"query-input\":{\"@type\":\"PropertyValueSpecification\",\"valueRequired\":true,\"valueName\":\"search_term_string\"}}],\"inLanguage\":\"bg-BG\"},{\"@type\":\"Organization\",\"@id\":\"https:\/\/origon-eu.com\/#organization\",\"name\":\"Origon EU\",\"url\":\"https:\/\/origon-eu.com\/\",\"logo\":{\"@type\":\"ImageObject\",\"inLanguage\":\"bg-BG\",\"@id\":\"https:\/\/origon-eu.com\/#\/schema\/logo\/image\/\",\"url\":\"https:\/\/origon-eu.com\/wp-content\/uploads\/2024\/04\/Screenshot-2024-04-09-101814.png\",\"contentUrl\":\"https:\/\/origon-eu.com\/wp-content\/uploads\/2024\/04\/Screenshot-2024-04-09-101814.png\",\"width\":171,\"height\":59,\"caption\":\"Origon EU\"},\"image\":{\"@id\":\"https:\/\/origon-eu.com\/#\/schema\/logo\/image\/\"}}]}<\/script>\n<!-- \/ Yoast SEO plugin. -->","yoast_head_json":{"title":"\u0410\u043d\u0430\u0442\u043e\u043c\u0438\u0447\u043d\u0430 \u0412\u044a\u0437\u0433\u043b\u0430\u0432\u043d\u0438\u0446\u0430 Memory - Origon EU","robots":{"index":"index","follow":"follow","max-snippet":"max-snippet:-1","max-image-preview":"max-image-preview:large","max-video-preview":"max-video-preview:-1"},"canonical":"https:\/\/origon-eu.com\/product\/memory-anatomski-jastuk\/","og_locale":"bg_BG","og_type":"article","og_title":"\u0410\u043d\u0430\u0442\u043e\u043c\u0438\u0447\u043d\u0430 \u0412\u044a\u0437\u0433\u043b\u0430\u0432\u043d\u0438\u0446\u0430 Memory - Origon EU","og_description":"Prilagodba tijelu  Smanjenje pritiska  Antialergijski materijal  Jednostavno odr\u017eavanje  Pobolj\u0161ano spavanje  Prikladnost za razli\u010dite polo\u017eaje spavanja","og_url":"https:\/\/origon-eu.com\/product\/memory-anatomski-jastuk\/","og_site_name":"Origon EU","article_modified_time":"2024-10-28T07:54:29+00:00","og_image":[{"width":1500,"height":1500,"url":"https:\/\/origon-eu.com\/wp-content\/uploads\/2024\/05\/3-5.webp","type":"image\/webp"}],"twitter_card":"summary_large_image","twitter_misc":{"Est. reading time":"1 \u043c\u0438\u043d\u0443\u0442\u0430"},"schema":{"@context":"https:\/\/schema.org","@graph":[{"@type":"WebPage","@id":"https:\/\/origon-eu.com\/product\/memory-anatomski-jastuk\/","url":"https:\/\/origon-eu.com\/product\/memory-anatomski-jastuk\/","name":"\u0410\u043d\u0430\u0442\u043e\u043c\u0438\u0447\u043d\u0430 \u0412\u044a\u0437\u0433\u043b\u0430\u0432\u043d\u0438\u0446\u0430 Memory - Origon EU","isPartOf":{"@id":"https:\/\/origon-eu.com\/#website"},"primaryImageOfPage":{"@id":"https:\/\/origon-eu.com\/product\/memory-anatomski-jastuk\/#primaryimage"},"image":{"@id":"https:\/\/origon-eu.com\/product\/memory-anatomski-jastuk\/#primaryimage"},"thumbnailUrl":"https:\/\/origon-eu.com\/wp-content\/uploads\/2024\/05\/3-5.webp","datePublished":"2024-05-20T11:11:18+00:00","dateModified":"2024-10-28T07:54:29+00:00","breadcrumb":{"@id":"https:\/\/origon-eu.com\/product\/memory-anatomski-jastuk\/#breadcrumb"},"inLanguage":"bg-BG","potentialAction":[{"@type":"ReadAction","target":["https:\/\/origon-eu.com\/product\/memory-anatomski-jastuk\/"]}]},{"@type":"ImageObject","inLanguage":"bg-BG","@id":"https:\/\/origon-eu.com\/product\/memory-anatomski-jastuk\/#primaryimage","url":"https:\/\/origon-eu.com\/wp-content\/uploads\/2024\/05\/3-5.webp","contentUrl":"https:\/\/origon-eu.com\/wp-content\/uploads\/2024\/05\/3-5.webp","width":1500,"height":1500},{"@type":"BreadcrumbList","@id":"https:\/\/origon-eu.com\/product\/memory-anatomski-jastuk\/#breadcrumb","itemListElement":[{"@type":"ListItem","position":1,"name":"Home","item":"https:\/\/origon-eu.com\/"},{"@type":"ListItem","position":2,"name":"Shop","item":"https:\/\/origon-eu.com\/bg\/shop-2\/"},{"@type":"ListItem","position":3,"name":"\u0410\u043d\u0430\u0442\u043e\u043c\u0438\u0447\u043d\u0430 \u0412\u044a\u0437\u0433\u043b\u0430\u0432\u043d\u0438\u0446\u0430 Memory"}]},{"@type":"WebSite","@id":"https:\/\/origon-eu.com\/#website","url":"https:\/\/origon-eu.com\/","name":"Origon EU","description":"Online Store","publisher":{"@id":"https:\/\/origon-eu.com\/#organization"},"potentialAction":[{"@type":"SearchAction","target":{"@type":"EntryPoint","urlTemplate":"https:\/\/origon-eu.com\/?s={search_term_string}"},"query-input":{"@type":"PropertyValueSpecification","valueRequired":true,"valueName":"search_term_string"}}],"inLanguage":"bg-BG"},{"@type":"Organization","@id":"https:\/\/origon-eu.com\/#organization","name":"Origon EU","url":"https:\/\/origon-eu.com\/","logo":{"@type":"ImageObject","inLanguage":"bg-BG","@id":"https:\/\/origon-eu.com\/#\/schema\/logo\/image\/","url":"https:\/\/origon-eu.com\/wp-content\/uploads\/2024\/04\/Screenshot-2024-04-09-101814.png","contentUrl":"https:\/\/origon-eu.com\/wp-content\/uploads\/2024\/04\/Screenshot-2024-04-09-101814.png","width":171,"height":59,"caption":"Origon EU"},"image":{"@id":"https:\/\/origon-eu.com\/#\/schema\/logo\/image\/"}}]}},"tiered_pricing_type":"fixed","tiered_pricing_fixed_rules":{"2":"13.49","3":"12.99","4":"11.99"},"tiered_pricing_percentage_rules":{"2":"20","3":"30","4":"50"},"tiered_pricing_minimum":1,"tiered_pricing_roles_data":[],"_links":{"self":[{"href":"https:\/\/origon-eu.com\/bg\/wp-json\/wp\/v2\/product\/28660","targetHints":{"allow":["GET"]}}],"collection":[{"href":"https:\/\/origon-eu.com\/bg\/wp-json\/wp\/v2\/product"}],"about":[{"href":"https:\/\/origon-eu.com\/bg\/wp-json\/wp\/v2\/types\/product"}],"version-history":[{"count":2,"href":"https:\/\/origon-eu.com\/bg\/wp-json\/wp\/v2\/product\/28660\/revisions"}],"predecessor-version":[{"id":28663,"href":"https:\/\/origon-eu.com\/bg\/wp-json\/wp\/v2\/product\/28660\/revisions\/28663"}],"wp:featuredmedia":[{"embeddable":true,"href":"https:\/\/origon-eu.com\/bg\/wp-json\/wp\/v2\/media\/25351"}],"wp:attachment":[{"href":"https:\/\/origon-eu.com\/bg\/wp-json\/wp\/v2\/media?parent=28660"}],"wp:term":[{"taxonomy":"product_cat","embeddable":true,"href":"https:\/\/origon-eu.com\/bg\/wp-json\/wp\/v2\/product_cat?post=28660"},{"taxonomy":"product_tag","embeddable":true,"href":"https:\/\/origon-eu.com\/bg\/wp-json\/wp\/v2\/product_tag?post=28660"}],"curies":[{"name":"wp","href":"https:\/\/api.w.org\/{rel}","templated":true}]}}